{"id":937,"date":"2020-03-19T14:55:39","date_gmt":"2020-03-19T13:55:39","guid":{"rendered":"https:\/\/imagoalexandri.es\/?page_id=937"},"modified":"2022-03-19T17:47:52","modified_gmt":"2022-03-19T16:47:52","slug":"roma","status":"publish","type":"page","link":"https:\/\/imagoalexandri.es\/?page_id=937","title":{"rendered":"Roma"},"content":{"rendered":"\t\t<div data-elementor-type=\"wp-page\" data-elementor-id=\"937\" class=\"elementor elementor-937\">\n\t\t\t\t\t\t<section class=\"elementor-section elementor-top-section elementor-element elementor-element-c408053 elementor-section-boxed elementor-section-height-default elementor-section-height-default wpr-particle-no wpr-jarallax-no wpr-parallax-no wpr-sticky-section-no\" data-id=\"c408053\" data-element_type=\"section\" data-e-type=\"section\">\n\t\t\t\t\t\t<div class=\"elementor-container elementor-column-gap-default\">\n\t\t\t\t\t<div class=\"elementor-column elementor-col-100 elementor-top-column elementor-element elementor-element-ece2f35\" data-id=\"ece2f35\" data-element_type=\"column\" data-e-type=\"column\">\n\t\t\t<div class=\"elementor-widget-wrap elementor-element-populated\">\n\t\t\t\t\t\t<div class=\"elementor-element elementor-element-907f9f7 elementor-widget elementor-widget-text-editor\" data-id=\"907f9f7\" data-element_type=\"widget\" data-e-type=\"widget\" data-widget_type=\"text-editor.default\">\n\t\t\t\t<div class=\"elementor-widget-container\">\n\t\t\t\t\t\t\t\t\t<div id=\":3b.hw\" class=\"fkp8p\"><div id=\":1gj.mw\" class=\"tk TmwRj Sn GjkoZd\"><div id=\":1gj.ma\" class=\"Tn\"><div class=\"KL\"><div class=\"PD IF\"><div id=\":1gj.co\" class=\"JL\"><div id=\":1gn.ma\" class=\"Mu SP\" data-tooltip=\"19 de marzo de 2020, 20:01:09 UTC+1\"><p><span id=\":1gn.co\" class=\"tL8wMe EMoHub\" dir=\"ltr\">Roma hereda, recoge y readapta a lo largo del tiempo la imagen de Alejandro, llegando a apropiarse de su figura hasta el punto de considerarse su heredera.\u00a0Alejandro fue modelo a imitar por parte de las \u00e9lites del Mediterr\u00e1neo y\u00a0Roma no fue una excepci\u00f3n en ello.\u00a0\u00a0<\/span>Pero no ser\u00e1 hasta que Macedonia sea una provincia romana donde veremos su primer uso a nivel estatal con la emisi\u00f3n de Aesillas y destinada a la poblaci\u00f3n de la zona. Esta\u00a0pr\u00e1ctica que dentro de las emisiones numism\u00e1sticas se repetir\u00e1 en otros territorios donde la figura del Magno fue relevante.<\/p><\/div><\/div><\/div><\/div><\/div><\/div><\/div>\t\t\t\t\t\t\t\t<\/div>\n\t\t\t\t<\/div>\n\t\t\t\t\t<\/div>\n\t\t<\/div>\n\t\t\t\t\t<\/div>\n\t\t<\/section>\n\t\t\t\t<section class=\"elementor-section elementor-top-section elementor-element elementor-element-ecaae9e elementor-section-boxed elementor-section-height-default elementor-section-height-default wpr-particle-no wpr-jarallax-no wpr-parallax-no wpr-sticky-section-no\" data-id=\"ecaae9e\" data-element_type=\"section\" data-e-type=\"section\">\n\t\t\t\t\t\t<div class=\"elementor-container elementor-column-gap-default\">\n\t\t\t\t\t<div class=\"elementor-column elementor-col-100 elementor-top-column elementor-element elementor-element-61fa768\" data-id=\"61fa768\" data-element_type=\"column\" data-e-type=\"column\">\n\t\t\t<div class=\"elementor-widget-wrap elementor-element-populated\">\n\t\t\t\t\t\t<div class=\"elementor-element elementor-element-d32e4d8 elementor-widget elementor-widget-heading\" data-id=\"d32e4d8\" data-element_type=\"widget\" data-e-type=\"widget\" data-widget_type=\"heading.default\">\n\t\t\t\t<div class=\"elementor-widget-container\">\n\t\t\t\t\t<h2 class=\"elementor-heading-title elementor-size-default\">Cronolog\u00eda Datos B\u00e1sicos<\/h2>\t\t\t\t<\/div>\n\t\t\t\t<\/div>\n\t\t\t\t<div class=\"elementor-element elementor-element-779d1e3 elementor-widget elementor-widget-text-editor\" data-id=\"779d1e3\" data-element_type=\"widget\" data-e-type=\"widget\" data-widget_type=\"text-editor.default\">\n\t\t\t\t<div class=\"elementor-widget-container\">\n\t\t\t\t\t\t\t\t\t<p align=\"justify\">En lo que se refiere a la cronolog\u00eda hemos dividido las piezas en tres grandes apartados con sus propias divisiones internas para facilitar la b\u00fasqueda dentro del mismo: Rep\u00fablica, Imperio y piezas sin posibilidad de datar. El periodo de la Rep\u00fablica subdivide, a su vez, en dos apartados basados en la dataci\u00f3n de las piezas y que coinciden con momentos claves de cambio dentro del pensamiento romano que desemboc\u00f3 en el Imperio:\u00a0 fines del\u00a0 III-II a.C. con la llegada del filohelenismo en Roma de mano de los Escipiones, y el I a.C. en el que la crisis de la rep\u00fablica es cada vez mayor, y que derivara en el Imperio.<\/p><p align=\"justify\">Las piezas enclavadas dentro del Imperio las dividiremos seg\u00fan las dinast\u00edas, a pesar de existir per\u00edodos de crisis como el a\u00f1o 69 a.C., esto se hace as\u00ed para simplificar la organizaci\u00f3n y las b\u00fasquedas del mismo.<\/p><p align=\"justify\">A\u00fan as\u00ed tenemos una serie de obras que nos dan una serie de problemas a la hora de clasificarlas cronol\u00f3gicamente a pesar de tener una dataci\u00f3n. A continuaci\u00f3n, explicaremos los criterios que utilizamos para estas piezas:<\/p><p align=\"justify\">1. Las obras que se nos da una cronolog\u00eda ampl\u00eda las incluiremos dentro del apartado m\u00e1s cercano temporalmente, pero dentro del cat\u00e1logo facilitamos la dataci\u00f3n completa que tenemos para la pieza.<\/p><p align=\"justify\">2. Las piezas encontradas en Pompeya de las cuales no tengamos una dataci\u00f3n anterior, puesto que estaban en uso en el momento del desastre, utilizando por ello un criterio <em>post quem<\/em>.<\/p>\t\t\t\t\t\t\t\t<\/div>\n\t\t\t\t<\/div>\n\t\t\t\t\t<\/div>\n\t\t<\/div>\n\t\t\t\t\t<\/div>\n\t\t<\/section>\n\t\t\t\t<section class=\"elementor-section elementor-top-section elementor-element elementor-element-742cac1 elementor-section-boxed elementor-section-height-default elementor-section-height-default wpr-particle-no wpr-jarallax-no wpr-parallax-no wpr-sticky-section-no\" data-id=\"742cac1\" data-element_type=\"section\" data-e-type=\"section\">\n\t\t\t\t\t\t<div class=\"elementor-container elementor-column-gap-default\">\n\t\t\t\t\t<div class=\"elementor-column elementor-col-100 elementor-top-column elementor-element elementor-element-553d599\" data-id=\"553d599\" data-element_type=\"column\" data-e-type=\"column\">\n\t\t\t<div class=\"elementor-widget-wrap\">\n\t\t\t\t\t\t\t<\/div>\n\t\t<\/div>\n\t\t\t\t\t<\/div>\n\t\t<\/section>\n\t\t\t\t<\/div>\n\t\t","protected":false},"excerpt":{"rendered":"<p>Roma hereda, recoge y readapta a lo largo del tiempo la imagen de Alejandro, llegando a apropiarse de su figura hasta el punto de considerarse su heredera.\u00a0Alejandro fue modelo a imitar por parte de las \u00e9lites del Mediterr\u00e1neo y\u00a0Roma no fue una excepci\u00f3n en ello.\u00a0\u00a0Pero no ser\u00e1 hasta que Macedonia sea una provincia romana donde veremos su primer uso a nivel estatal con la emisi\u00f3n de Aesillas y destinada a la poblaci\u00f3n de la zona. Esta\u00a0pr\u00e1ctica que dentro de las emisiones numism\u00e1sticas se repetir\u00e1 en otros territorios donde la figura del Magno fue relevante. Cronolog\u00eda Datos B\u00e1sicos En lo que se refiere a la cronolog\u00eda hemos dividido las piezas en tres grandes apartados con sus propias divisiones internas para facilitar la b\u00fasqueda dentro del mismo: Rep\u00fablica, Imperio y piezas sin posibilidad de datar. El periodo de la Rep\u00fablica subdivide, a su vez, en dos apartados basados en la dataci\u00f3n de las piezas y que coinciden con momentos claves de cambio dentro del pensamiento romano que desemboc\u00f3 en el Imperio:\u00a0 fines del\u00a0 III-II a.C. con la llegada del filohelenismo en Roma de mano de los Escipiones, y el I a.C. en el que la crisis de la rep\u00fablica es cada vez mayor, y que derivara en el Imperio. Las piezas enclavadas dentro del Imperio las dividiremos seg\u00fan las dinast\u00edas, a pesar de existir per\u00edodos de crisis como el a\u00f1o 69 a.C., esto se hace as\u00ed para simplificar la organizaci\u00f3n y las b\u00fasquedas del mismo. A\u00fan as\u00ed tenemos una serie de obras que nos dan una serie de problemas a la hora de clasificarlas cronol\u00f3gicamente a pesar de tener una dataci\u00f3n. A continuaci\u00f3n, explicaremos los criterios que utilizamos para estas piezas: 1. Las obras que se nos da una cronolog\u00eda ampl\u00eda las incluiremos dentro del apartado m\u00e1s cercano temporalmente, pero dentro del cat\u00e1logo facilitamos la dataci\u00f3n completa que tenemos para la pieza. 2. Las piezas encontradas en Pompeya de las cuales no tengamos una dataci\u00f3n anterior, puesto que estaban en uso en el momento del desastre, utilizando por ello un criterio post quem. Rep\u00fablica III a.C.-II a.C.Rep\u00fablica Acceso al Cat\u00e1logo I a.C.Rep\u00fablica Acceso al Cat\u00e1logo Imperio Dinast\u00eda Julio-Claudia27 a.C.- 68 d.C. Acceso al Cat\u00e1logo<\/p>\n","protected":false},"author":2,"featured_media":0,"parent":0,"menu_order":0,"comment_status":"closed","ping_status":"closed","template":"","meta":{"footnotes":""},"class_list":["post-937","page","type-page","status-publish"],"_links":{"self":[{"href":"https:\/\/imagoalexandri.es\/index.php?rest_route=\/wp\/v2\/pages\/937","targetHints":{"allow":["GET"]}}],"collection":[{"href":"https:\/\/imagoalexandri.es\/index.php?rest_route=\/wp\/v2\/pages"}],"about":[{"href":"https:\/\/imagoalexandri.es\/index.php?rest_route=\/wp\/v2\/types\/page"}],"author":[{"embeddable":true,"href":"https:\/\/imagoalexandri.es\/index.php?rest_route=\/wp\/v2\/users\/2"}],"replies":[{"embeddable":true,"href":"https:\/\/imagoalexandri.es\/index.php?rest_route=%2Fwp%2Fv2%2Fcomments&post=937"}],"version-history":[{"count":0,"href":"https:\/\/imagoalexandri.es\/index.php?rest_route=\/wp\/v2\/pages\/937\/revisions"}],"wp:attachment":[{"href":"https:\/\/imagoalexandri.es\/index.php?rest_route=%2Fwp%2Fv2%2Fmedia&parent=937"}],"curies":[{"name":"wp","href":"https:\/\/api.w.org\/{rel}","templated":true}]}}