{"id":915,"date":"2020-03-15T14:05:40","date_gmt":"2020-03-15T13:05:40","guid":{"rendered":"https:\/\/imagoalexandri.es\/?page_id=915"},"modified":"2020-03-16T11:04:08","modified_gmt":"2020-03-16T10:04:08","slug":"consideraciones-previas-del-catalogo","status":"publish","type":"page","link":"https:\/\/imagoalexandri.es\/?page_id=915","title":{"rendered":"\u00bfC\u00f3mo funciona?"},"content":{"rendered":"<p align=\"justify\">Imago Alejandro es el resultado de la tesis <em><a href=\"https:\/\/dialnet.unirioja.es\/servlet\/tesis?codigo=53370\" target=\"_blank\" rel=\"noopener noreferrer\">La imagen de Alejandro en Roma: desde los Escipiones a los Severos<\/a>, <\/em>le\u00edda en\u00a0 enero de 2016. Puesto que vers\u00f3 sobre Roma, se catalogar\u00e1n primeramente las piezas que utilizamos sobre esta civilizaci\u00f3n. Nuestra intenci\u00f3n es completar la colecci\u00f3n con piezas de otras culturas y civilizaciones.<br \/>\nPara facilitar la lectura y la consulta de la informaci\u00f3n, el cat\u00e1logo se organiza de acuerdo a tres grandes \u00e1reas: civilizaci\u00f3n, cronolog\u00eda y tipolog\u00eda.<br \/>\nLa cronolog\u00eda se enmarcar\u00e1, en la medida de lo posible, dentro de marcos temporales que tengan entidad dentro de la civilizaci\u00f3n que tratamos. Cada pieza se catalogar\u00e1 de acuerdo a los datos que existen sobre ella teniendo en cuenta problem\u00e1ticas internas como pueden ser la falta de contexto arqueol\u00f3gico, informaci\u00f3n que se adjuntar\u00e1 en la ficha propia. Las obras que carecen de contexto arqueol\u00f3gico y que no se pueden datar tampoco por criterios estil\u00edsticos se agrupan en un apartado espec\u00edfico denominado Piezas sin dataci\u00f3n en cada una de las civilizaciones.<br \/>\nEn lo que se refiere al apartado de tipolog\u00eda, enmarcaremos las obras de acuerdo a cinco grandes grupos: escultura\/relieve, gl\u00edptica, vasos pl\u00e1sticos, numism\u00e1tica y pintura\/mosaicos. Cada una de estas categor\u00edas incluye diferentes subdivisiones internas que se pueden ver en las fichas de cada obra.<\/p>\n<p align=\"justify\">As\u00edmismo el cat\u00e1logo incluye un buscador interno que permite realizar b\u00fasquedas m\u00e1s espec\u00edficas.<\/p>\n","protected":false},"excerpt":{"rendered":"<p>Imago Alejandro es el resultado de la tesis La imagen de Alejandro en Roma: desde los Escipiones a los Severos, le\u00edda en\u00a0 enero de 2016. Puesto que vers\u00f3 sobre Roma, se catalogar\u00e1n primeramente las piezas que utilizamos sobre esta civilizaci\u00f3n. Nuestra intenci\u00f3n es completar la colecci\u00f3n con piezas de otras culturas y civilizaciones. Para facilitar la lectura y la consulta de la informaci\u00f3n, el cat\u00e1logo se organiza de acuerdo a tres grandes \u00e1reas: civilizaci\u00f3n, cronolog\u00eda y tipolog\u00eda. La cronolog\u00eda se enmarcar\u00e1, en la medida de lo posible, dentro de marcos temporales que tengan entidad dentro de la civilizaci\u00f3n que tratamos. Cada pieza se catalogar\u00e1 de acuerdo a los datos que existen sobre ella teniendo en cuenta problem\u00e1ticas internas como pueden ser la falta de contexto arqueol\u00f3gico, informaci\u00f3n que se adjuntar\u00e1 en la ficha propia. Las obras que carecen de contexto arqueol\u00f3gico y que no se pueden datar tampoco por criterios estil\u00edsticos se agrupan en un apartado espec\u00edfico denominado Piezas sin dataci\u00f3n en cada una de las civilizaciones. En lo que se refiere al apartado de tipolog\u00eda, enmarcaremos las obras de acuerdo a cinco grandes grupos: escultura\/relieve, gl\u00edptica, vasos pl\u00e1sticos, numism\u00e1tica y pintura\/mosaicos. Cada una de estas categor\u00edas incluye diferentes subdivisiones internas que se pueden ver en las fichas de cada obra. As\u00edmismo el cat\u00e1logo incluye un buscador interno que permite realizar b\u00fasquedas m\u00e1s espec\u00edficas.<\/p>\n","protected":false},"author":2,"featured_media":0,"parent":0,"menu_order":0,"comment_status":"closed","ping_status":"closed","template":"","meta":{"footnotes":""},"class_list":["post-915","page","type-page","status-publish"],"_links":{"self":[{"href":"https:\/\/imagoalexandri.es\/index.php?rest_route=\/wp\/v2\/pages\/915","targetHints":{"allow":["GET"]}}],"collection":[{"href":"https:\/\/imagoalexandri.es\/index.php?rest_route=\/wp\/v2\/pages"}],"about":[{"href":"https:\/\/imagoalexandri.es\/index.php?rest_route=\/wp\/v2\/types\/page"}],"author":[{"embeddable":true,"href":"https:\/\/imagoalexandri.es\/index.php?rest_route=\/wp\/v2\/users\/2"}],"replies":[{"embeddable":true,"href":"https:\/\/imagoalexandri.es\/index.php?rest_route=%2Fwp%2Fv2%2Fcomments&post=915"}],"version-history":[{"count":0,"href":"https:\/\/imagoalexandri.es\/index.php?rest_route=\/wp\/v2\/pages\/915\/revisions"}],"wp:attachment":[{"href":"https:\/\/imagoalexandri.es\/index.php?rest_route=%2Fwp%2Fv2%2Fmedia&parent=915"}],"curies":[{"name":"wp","href":"https:\/\/api.w.org\/{rel}","templated":true}]}}