{"id":790,"date":"2020-01-05T16:11:16","date_gmt":"2020-01-05T15:11:16","guid":{"rendered":"https:\/\/imagoalexandri.es\/?page_id=790"},"modified":"2020-03-19T18:33:08","modified_gmt":"2020-03-19T17:33:08","slug":"sello-del-hermitage-alejandro-cazando-un-jabali","status":"publish","type":"page","link":"https:\/\/imagoalexandri.es\/?page_id=790","title":{"rendered":"Sello del Hermitage Alejandro cazando un jabal\u00ed"},"content":{"rendered":"\t\t<div data-elementor-type=\"wp-page\" data-elementor-id=\"790\" class=\"elementor elementor-790\">\n\t\t\t\t\t\t<section class=\"elementor-section elementor-top-section elementor-element elementor-element-bd27223 elementor-section-boxed elementor-section-height-default elementor-section-height-default wpr-particle-no wpr-jarallax-no wpr-parallax-no wpr-sticky-section-no\" data-id=\"bd27223\" data-element_type=\"section\" data-e-type=\"section\">\n\t\t\t\t\t\t<div class=\"elementor-container elementor-column-gap-default\">\n\t\t\t\t\t<div class=\"elementor-column elementor-col-100 elementor-top-column elementor-element elementor-element-9d15394\" data-id=\"9d15394\" data-element_type=\"column\" data-e-type=\"column\">\n\t\t\t<div class=\"elementor-widget-wrap elementor-element-populated\">\n\t\t\t\t\t\t<div class=\"elementor-element elementor-element-185fd32 elementor-widget elementor-widget-image\" data-id=\"185fd32\" data-element_type=\"widget\" data-e-type=\"widget\" data-widget_type=\"image.default\">\n\t\t\t\t<div class=\"elementor-widget-container\">\n\t\t\t\t\t\t\t\t\t\t\t\t<figure class=\"wp-caption\">\n\t\t\t\t\t\t\t\t\t\t<img fetchpriority=\"high\" decoding=\"async\" width=\"768\" height=\"679\" src=\"https:\/\/imagoalexandri.es\/wp-content\/uploads\/2020\/01\/WOA_IMAGE_1-768x679.jpg\" class=\"attachment-medium_large size-medium_large wp-image-792\" alt=\"\" srcset=\"https:\/\/imagoalexandri.es\/wp-content\/uploads\/2020\/01\/WOA_IMAGE_1-768x679.jpg 768w, https:\/\/imagoalexandri.es\/wp-content\/uploads\/2020\/01\/WOA_IMAGE_1-300x265.jpg 300w, https:\/\/imagoalexandri.es\/wp-content\/uploads\/2020\/01\/WOA_IMAGE_1-1024x906.jpg 1024w, https:\/\/imagoalexandri.es\/wp-content\/uploads\/2020\/01\/WOA_IMAGE_1-1536x1358.jpg 1536w, https:\/\/imagoalexandri.es\/wp-content\/uploads\/2020\/01\/WOA_IMAGE_1.jpg 1920w\" sizes=\"(max-width: 768px) 100vw, 768px\" \/>\t\t\t\t\t\t\t\t\t\t\t<figcaption class=\"widget-image-caption wp-caption-text\">Fotograf\u00eda de la p\u00e1gina web del Hermitage<\/figcaption>\n\t\t\t\t\t\t\t\t\t\t<\/figure>\n\t\t\t\t\t\t\t\t\t<\/div>\n\t\t\t\t<\/div>\n\t\t\t\t\t<\/div>\n\t\t<\/div>\n\t\t\t\t\t<\/div>\n\t\t<\/section>\n\t\t\t\t<section class=\"elementor-section elementor-top-section elementor-element elementor-element-e78b06b elementor-section-boxed elementor-section-height-default elementor-section-height-default wpr-particle-no wpr-jarallax-no wpr-parallax-no wpr-sticky-section-no\" data-id=\"e78b06b\" data-element_type=\"section\" data-e-type=\"section\">\n\t\t\t\t\t\t<div class=\"elementor-container elementor-column-gap-default\">\n\t\t\t\t\t<div class=\"elementor-column elementor-col-100 elementor-top-column elementor-element elementor-element-a10e5ad\" data-id=\"a10e5ad\" data-element_type=\"column\" data-e-type=\"column\">\n\t\t\t<div class=\"elementor-widget-wrap elementor-element-populated\">\n\t\t\t\t\t\t<div class=\"elementor-element elementor-element-5626642 elementor-tabs-view-horizontal elementor-widget elementor-widget-tabs\" data-id=\"5626642\" data-element_type=\"widget\" data-e-type=\"widget\" data-widget_type=\"tabs.default\">\n\t\t\t\t<div class=\"elementor-widget-container\">\n\t\t\t\t\t\t\t<div class=\"elementor-tabs\">\n\t\t\t<div class=\"elementor-tabs-wrapper\" role=\"tablist\" >\n\t\t\t\t\t\t\t\t\t<div id=\"elementor-tab-title-9031\" class=\"elementor-tab-title elementor-tab-desktop-title\" aria-selected=\"true\" data-tab=\"1\" role=\"tab\" tabindex=\"0\" aria-controls=\"elementor-tab-content-9031\" aria-expanded=\"false\">Datos B\u00e1sicos<\/div>\n\t\t\t\t\t\t\t\t\t<div id=\"elementor-tab-title-9032\" class=\"elementor-tab-title elementor-tab-desktop-title\" aria-selected=\"false\" data-tab=\"2\" role=\"tab\" tabindex=\"-1\" aria-controls=\"elementor-tab-content-9032\" aria-expanded=\"false\">Bibliograf\u00eda e Informaci\u00f3n Web<\/div>\n\t\t\t\t\t\t\t\t\t<div id=\"elementor-tab-title-9033\" class=\"elementor-tab-title elementor-tab-desktop-title\" aria-selected=\"false\" data-tab=\"3\" role=\"tab\" tabindex=\"-1\" aria-controls=\"elementor-tab-content-9033\" aria-expanded=\"false\">Medidas<\/div>\n\t\t\t\t\t\t\t\t\t<div id=\"elementor-tab-title-9034\" class=\"elementor-tab-title elementor-tab-desktop-title\" aria-selected=\"false\" data-tab=\"4\" role=\"tab\" tabindex=\"-1\" aria-controls=\"elementor-tab-content-9034\" aria-expanded=\"false\">Cronolog\u00eda<\/div>\n\t\t\t\t\t\t\t<\/div>\n\t\t\t<div class=\"elementor-tabs-content-wrapper\" role=\"tablist\" aria-orientation=\"vertical\">\n\t\t\t\t\t\t\t\t\t<div class=\"elementor-tab-title elementor-tab-mobile-title\" aria-selected=\"true\" data-tab=\"1\" role=\"tab\" tabindex=\"0\" aria-controls=\"elementor-tab-content-9031\" aria-expanded=\"false\">Datos B\u00e1sicos<\/div>\n\t\t\t\t\t<div id=\"elementor-tab-content-9031\" class=\"elementor-tab-content elementor-clearfix\" data-tab=\"1\" role=\"tabpanel\" aria-labelledby=\"elementor-tab-title-9031\" tabindex=\"0\" hidden=\"false\"><p>Museo Actual:\u00a0 Hermitage<\/p><p>Inventario Museo:\u00a0<span style=\"color: #919191; font-family: KievitCyr-Regular; font-size: 18px;\">\u0413\u0420-12407<\/span><\/p><p>Material: Sardonice<\/p><\/div>\n\t\t\t\t\t\t\t\t\t<div class=\"elementor-tab-title elementor-tab-mobile-title\" aria-selected=\"false\" data-tab=\"2\" role=\"tab\" tabindex=\"-1\" aria-controls=\"elementor-tab-content-9032\" aria-expanded=\"false\">Bibliograf\u00eda e Informaci\u00f3n Web<\/div>\n\t\t\t\t\t<div id=\"elementor-tab-content-9032\" class=\"elementor-tab-content elementor-clearfix\" data-tab=\"2\" role=\"tabpanel\" aria-labelledby=\"elementor-tab-title-9032\" tabindex=\"0\" hidden=\"hidden\"><p>Informaci\u00f3n Web:\u00a0<a style=\"background-color: #ffffff;\" href=\"https:\/\/www.hermitagemuseum.org\/wps\/portal\/hermitage\/digital-collection\/18.%20carved%20stones\/1002258\/!ut\/p\/z1\/04_Sj9CPykssy0xPLMnMz0vMAfIjo8zi_R0dzQyNnQ28_J1NXQwc_YMCTIOc_dwNDE30w8EKDHAARwP9KGL041EQhd94L0IWAH1gVOTr7JuuH1WQWJKhm5mXlq8fYWihp5CcWFSWmqJQXJKfl1oMFDIwMDIytQC6KArNTE9vc6CZIaYe_v5hzkbOJlAFeFxVkBsaUeXjYZDpqKgIAPukQIY!\/dz\/d5\/L2dBISEvZ0FBIS9nQSEh\/?lng=es\" target=\"_blank\" rel=\"noopener\">P\u00e1gina del Museo<\/a><\/p><\/div>\n\t\t\t\t\t\t\t\t\t<div class=\"elementor-tab-title elementor-tab-mobile-title\" aria-selected=\"false\" data-tab=\"3\" role=\"tab\" tabindex=\"-1\" aria-controls=\"elementor-tab-content-9033\" aria-expanded=\"false\">Medidas<\/div>\n\t\t\t\t\t<div id=\"elementor-tab-content-9033\" class=\"elementor-tab-content elementor-clearfix\" data-tab=\"3\" role=\"tabpanel\" aria-labelledby=\"elementor-tab-title-9033\" tabindex=\"0\" hidden=\"hidden\"><p>Alto: 2 cm<\/p><p>Ancho: 2,22 cm<\/p><\/div>\n\t\t\t\t\t\t\t\t\t<div class=\"elementor-tab-title elementor-tab-mobile-title\" aria-selected=\"false\" data-tab=\"4\" role=\"tab\" tabindex=\"-1\" aria-controls=\"elementor-tab-content-9034\" aria-expanded=\"false\">Cronolog\u00eda<\/div>\n\t\t\t\t\t<div id=\"elementor-tab-content-9034\" class=\"elementor-tab-content elementor-clearfix\" data-tab=\"4\" role=\"tabpanel\" aria-labelledby=\"elementor-tab-title-9034\" tabindex=\"0\" hidden=\"hidden\"><p>Fecha:\u00a0I d.C.<\/p><p>Per\u00edodo: Imperio<\/p><p>\u00c9poca de la Pieza:\u00a0Dinast\u00eda Julio-Claudia<\/p><\/div>\n\t\t\t\t\t\t\t<\/div>\n\t\t<\/div>\n\t\t\t\t\t\t<\/div>\n\t\t\t\t<\/div>\n\t\t\t\t\t<\/div>\n\t\t<\/div>\n\t\t\t\t\t<\/div>\n\t\t<\/section>\n\t\t\t\t<section class=\"elementor-section elementor-top-section elementor-element elementor-element-e7cc38d elementor-section-boxed elementor-section-height-default elementor-section-height-default wpr-particle-no wpr-jarallax-no wpr-parallax-no wpr-sticky-section-no\" data-id=\"e7cc38d\" data-element_type=\"section\" data-e-type=\"section\">\n\t\t\t\t\t\t<div class=\"elementor-container elementor-column-gap-default\">\n\t\t\t\t\t<div class=\"elementor-column elementor-col-100 elementor-top-column elementor-element elementor-element-64ba4da\" data-id=\"64ba4da\" data-element_type=\"column\" data-e-type=\"column\">\n\t\t\t<div class=\"elementor-widget-wrap elementor-element-populated\">\n\t\t\t\t\t\t<div class=\"elementor-element elementor-element-47463d8 elementor-widget elementor-widget-text-editor\" data-id=\"47463d8\" data-element_type=\"widget\" data-e-type=\"widget\" data-widget_type=\"text-editor.default\">\n\t\t\t\t<div class=\"elementor-widget-container\">\n\t\t\t\t\t\t\t\t\t\n<p align=\"justify\">Camafeo con escena de caza. En esta pieza aparece representado un jinete que est\u00e1 clavando su lanza a un jabal\u00ed que se sit\u00faa debajo del caballo. El jinete aparece ataviado como la indumentaria asociada a la caballer\u00eda macedonia(<i>linothorax<\/i>, c<i>repis<\/i> y capa), que ya podemos ver en otras obras como los\u00a0<a href=\"https:\/\/imagoalexandri.es\/?page_id=292\">jinetes del Lanuvio<\/a>\u00a0,el <a href=\"https:\/\/imagoalexandri.es\/?page_id=418\">mosaico de Alejandro<\/a>\u00a0o el\u00a0<a href=\"https:\/\/imagoalexandri.es\/?page_id=733\" target=\"_blank\" rel=\"noopener\">jinete del British<\/a>. <\/p>\t\t\t\t\t\t\t\t<\/div>\n\t\t\t\t<\/div>\n\t\t\t\t<div class=\"elementor-element elementor-element-f9320b8 elementor-widget elementor-widget-image-gallery\" data-id=\"f9320b8\" data-element_type=\"widget\" data-e-type=\"widget\" data-widget_type=\"image-gallery.default\">\n\t\t\t\t<div class=\"elementor-widget-container\">\n\t\t\t\t\t\t\t<div class=\"elementor-image-gallery\">\n\t\t\t<div id='gallery-1' class='gallery galleryid-790 gallery-columns-3 gallery-size-medium'><figure class='gallery-item'>\n\t\t\t<div class='gallery-icon landscape'>\n\t\t\t\t<a data-elementor-open-lightbox=\"yes\" data-elementor-lightbox-slideshow=\"f9320b8\" data-elementor-lightbox-title=\"Detalle del mosaico de Alejandro Magno\" data-e-action-hash=\"#elementor-action%3Aaction%3Dlightbox%26settings%3DeyJpZCI6NDM3LCJ1cmwiOiJodHRwczpcL1wvaW1hZ29hbGV4YW5kcmkuZXNcL3dwLWNvbnRlbnRcL3VwbG9hZHNcLzIwMTlcLzExXC9BbGVqYW5kcm9fTWFnbm9fRmF1bm9fMDVNaWd1ZWwtSGVybW9zby1DdWVzdGEuanBnIiwic2xpZGVzaG93IjoiZjkzMjBiOCJ9\" href='https:\/\/imagoalexandri.es\/wp-content\/uploads\/2019\/11\/Alejandro_Magno_Fauno_05Miguel-Hermoso-Cuesta.jpg'><img decoding=\"async\" width=\"300\" height=\"200\" src=\"https:\/\/imagoalexandri.es\/wp-content\/uploads\/2019\/11\/Alejandro_Magno_Fauno_05Miguel-Hermoso-Cuesta-300x200.jpg\" class=\"attachment-medium size-medium\" alt=\"\" aria-describedby=\"gallery-1-437\" srcset=\"https:\/\/imagoalexandri.es\/wp-content\/uploads\/2019\/11\/Alejandro_Magno_Fauno_05Miguel-Hermoso-Cuesta-300x200.jpg 300w, https:\/\/imagoalexandri.es\/wp-content\/uploads\/2019\/11\/Alejandro_Magno_Fauno_05Miguel-Hermoso-Cuesta-768x512.jpg 768w, https:\/\/imagoalexandri.es\/wp-content\/uploads\/2019\/11\/Alejandro_Magno_Fauno_05Miguel-Hermoso-Cuesta-1024x683.jpg 1024w\" sizes=\"(max-width: 300px) 100vw, 300px\" \/><\/a>\n\t\t\t<\/div>\n\t\t\t\t<figcaption class='wp-caption-text gallery-caption' id='gallery-1-437'>\n\t\t\t\tFotograf\u00eda de Miguel Hermoso Cuesta\n\t\t\t\t<\/figcaption><\/figure><figure class='gallery-item'>\n\t\t\t<div class='gallery-icon landscape'>\n\t\t\t\t<a data-elementor-open-lightbox=\"yes\" data-elementor-lightbox-slideshow=\"f9320b8\" data-elementor-lightbox-title=\"jineteslanuviobritish\" data-e-action-hash=\"#elementor-action%3Aaction%3Dlightbox%26settings%3DeyJpZCI6MzI2LCJ1cmwiOiJodHRwczpcL1wvaW1hZ29hbGV4YW5kcmkuZXNcL3dwLWNvbnRlbnRcL3VwbG9hZHNcLzIwMTlcLzExXC9qaW5ldGVzbGFudXZpb2JyaXRpc2guanBnIiwic2xpZGVzaG93IjoiZjkzMjBiOCJ9\" href='https:\/\/imagoalexandri.es\/wp-content\/uploads\/2019\/11\/jineteslanuviobritish.jpg'><img decoding=\"async\" width=\"300\" height=\"211\" src=\"https:\/\/imagoalexandri.es\/wp-content\/uploads\/2019\/11\/jineteslanuviobritish-300x211.jpg\" class=\"attachment-medium size-medium\" alt=\"\" aria-describedby=\"gallery-1-326\" srcset=\"https:\/\/imagoalexandri.es\/wp-content\/uploads\/2019\/11\/jineteslanuviobritish-300x211.jpg 300w, https:\/\/imagoalexandri.es\/wp-content\/uploads\/2019\/11\/jineteslanuviobritish.jpg 750w\" sizes=\"(max-width: 300px) 100vw, 300px\" \/><\/a>\n\t\t\t<\/div>\n\t\t\t\t<figcaption class='wp-caption-text gallery-caption' id='gallery-1-326'>\n\t\t\t\tFotograf\u00eda de la p\u00e1gina web del British Museum\n\t\t\t\t<\/figcaption><\/figure><figure class='gallery-item'>\n\t\t\t<div class='gallery-icon portrait'>\n\t\t\t\t<a data-elementor-open-lightbox=\"yes\" data-elementor-lightbox-slideshow=\"f9320b8\" data-elementor-lightbox-title=\"Jinete del Britihs\" data-e-action-hash=\"#elementor-action%3Aaction%3Dlightbox%26settings%3DeyJpZCI6NzIzLCJ1cmwiOiJodHRwczpcL1wvaW1hZ29hbGV4YW5kcmkuZXNcL3dwLWNvbnRlbnRcL3VwbG9hZHNcLzIwMjBcLzAxXC9BTjAwNjcxMTUyXzAwMV9sLmpwZyIsInNsaWRlc2hvdyI6ImY5MzIwYjgifQ%3D%3D\" href='https:\/\/imagoalexandri.es\/wp-content\/uploads\/2020\/01\/AN00671152_001_l.jpg'><img loading=\"lazy\" decoding=\"async\" width=\"241\" height=\"300\" src=\"https:\/\/imagoalexandri.es\/wp-content\/uploads\/2020\/01\/AN00671152_001_l-241x300.jpg\" class=\"attachment-medium size-medium\" alt=\"\" aria-describedby=\"gallery-1-723\" srcset=\"https:\/\/imagoalexandri.es\/wp-content\/uploads\/2020\/01\/AN00671152_001_l-241x300.jpg 241w, https:\/\/imagoalexandri.es\/wp-content\/uploads\/2020\/01\/AN00671152_001_l.jpg 750w\" sizes=\"(max-width: 241px) 100vw, 241px\" \/><\/a>\n\t\t\t<\/div>\n\t\t\t\t<figcaption class='wp-caption-text gallery-caption' id='gallery-1-723'>\n\t\t\t\tFotograf\u00eda de la p\u00e1gina web del British Museum\n\t\t\t\t<\/figcaption><\/figure>\n\t\t<\/div>\n\t\t<\/div>\n\t\t\t\t\t\t<\/div>\n\t\t\t\t<\/div>\n\t\t\t\t\t<\/div>\n\t\t<\/div>\n\t\t\t\t\t<\/div>\n\t\t<\/section>\n\t\t\t\t<section class=\"elementor-section elementor-top-section elementor-element elementor-element-575f2d3 elementor-section-boxed elementor-section-height-default elementor-section-height-default wpr-particle-no wpr-jarallax-no wpr-parallax-no wpr-sticky-section-no\" data-id=\"575f2d3\" data-element_type=\"section\" data-e-type=\"section\">\n\t\t\t\t\t\t<div class=\"elementor-container elementor-column-gap-default\">\n\t\t\t\t\t<div class=\"elementor-column elementor-col-100 elementor-top-column elementor-element elementor-element-df83499\" data-id=\"df83499\" data-element_type=\"column\" data-e-type=\"column\">\n\t\t\t<div class=\"elementor-widget-wrap elementor-element-populated\">\n\t\t\t\t\t\t<div class=\"elementor-element elementor-element-7b79aec elementor-widget elementor-widget-text-editor\" data-id=\"7b79aec\" data-element_type=\"widget\" data-e-type=\"widget\" data-widget_type=\"text-editor.default\">\n\t\t\t\t<div class=\"elementor-widget-container\">\n\t\t\t\t\t\t\t\t\t\n<p align=\"justify\">La adjudicaci\u00f3n de la representaci\u00f3n al Magno, se debe a que el jinete es un hombre joven que lleva la diadema macedonia en la frente, s\u00edmbolo que nos muestra que estamos ante la figura del rey, si a esto le a\u00f1adimos el que porta el uniforme de caballer\u00eda, cuerpo en el que Alejandro combat\u00eda, hace factible la identificaci\u00f3n. <\/p>\t\t\t\t\t\t\t\t<\/div>\n\t\t\t\t<\/div>\n\t\t\t\t\t<\/div>\n\t\t<\/div>\n\t\t\t\t\t<\/div>\n\t\t<\/section>\n\t\t\t\t<\/div>\n\t\t","protected":false},"excerpt":{"rendered":"<p>Fotograf\u00eda de la p\u00e1gina web del Hermitage Datos B\u00e1sicos Bibliograf\u00eda e Informaci\u00f3n Web Medidas Cronolog\u00eda Datos B\u00e1sicos Museo Actual:\u00a0 Hermitage Inventario Museo:\u00a0\u0413\u0420-12407 Material: Sardonice Bibliograf\u00eda e Informaci\u00f3n Web Informaci\u00f3n Web:\u00a0P\u00e1gina del Museo Medidas Alto: 2 cm Ancho: 2,22 cm Cronolog\u00eda Fecha:\u00a0I d.C. Per\u00edodo: Imperio \u00c9poca de la Pieza:\u00a0Dinast\u00eda Julio-Claudia Camafeo con escena de caza. En esta pieza aparece representado un jinete que est\u00e1 clavando su lanza a un jabal\u00ed que se sit\u00faa debajo del caballo. El jinete aparece ataviado como la indumentaria asociada a la caballer\u00eda macedonia(linothorax, crepis y capa), que ya podemos ver en otras obras como los\u00a0jinetes del Lanuvio\u00a0,el mosaico de Alejandro\u00a0o el\u00a0jinete del British. Fotograf\u00eda de Miguel Hermoso Cuesta Fotograf\u00eda de la p\u00e1gina web del British Museum Fotograf\u00eda de la p\u00e1gina web del British Museum La adjudicaci\u00f3n de la representaci\u00f3n al Magno, se debe a que el jinete es un hombre joven que lleva la diadema macedonia en la frente, s\u00edmbolo que nos muestra que estamos ante la figura del rey, si a esto le a\u00f1adimos el que porta el uniforme de caballer\u00eda, cuerpo en el que Alejandro combat\u00eda, hace factible la identificaci\u00f3n.<\/p>\n","protected":false},"author":2,"featured_media":0,"parent":0,"menu_order":0,"comment_status":"closed","ping_status":"closed","template":"","meta":{"footnotes":""},"class_list":{"0":"post-790","1":"page","2":"type-page","3":"status-publish","5":"materiales-sardonice","6":"museo-hermitage","7":"periodo-dinastia-julio-claudia","8":"periodo-republica","9":"periodo-republica-siglo-i-a-c","10":"tipologia-gliptica"},"_links":{"self":[{"href":"https:\/\/imagoalexandri.es\/index.php?rest_route=\/wp\/v2\/pages\/790","targetHints":{"allow":["GET"]}}],"collection":[{"href":"https:\/\/imagoalexandri.es\/index.php?rest_route=\/wp\/v2\/pages"}],"about":[{"href":"https:\/\/imagoalexandri.es\/index.php?rest_route=\/wp\/v2\/types\/page"}],"author":[{"embeddable":true,"href":"https:\/\/imagoalexandri.es\/index.php?rest_route=\/wp\/v2\/users\/2"}],"replies":[{"embeddable":true,"href":"https:\/\/imagoalexandri.es\/index.php?rest_route=%2Fwp%2Fv2%2Fcomments&post=790"}],"version-history":[{"count":0,"href":"https:\/\/imagoalexandri.es\/index.php?rest_route=\/wp\/v2\/pages\/790\/revisions"}],"wp:attachment":[{"href":"https:\/\/imagoalexandri.es\/index.php?rest_route=%2Fwp%2Fv2%2Fmedia&parent=790"}],"curies":[{"name":"wp","href":"https:\/\/api.w.org\/{rel}","templated":true}]}}