{"id":733,"date":"2020-01-02T20:24:44","date_gmt":"2020-01-02T19:24:44","guid":{"rendered":"https:\/\/imagoalexandri.es\/?page_id=733"},"modified":"2020-03-19T18:17:42","modified_gmt":"2020-03-19T17:17:42","slug":"jinete-del-british","status":"publish","type":"page","link":"https:\/\/imagoalexandri.es\/?page_id=733","title":{"rendered":"Jinete del British"},"content":{"rendered":"\t\t<div data-elementor-type=\"wp-page\" data-elementor-id=\"733\" class=\"elementor elementor-733\">\n\t\t\t\t\t\t<section class=\"elementor-section elementor-top-section elementor-element elementor-element-bd27223 elementor-section-boxed elementor-section-height-default elementor-section-height-default wpr-particle-no wpr-jarallax-no wpr-parallax-no wpr-sticky-section-no\" data-id=\"bd27223\" data-element_type=\"section\" data-e-type=\"section\">\n\t\t\t\t\t\t<div class=\"elementor-container elementor-column-gap-default\">\n\t\t\t\t\t<div class=\"elementor-column elementor-col-100 elementor-top-column elementor-element elementor-element-9d15394\" data-id=\"9d15394\" data-element_type=\"column\" data-e-type=\"column\">\n\t\t\t<div class=\"elementor-widget-wrap elementor-element-populated\">\n\t\t\t\t\t\t<div class=\"elementor-element elementor-element-185fd32 elementor-widget elementor-widget-image\" data-id=\"185fd32\" data-element_type=\"widget\" data-e-type=\"widget\" data-widget_type=\"image.default\">\n\t\t\t\t<div class=\"elementor-widget-container\">\n\t\t\t\t\t\t\t\t\t\t\t\t<figure class=\"wp-caption\">\n\t\t\t\t\t\t\t\t\t\t<img fetchpriority=\"high\" decoding=\"async\" width=\"750\" height=\"935\" src=\"https:\/\/imagoalexandri.es\/wp-content\/uploads\/2020\/01\/AN00671152_001_l.jpg\" class=\"attachment-medium_large size-medium_large wp-image-723\" alt=\"\" srcset=\"https:\/\/imagoalexandri.es\/wp-content\/uploads\/2020\/01\/AN00671152_001_l.jpg 750w, https:\/\/imagoalexandri.es\/wp-content\/uploads\/2020\/01\/AN00671152_001_l-241x300.jpg 241w\" sizes=\"(max-width: 750px) 100vw, 750px\" \/>\t\t\t\t\t\t\t\t\t\t\t<figcaption class=\"widget-image-caption wp-caption-text\">Fotograf\u00eda de la p\u00e1gina web del British Museum<\/figcaption>\n\t\t\t\t\t\t\t\t\t\t<\/figure>\n\t\t\t\t\t\t\t\t\t<\/div>\n\t\t\t\t<\/div>\n\t\t\t\t\t<\/div>\n\t\t<\/div>\n\t\t\t\t\t<\/div>\n\t\t<\/section>\n\t\t\t\t<section class=\"elementor-section elementor-top-section elementor-element elementor-element-e78b06b elementor-section-boxed elementor-section-height-default elementor-section-height-default wpr-particle-no wpr-jarallax-no wpr-parallax-no wpr-sticky-section-no\" data-id=\"e78b06b\" data-element_type=\"section\" data-e-type=\"section\">\n\t\t\t\t\t\t<div class=\"elementor-container elementor-column-gap-default\">\n\t\t\t\t\t<div class=\"elementor-column elementor-col-100 elementor-top-column elementor-element elementor-element-a10e5ad\" data-id=\"a10e5ad\" data-element_type=\"column\" data-e-type=\"column\">\n\t\t\t<div class=\"elementor-widget-wrap elementor-element-populated\">\n\t\t\t\t\t\t<div class=\"elementor-element elementor-element-5626642 elementor-tabs-view-horizontal elementor-widget elementor-widget-tabs\" data-id=\"5626642\" data-element_type=\"widget\" data-e-type=\"widget\" data-widget_type=\"tabs.default\">\n\t\t\t\t<div class=\"elementor-widget-container\">\n\t\t\t\t\t\t\t<div class=\"elementor-tabs\">\n\t\t\t<div class=\"elementor-tabs-wrapper\" role=\"tablist\" >\n\t\t\t\t\t\t\t\t\t<div id=\"elementor-tab-title-9031\" class=\"elementor-tab-title elementor-tab-desktop-title\" aria-selected=\"true\" data-tab=\"1\" role=\"tab\" tabindex=\"0\" aria-controls=\"elementor-tab-content-9031\" aria-expanded=\"false\">Datos B\u00e1sicos<\/div>\n\t\t\t\t\t\t\t\t\t<div id=\"elementor-tab-title-9032\" class=\"elementor-tab-title elementor-tab-desktop-title\" aria-selected=\"false\" data-tab=\"2\" role=\"tab\" tabindex=\"-1\" aria-controls=\"elementor-tab-content-9032\" aria-expanded=\"false\">Bibliograf\u00eda e Informaci\u00f3n Web<\/div>\n\t\t\t\t\t\t\t\t\t<div id=\"elementor-tab-title-9033\" class=\"elementor-tab-title elementor-tab-desktop-title\" aria-selected=\"false\" data-tab=\"3\" role=\"tab\" tabindex=\"-1\" aria-controls=\"elementor-tab-content-9033\" aria-expanded=\"false\">Medidas<\/div>\n\t\t\t\t\t\t\t\t\t<div id=\"elementor-tab-title-9034\" class=\"elementor-tab-title elementor-tab-desktop-title\" aria-selected=\"false\" data-tab=\"4\" role=\"tab\" tabindex=\"-1\" aria-controls=\"elementor-tab-content-9034\" aria-expanded=\"false\">Cronolog\u00eda<\/div>\n\t\t\t\t\t\t\t<\/div>\n\t\t\t<div class=\"elementor-tabs-content-wrapper\" role=\"tablist\" aria-orientation=\"vertical\">\n\t\t\t\t\t\t\t\t\t<div class=\"elementor-tab-title elementor-tab-mobile-title\" aria-selected=\"true\" data-tab=\"1\" role=\"tab\" tabindex=\"0\" aria-controls=\"elementor-tab-content-9031\" aria-expanded=\"false\">Datos B\u00e1sicos<\/div>\n\t\t\t\t\t<div id=\"elementor-tab-content-9031\" class=\"elementor-tab-content elementor-clearfix\" data-tab=\"1\" role=\"tabpanel\" aria-labelledby=\"elementor-tab-title-9031\" tabindex=\"0\" hidden=\"false\"><p>Museo Actual: British Museum<\/p><p>Inventario Museo:1975,0205.1 (bronce 1618)<\/p><p>Material: Bronce<\/p><\/div>\n\t\t\t\t\t\t\t\t\t<div class=\"elementor-tab-title elementor-tab-mobile-title\" aria-selected=\"false\" data-tab=\"2\" role=\"tab\" tabindex=\"-1\" aria-controls=\"elementor-tab-content-9032\" aria-expanded=\"false\">Bibliograf\u00eda e Informaci\u00f3n Web<\/div>\n\t\t\t\t\t<div id=\"elementor-tab-content-9032\" class=\"elementor-tab-content elementor-clearfix\" data-tab=\"2\" role=\"tabpanel\" aria-labelledby=\"elementor-tab-title-9032\" tabindex=\"0\" hidden=\"hidden\"><p>Bibliograf\u00eda o Referencias:\u00a0\u00a0<\/p><div><p>WALTERS, H.B. (1899)\u00a0<em style=\"background-color: #ffffff;\"><a href=\"https:\/\/archive.org\/details\/catalogueofbronz00brit\/page\/262\">Catalogue of bronzes, Greek, Roman and Etruscan, in the Department of Greek and Roman Antiquities, British Museum<\/a><\/em>: 262 (bronce 1618).London<\/p><div>\u00a0<\/div><\/div><p>Informaci\u00f3n Web:\u00a0<span style=\"background-color: #ffffff;\"><a href=\"https:\/\/research.britishmuseum.org\/research\/collection_online\/collection_object_details.aspx?objectId=3126215&amp;partId=1&amp;searchText=Alexander+the+great&amp;page=30\">P\u00e1gina del Museo\u00a0<\/a><\/span><\/p><\/div>\n\t\t\t\t\t\t\t\t\t<div class=\"elementor-tab-title elementor-tab-mobile-title\" aria-selected=\"false\" data-tab=\"3\" role=\"tab\" tabindex=\"-1\" aria-controls=\"elementor-tab-content-9033\" aria-expanded=\"false\">Medidas<\/div>\n\t\t\t\t\t<div id=\"elementor-tab-content-9033\" class=\"elementor-tab-content elementor-clearfix\" data-tab=\"3\" role=\"tabpanel\" aria-labelledby=\"elementor-tab-title-9033\" tabindex=\"0\" hidden=\"hidden\"><p>Alto:\u00a0\u00a0\u00a05,2 cm\u00a0<\/p><p>\u00a0<\/p><\/div>\n\t\t\t\t\t\t\t\t\t<div class=\"elementor-tab-title elementor-tab-mobile-title\" aria-selected=\"false\" data-tab=\"4\" role=\"tab\" tabindex=\"-1\" aria-controls=\"elementor-tab-content-9034\" aria-expanded=\"false\">Cronolog\u00eda<\/div>\n\t\t\t\t\t<div id=\"elementor-tab-content-9034\" class=\"elementor-tab-content elementor-clearfix\" data-tab=\"4\" role=\"tabpanel\" aria-labelledby=\"elementor-tab-title-9034\" tabindex=\"0\" hidden=\"hidden\"><p>Fecha: 1-200 d.C.<\/p><p>Per\u00edodo: Imperio<\/p><p>\u00c9poca de la Pieza: Dinast\u00eda Julio-Claudia<\/p><\/div>\n\t\t\t\t\t\t\t<\/div>\n\t\t<\/div>\n\t\t\t\t\t\t<\/div>\n\t\t\t\t<\/div>\n\t\t\t\t<div class=\"elementor-element elementor-element-3952466 elementor-widget elementor-widget-text-editor\" data-id=\"3952466\" data-element_type=\"widget\" data-e-type=\"widget\" data-widget_type=\"text-editor.default\">\n\t\t\t\t<div class=\"elementor-widget-container\">\n\t\t\t\t\t\t\t\t\t\n<p align=\"justify\">Figura de bronce que representa a un jinete al que le faltar\u00eda el caballo sobre el que estar\u00eda montado. La pieza est\u00e1 en buen estado de conservaci\u00f3n, a excepci\u00f3n del rostro el cual esta deteriorado, por la posici\u00f3n de los brazos y las manos posiblemente portara una lanza que actualmente no existe.\n\nSe adjudica esta representaci\u00f3n al Magno por varios motivos: El jinete lleva un linothorax y las crepis, posiblemente portara una lanza por la posici\u00f3n de las manos, arma t\u00edpica de la caballer\u00eda macedonia que\u00a0 podemos observar representada tambi\u00e9n en el mosaico de Alejandro.<\/p>\t\t\t\t\t\t\t\t<\/div>\n\t\t\t\t<\/div>\n\t\t\t\t\t<\/div>\n\t\t<\/div>\n\t\t\t\t\t<\/div>\n\t\t<\/section>\n\t\t\t\t<section class=\"elementor-section elementor-top-section elementor-element elementor-element-8900872 elementor-section-boxed elementor-section-height-default elementor-section-height-default wpr-particle-no wpr-jarallax-no wpr-parallax-no wpr-sticky-section-no\" data-id=\"8900872\" data-element_type=\"section\" data-e-type=\"section\">\n\t\t\t\t\t\t<div class=\"elementor-container elementor-column-gap-default\">\n\t\t\t\t\t<div class=\"elementor-column elementor-col-100 elementor-top-column elementor-element elementor-element-230f6b1\" data-id=\"230f6b1\" data-element_type=\"column\" data-e-type=\"column\">\n\t\t\t<div class=\"elementor-widget-wrap elementor-element-populated\">\n\t\t\t\t\t\t<div class=\"elementor-element elementor-element-f1d2c52 elementor-widget elementor-widget-image\" data-id=\"f1d2c52\" data-element_type=\"widget\" data-e-type=\"widget\" data-widget_type=\"image.default\">\n\t\t\t\t<div class=\"elementor-widget-container\">\n\t\t\t\t\t\t\t\t\t\t\t\t<figure class=\"wp-caption\">\n\t\t\t\t\t\t\t\t\t\t<img decoding=\"async\" width=\"768\" height=\"512\" src=\"https:\/\/imagoalexandri.es\/wp-content\/uploads\/2019\/11\/Alejandro_Magno_Fauno_05Miguel-Hermoso-Cuesta-768x512.jpg\" class=\"attachment-medium_large size-medium_large wp-image-437\" alt=\"\" srcset=\"https:\/\/imagoalexandri.es\/wp-content\/uploads\/2019\/11\/Alejandro_Magno_Fauno_05Miguel-Hermoso-Cuesta-768x512.jpg 768w, https:\/\/imagoalexandri.es\/wp-content\/uploads\/2019\/11\/Alejandro_Magno_Fauno_05Miguel-Hermoso-Cuesta-300x200.jpg 300w, https:\/\/imagoalexandri.es\/wp-content\/uploads\/2019\/11\/Alejandro_Magno_Fauno_05Miguel-Hermoso-Cuesta-1024x683.jpg 1024w\" sizes=\"(max-width: 768px) 100vw, 768px\" \/>\t\t\t\t\t\t\t\t\t\t\t<figcaption class=\"widget-image-caption wp-caption-text\">Fotograf\u00eda de Miguel Hermoso Cuesta<\/figcaption>\n\t\t\t\t\t\t\t\t\t\t<\/figure>\n\t\t\t\t\t\t\t\t\t<\/div>\n\t\t\t\t<\/div>\n\t\t\t\t\t<\/div>\n\t\t<\/div>\n\t\t\t\t\t<\/div>\n\t\t<\/section>\n\t\t\t\t<section class=\"elementor-section elementor-top-section elementor-element elementor-element-cc0c534 elementor-section-boxed elementor-section-height-default elementor-section-height-default wpr-particle-no wpr-jarallax-no wpr-parallax-no wpr-sticky-section-no\" data-id=\"cc0c534\" data-element_type=\"section\" data-e-type=\"section\">\n\t\t\t\t\t\t<div class=\"elementor-container elementor-column-gap-default\">\n\t\t\t\t\t<div class=\"elementor-column elementor-col-100 elementor-top-column elementor-element elementor-element-ff33381\" data-id=\"ff33381\" data-element_type=\"column\" data-e-type=\"column\">\n\t\t\t<div class=\"elementor-widget-wrap elementor-element-populated\">\n\t\t\t\t\t\t<div class=\"elementor-element elementor-element-b35d150 elementor-widget elementor-widget-text-editor\" data-id=\"b35d150\" data-element_type=\"widget\" data-e-type=\"widget\" data-widget_type=\"text-editor.default\">\n\t\t\t\t<div class=\"elementor-widget-container\">\n\t\t\t\t\t\t\t\t\t\n<p align=\"justify\">Parece l\u00f3gico que si es la representaci\u00f3n de un \u00fanico jinete con estas caracter\u00edsticas, fuera una representaci\u00f3n de Alejandro puesto que en cierta medida la imagen del jinete termin\u00f3 siendo asociada al Magno, pero al llevar elementos tan t\u00edpicos de la caballer\u00eda maced\u00f3nica hace m\u00e1s viable esta identificaci\u00f3n. No es el \u00fanico bronce con esta tem\u00e1tica que encontramos asociado a su figura, ejemplo de ellos son los que aparecen en las siguientes fotograf\u00edas. El primero de ellos se encontr\u00f3 en Begram, antigua Alejandr\u00eda del Caucaso (Kabul, National Museum of Afghanistan) y la segunda en\u00a0Alexandretta, Turqu\u00eda ( British Museum). <\/p>\t\t\t\t\t\t\t\t<\/div>\n\t\t\t\t<\/div>\n\t\t\t\t\t<\/div>\n\t\t<\/div>\n\t\t\t\t\t<\/div>\n\t\t<\/section>\n\t\t\t\t<section class=\"elementor-section elementor-top-section elementor-element elementor-element-2112f86 elementor-section-boxed elementor-section-height-default elementor-section-height-default wpr-particle-no wpr-jarallax-no wpr-parallax-no wpr-sticky-section-no\" data-id=\"2112f86\" data-element_type=\"section\" data-e-type=\"section\">\n\t\t\t\t\t\t<div class=\"elementor-container elementor-column-gap-default\">\n\t\t\t\t\t<div class=\"elementor-column elementor-col-100 elementor-top-column elementor-element elementor-element-81d8038\" data-id=\"81d8038\" data-element_type=\"column\" data-e-type=\"column\">\n\t\t\t<div class=\"elementor-widget-wrap elementor-element-populated\">\n\t\t\t\t\t\t<div class=\"elementor-element elementor-element-1a1ded7 elementor-widget elementor-widget-image-gallery\" data-id=\"1a1ded7\" data-element_type=\"widget\" data-e-type=\"widget\" data-widget_type=\"image-gallery.default\">\n\t\t\t\t<div class=\"elementor-widget-container\">\n\t\t\t\t\t\t\t<div class=\"elementor-image-gallery\">\n\t\t\t<div id='gallery-1' class='gallery galleryid-733 gallery-columns-2 gallery-size-full'><figure class='gallery-item'>\n\t\t\t<div class='gallery-icon portrait'>\n\t\t\t\t<a data-elementor-open-lightbox=\"yes\" data-elementor-lightbox-slideshow=\"1a1ded7\" data-elementor-lightbox-title=\"begram_alexander\" data-e-action-hash=\"#elementor-action%3Aaction%3Dlightbox%26settings%3DeyJpZCI6NzM1LCJ1cmwiOiJodHRwczpcL1wvaW1hZ29hbGV4YW5kcmkuZXNcL3dwLWNvbnRlbnRcL3VwbG9hZHNcLzIwMjBcLzAxXC9iZWdyYW1fYWxleGFuZGVyLUZvdG9ncmFmXHUwMGVkYS1kZS1NYXJjby1Qcmlucy1wYXJhLWxpdml1cy5vcmdfQ0MwLTEwLVVuaXZlcnNhbC5qcGciLCJzbGlkZXNob3ciOiIxYTFkZWQ3In0%3D\" href='https:\/\/imagoalexandri.es\/wp-content\/uploads\/2020\/01\/begram_alexander-Fotograf\u00eda-de-Marco-Prins-para-livius.org_CC0-10-Universal.jpg'><img decoding=\"async\" width=\"468\" height=\"600\" src=\"https:\/\/imagoalexandri.es\/wp-content\/uploads\/2020\/01\/begram_alexander-Fotograf\u00eda-de-Marco-Prins-para-livius.org_CC0-10-Universal.jpg\" class=\"attachment-full size-full\" alt=\"\" aria-describedby=\"gallery-1-735\" srcset=\"https:\/\/imagoalexandri.es\/wp-content\/uploads\/2020\/01\/begram_alexander-Fotograf\u00eda-de-Marco-Prins-para-livius.org_CC0-10-Universal.jpg 468w, https:\/\/imagoalexandri.es\/wp-content\/uploads\/2020\/01\/begram_alexander-Fotograf\u00eda-de-Marco-Prins-para-livius.org_CC0-10-Universal-234x300.jpg 234w\" sizes=\"(max-width: 468px) 100vw, 468px\" \/><\/a>\n\t\t\t<\/div>\n\t\t\t\t<figcaption class='wp-caption-text gallery-caption' id='gallery-1-735'>\n\t\t\t\tFotograf\u00eda de Marco Prins para livius.org_CC0 1.0 Universal\n\t\t\t\t<\/figcaption><\/figure><figure class='gallery-item'>\n\t\t\t<div class='gallery-icon portrait'>\n\t\t\t\t<a data-elementor-open-lightbox=\"yes\" data-elementor-lightbox-slideshow=\"1a1ded7\" data-elementor-lightbox-title=\"Jinete de Alejandreta\" data-e-action-hash=\"#elementor-action%3Aaction%3Dlightbox%26settings%3DeyJpZCI6NzM2LCJ1cmwiOiJodHRwczpcL1wvaW1hZ29hbGV4YW5kcmkuZXNcL3dwLWNvbnRlbnRcL3VwbG9hZHNcLzIwMjBcLzAxXC9BTjAwMjU4NDE2XzAwMV9sLmpwZyIsInNsaWRlc2hvdyI6IjFhMWRlZDcifQ%3D%3D\" href='https:\/\/imagoalexandri.es\/wp-content\/uploads\/2020\/01\/AN00258416_001_l.jpg'><img loading=\"lazy\" decoding=\"async\" width=\"750\" height=\"855\" src=\"https:\/\/imagoalexandri.es\/wp-content\/uploads\/2020\/01\/AN00258416_001_l.jpg\" class=\"attachment-full size-full\" alt=\"\" aria-describedby=\"gallery-1-736\" srcset=\"https:\/\/imagoalexandri.es\/wp-content\/uploads\/2020\/01\/AN00258416_001_l.jpg 750w, https:\/\/imagoalexandri.es\/wp-content\/uploads\/2020\/01\/AN00258416_001_l-263x300.jpg 263w\" sizes=\"(max-width: 750px) 100vw, 750px\" \/><\/a>\n\t\t\t<\/div>\n\t\t\t\t<figcaption class='wp-caption-text gallery-caption' id='gallery-1-736'>\n\t\t\t\tFotograf\u00eda de la p\u00e1gina web del British Museum\n\t\t\t\t<\/figcaption><\/figure>\n\t\t<\/div>\n\t\t<\/div>\n\t\t\t\t\t\t<\/div>\n\t\t\t\t<\/div>\n\t\t\t\t\t<\/div>\n\t\t<\/div>\n\t\t\t\t\t<\/div>\n\t\t<\/section>\n\t\t\t\t<\/div>\n\t\t","protected":false},"excerpt":{"rendered":"<p>Fotograf\u00eda de la p\u00e1gina web del British Museum Datos B\u00e1sicos Bibliograf\u00eda e Informaci\u00f3n Web Medidas Cronolog\u00eda Datos B\u00e1sicos Museo Actual: British Museum Inventario Museo:1975,0205.1 (bronce 1618) Material: Bronce Bibliograf\u00eda e Informaci\u00f3n Web Bibliograf\u00eda o Referencias:\u00a0\u00a0 WALTERS, H.B. (1899)\u00a0Catalogue of bronzes, Greek, Roman and Etruscan, in the Department of Greek and Roman Antiquities, British Museum: 262 (bronce 1618).London \u00a0 Informaci\u00f3n Web:\u00a0P\u00e1gina del Museo\u00a0 Medidas Alto:\u00a0\u00a0\u00a05,2 cm\u00a0 \u00a0 Cronolog\u00eda Fecha: 1-200 d.C. Per\u00edodo: Imperio \u00c9poca de la Pieza: Dinast\u00eda Julio-Claudia Figura de bronce que representa a un jinete al que le faltar\u00eda el caballo sobre el que estar\u00eda montado. La pieza est\u00e1 en buen estado de conservaci\u00f3n, a excepci\u00f3n del rostro el cual esta deteriorado, por la posici\u00f3n de los brazos y las manos posiblemente portara una lanza que actualmente no existe. Se adjudica esta representaci\u00f3n al Magno por varios motivos: El jinete lleva un linothorax y las crepis, posiblemente portara una lanza por la posici\u00f3n de las manos, arma t\u00edpica de la caballer\u00eda macedonia que\u00a0 podemos observar representada tambi\u00e9n en el mosaico de Alejandro. Fotograf\u00eda de Miguel Hermoso Cuesta Parece l\u00f3gico que si es la representaci\u00f3n de un \u00fanico jinete con estas caracter\u00edsticas, fuera una representaci\u00f3n de Alejandro puesto que en cierta medida la imagen del jinete termin\u00f3 siendo asociada al Magno, pero al llevar elementos tan t\u00edpicos de la caballer\u00eda maced\u00f3nica hace m\u00e1s viable esta identificaci\u00f3n. No es el \u00fanico bronce con esta tem\u00e1tica que encontramos asociado a su figura, ejemplo de ellos son los que aparecen en las siguientes fotograf\u00edas. El primero de ellos se encontr\u00f3 en Begram, antigua Alejandr\u00eda del Caucaso (Kabul, National Museum of Afghanistan) y la segunda en\u00a0Alexandretta, Turqu\u00eda ( British Museum). Fotograf\u00eda de Marco Prins para livius.org_CC0 1.0 Universal Fotograf\u00eda de la p\u00e1gina web del British Museum<\/p>\n","protected":false},"author":2,"featured_media":0,"parent":0,"menu_order":0,"comment_status":"closed","ping_status":"closed","template":"","meta":{"footnotes":""},"class_list":{"0":"post-733","1":"page","2":"type-page","3":"status-publish","5":"materiales-bronce","6":"museo-british-museum","7":"museo-louvre","8":"periodo-dinastia-julio-claudia","9":"periodo-imperio","10":"tipologia-escultura-relieve","11":"tipologia-toreutica"},"_links":{"self":[{"href":"https:\/\/imagoalexandri.es\/index.php?rest_route=\/wp\/v2\/pages\/733","targetHints":{"allow":["GET"]}}],"collection":[{"href":"https:\/\/imagoalexandri.es\/index.php?rest_route=\/wp\/v2\/pages"}],"about":[{"href":"https:\/\/imagoalexandri.es\/index.php?rest_route=\/wp\/v2\/types\/page"}],"author":[{"embeddable":true,"href":"https:\/\/imagoalexandri.es\/index.php?rest_route=\/wp\/v2\/users\/2"}],"replies":[{"embeddable":true,"href":"https:\/\/imagoalexandri.es\/index.php?rest_route=%2Fwp%2Fv2%2Fcomments&post=733"}],"version-history":[{"count":0,"href":"https:\/\/imagoalexandri.es\/index.php?rest_route=\/wp\/v2\/pages\/733\/revisions"}],"wp:attachment":[{"href":"https:\/\/imagoalexandri.es\/index.php?rest_route=%2Fwp%2Fv2%2Fmedia&parent=733"}],"curies":[{"name":"wp","href":"https:\/\/api.w.org\/{rel}","templated":true}]}}