{"id":681,"date":"2020-01-01T14:36:04","date_gmt":"2020-01-01T13:36:04","guid":{"rendered":"https:\/\/imagoalexandri.es\/?page_id=681"},"modified":"2020-08-23T18:11:26","modified_gmt":"2020-08-23T16:11:26","slug":"alejandro-del-brooklyn-museum","status":"publish","type":"page","link":"https:\/\/imagoalexandri.es\/?page_id=681","title":{"rendered":"Alejandro del Brooklyn Museum"},"content":{"rendered":"\t\t<div data-elementor-type=\"wp-page\" data-elementor-id=\"681\" class=\"elementor elementor-681\">\n\t\t\t\t\t\t<section class=\"elementor-section elementor-top-section elementor-element elementor-element-bd27223 elementor-section-boxed elementor-section-height-default elementor-section-height-default wpr-particle-no wpr-jarallax-no wpr-parallax-no wpr-sticky-section-no\" data-id=\"bd27223\" data-element_type=\"section\" data-e-type=\"section\">\n\t\t\t\t\t\t<div class=\"elementor-container elementor-column-gap-default\">\n\t\t\t\t\t<div class=\"elementor-column elementor-col-100 elementor-top-column elementor-element elementor-element-9d15394\" data-id=\"9d15394\" data-element_type=\"column\" data-e-type=\"column\">\n\t\t\t<div class=\"elementor-widget-wrap elementor-element-populated\">\n\t\t\t\t\t\t<div class=\"elementor-element elementor-element-185fd32 elementor-widget elementor-widget-image\" data-id=\"185fd32\" data-element_type=\"widget\" data-e-type=\"widget\" data-widget_type=\"image.default\">\n\t\t\t\t<div class=\"elementor-widget-container\">\n\t\t\t\t\t\t\t\t\t\t\t\t<figure class=\"wp-caption\">\n\t\t\t\t\t\t\t\t\t\t<img fetchpriority=\"high\" decoding=\"async\" width=\"768\" height=\"962\" src=\"https:\/\/imagoalexandri.es\/wp-content\/uploads\/2020\/01\/54.162_edited_Gavin_Ashworth_photograph-768x962.jpg\" class=\"attachment-medium_large size-medium_large wp-image-678\" alt=\"\" srcset=\"https:\/\/imagoalexandri.es\/wp-content\/uploads\/2020\/01\/54.162_edited_Gavin_Ashworth_photograph-768x962.jpg 768w, https:\/\/imagoalexandri.es\/wp-content\/uploads\/2020\/01\/54.162_edited_Gavin_Ashworth_photograph-239x300.jpg 239w, https:\/\/imagoalexandri.es\/wp-content\/uploads\/2020\/01\/54.162_edited_Gavin_Ashworth_photograph-817x1024.jpg 817w, https:\/\/imagoalexandri.es\/wp-content\/uploads\/2020\/01\/54.162_edited_Gavin_Ashworth_photograph.jpg 1226w\" sizes=\"(max-width: 768px) 100vw, 768px\" \/>\t\t\t\t\t\t\t\t\t\t\t<figcaption class=\"widget-image-caption wp-caption-text\">Fotograf\u00eda de Brooklyn Museum (Gavin Ashworth,er)<\/figcaption>\n\t\t\t\t\t\t\t\t\t\t<\/figure>\n\t\t\t\t\t\t\t\t\t<\/div>\n\t\t\t\t<\/div>\n\t\t\t\t\t<\/div>\n\t\t<\/div>\n\t\t\t\t\t<\/div>\n\t\t<\/section>\n\t\t\t\t<section class=\"elementor-section elementor-top-section elementor-element elementor-element-e78b06b elementor-section-boxed elementor-section-height-default elementor-section-height-default wpr-particle-no wpr-jarallax-no wpr-parallax-no wpr-sticky-section-no\" data-id=\"e78b06b\" data-element_type=\"section\" data-e-type=\"section\">\n\t\t\t\t\t\t<div class=\"elementor-container elementor-column-gap-default\">\n\t\t\t\t\t<div class=\"elementor-column elementor-col-100 elementor-top-column elementor-element elementor-element-a10e5ad\" data-id=\"a10e5ad\" data-element_type=\"column\" data-e-type=\"column\">\n\t\t\t<div class=\"elementor-widget-wrap elementor-element-populated\">\n\t\t\t\t\t\t<div class=\"elementor-element elementor-element-5626642 elementor-tabs-view-horizontal elementor-widget elementor-widget-tabs\" data-id=\"5626642\" data-element_type=\"widget\" data-e-type=\"widget\" data-widget_type=\"tabs.default\">\n\t\t\t\t<div class=\"elementor-widget-container\">\n\t\t\t\t\t\t\t<div class=\"elementor-tabs\">\n\t\t\t<div class=\"elementor-tabs-wrapper\" role=\"tablist\" >\n\t\t\t\t\t\t\t\t\t<div id=\"elementor-tab-title-9031\" class=\"elementor-tab-title elementor-tab-desktop-title\" aria-selected=\"true\" data-tab=\"1\" role=\"tab\" tabindex=\"0\" aria-controls=\"elementor-tab-content-9031\" aria-expanded=\"false\">Datos B\u00e1sicos<\/div>\n\t\t\t\t\t\t\t\t\t<div id=\"elementor-tab-title-9032\" class=\"elementor-tab-title elementor-tab-desktop-title\" aria-selected=\"false\" data-tab=\"2\" role=\"tab\" tabindex=\"-1\" aria-controls=\"elementor-tab-content-9032\" aria-expanded=\"false\">Bibliograf\u00eda e Informaci\u00f3n Web<\/div>\n\t\t\t\t\t\t\t\t\t<div id=\"elementor-tab-title-9033\" class=\"elementor-tab-title elementor-tab-desktop-title\" aria-selected=\"false\" data-tab=\"3\" role=\"tab\" tabindex=\"-1\" aria-controls=\"elementor-tab-content-9033\" aria-expanded=\"false\">Medidas<\/div>\n\t\t\t\t\t\t\t\t\t<div id=\"elementor-tab-title-9034\" class=\"elementor-tab-title elementor-tab-desktop-title\" aria-selected=\"false\" data-tab=\"4\" role=\"tab\" tabindex=\"-1\" aria-controls=\"elementor-tab-content-9034\" aria-expanded=\"false\">Cronolog\u00eda<\/div>\n\t\t\t\t\t\t\t<\/div>\n\t\t\t<div class=\"elementor-tabs-content-wrapper\" role=\"tablist\" aria-orientation=\"vertical\">\n\t\t\t\t\t\t\t\t\t<div class=\"elementor-tab-title elementor-tab-mobile-title\" aria-selected=\"true\" data-tab=\"1\" role=\"tab\" tabindex=\"0\" aria-controls=\"elementor-tab-content-9031\" aria-expanded=\"false\">Datos B\u00e1sicos<\/div>\n\t\t\t\t\t<div id=\"elementor-tab-content-9031\" class=\"elementor-tab-content elementor-clearfix\" data-tab=\"1\" role=\"tabpanel\" aria-labelledby=\"elementor-tab-title-9031\" tabindex=\"0\" hidden=\"false\"><p>Museo Actual: Brooklim Museum<\/p><p>Inventario Museo: \u00a054.162<\/p><p>Material: Alabastro<\/p><\/div>\n\t\t\t\t\t\t\t\t\t<div class=\"elementor-tab-title elementor-tab-mobile-title\" aria-selected=\"false\" data-tab=\"2\" role=\"tab\" tabindex=\"-1\" aria-controls=\"elementor-tab-content-9032\" aria-expanded=\"false\">Bibliograf\u00eda e Informaci\u00f3n Web<\/div>\n\t\t\t\t\t<div id=\"elementor-tab-content-9032\" class=\"elementor-tab-content elementor-clearfix\" data-tab=\"2\" role=\"tabpanel\" aria-labelledby=\"elementor-tab-title-9032\" tabindex=\"0\" hidden=\"hidden\"><p>Bibliograf\u00eda o Referencias:\u00a0\u00a0<\/p><div><p>BIEBER, M. (1964)\u00a0<em>Alexander the Great in greek and roman art<\/em>: 66-67. Chicago.<\/p><div><p>STEWART, A. (1993)\u00a0<em>Faces of Power<\/em>\u00a0: 334-335.California.\u00a0 \u00a0<\/p><\/div><div>\u00a0<\/div><\/div><p>Informaci\u00f3n Web:\u00a0<a style=\"background-color: #ffffff;\" href=\"https:\/\/www.brooklynmuseum.org\/opencollection\/objects\/3606\" target=\"_blank\" rel=\"noopener\">P\u00e1gina del Museo<\/a><\/p><\/div>\n\t\t\t\t\t\t\t\t\t<div class=\"elementor-tab-title elementor-tab-mobile-title\" aria-selected=\"false\" data-tab=\"3\" role=\"tab\" tabindex=\"-1\" aria-controls=\"elementor-tab-content-9033\" aria-expanded=\"false\">Medidas<\/div>\n\t\t\t\t\t<div id=\"elementor-tab-content-9033\" class=\"elementor-tab-content elementor-clearfix\" data-tab=\"3\" role=\"tabpanel\" aria-labelledby=\"elementor-tab-title-9033\" tabindex=\"0\" hidden=\"hidden\"><p>Ancho: 5,1 cm<\/p><p>Alto:\u00a0 8,9 cm\u00a0<\/p><p>Di\u00e1metro:3,8\u00a0cm<\/p><\/div>\n\t\t\t\t\t\t\t\t\t<div class=\"elementor-tab-title elementor-tab-mobile-title\" aria-selected=\"false\" data-tab=\"4\" role=\"tab\" tabindex=\"-1\" aria-controls=\"elementor-tab-content-9034\" aria-expanded=\"false\">Cronolog\u00eda<\/div>\n\t\t\t\t\t<div id=\"elementor-tab-content-9034\" class=\"elementor-tab-content elementor-clearfix\" data-tab=\"4\" role=\"tabpanel\" aria-labelledby=\"elementor-tab-title-9034\" tabindex=\"0\" hidden=\"hidden\"><p>Fecha: I a.C.-I d.C<\/p>\n<p>Per\u00edodo: Imperio<\/p>\n<p>\u00c9poca de la Pieza: Dinast\u00eda Julio-Claudia<\/p>\n<p><br><\/p><\/div>\n\t\t\t\t\t\t\t<\/div>\n\t\t<\/div>\n\t\t\t\t\t\t<\/div>\n\t\t\t\t<\/div>\n\t\t\t\t<div class=\"elementor-element elementor-element-3952466 elementor-widget elementor-widget-text-editor\" data-id=\"3952466\" data-element_type=\"widget\" data-e-type=\"widget\" data-widget_type=\"text-editor.default\">\n\t\t\t\t<div class=\"elementor-widget-container\">\n\t\t\t\t\t\t\t\t\t\n<p align=\"justify\">Peque\u00f1a escultura realizada en Alabastro,\u00a0 se conserva una parte del torso y la cabeza que se encuentra en perfecto estado. La escultura representada de frente, ladea la cabeza dirigiendo su atenci\u00f3n a un punto a la izquierda, por lo que observamos su rostro de perfil, teniendo que girarnos con ella hacia el punto que dirige su mirada para verla de frente.\n\nDe perfil el rostro da la sensaci\u00f3n de seriedad, sin trasmitir ning\u00fan tipo de emoci\u00f3n, hecho que cambia al observarla de frente. De frente la escultura muestra una ligera sonrisa y un estado emocional m\u00e1s relajado, como de arrobamiento ante lo que vislumbra.\n\nCon respecto a los rasgos de la escultura observamos varios de los atribuidos a Alejandro: las mejillas planas, la barbilla redondeada, la boca entreabierta , el cabello rizado con la anastole y la cabeza ladeada.\u00a0 En el caso de la nariz, en vez de la aguile\u00f1a\u00a0 nos encontramos con una nariz m\u00e1s recta, t\u00edpica de las esculturas griegas. <\/p>\t\t\t\t\t\t\t\t<\/div>\n\t\t\t\t<\/div>\n\t\t\t\t<div class=\"elementor-element elementor-element-793c97a elementor-widget elementor-widget-image-gallery\" data-id=\"793c97a\" data-element_type=\"widget\" data-e-type=\"widget\" data-widget_type=\"image-gallery.default\">\n\t\t\t\t<div class=\"elementor-widget-container\">\n\t\t\t\t\t\t\t<div class=\"elementor-image-gallery\">\n\t\t\t<div id='gallery-1' class='gallery galleryid-681 gallery-columns-3 gallery-size-full'><figure class='gallery-item'>\n\t\t\t<div class='gallery-icon portrait'>\n\t\t\t\t<a data-elementor-open-lightbox=\"yes\" data-elementor-lightbox-slideshow=\"793c97a\" data-elementor-lightbox-title=\"Alejandro de Brooklyn\" data-e-action-hash=\"#elementor-action%3Aaction%3Dlightbox%26settings%3DeyJpZCI6NjgwLCJ1cmwiOiJodHRwczpcL1wvaW1hZ29hbGV4YW5kcmkuZXNcL3dwLWNvbnRlbnRcL3VwbG9hZHNcLzIwMjBcLzAxXC81NC4xNjJfcmlnaHRfU0w0LmpwZyIsInNsaWRlc2hvdyI6Ijc5M2M5N2EifQ%3D%3D\" href='https:\/\/imagoalexandri.es\/wp-content\/uploads\/2020\/01\/54.162_right_SL4.jpg'><img decoding=\"async\" width=\"1149\" height=\"1536\" src=\"https:\/\/imagoalexandri.es\/wp-content\/uploads\/2020\/01\/54.162_right_SL4.jpg\" class=\"attachment-full size-full\" alt=\"\" aria-describedby=\"gallery-1-680\" srcset=\"https:\/\/imagoalexandri.es\/wp-content\/uploads\/2020\/01\/54.162_right_SL4.jpg 1149w, https:\/\/imagoalexandri.es\/wp-content\/uploads\/2020\/01\/54.162_right_SL4-224x300.jpg 224w, https:\/\/imagoalexandri.es\/wp-content\/uploads\/2020\/01\/54.162_right_SL4-766x1024.jpg 766w, https:\/\/imagoalexandri.es\/wp-content\/uploads\/2020\/01\/54.162_right_SL4-768x1027.jpg 768w\" sizes=\"(max-width: 1149px) 100vw, 1149px\" \/><\/a>\n\t\t\t<\/div>\n\t\t\t\t<figcaption class='wp-caption-text gallery-caption' id='gallery-1-680'>\n\t\t\t\tFotograf\u00eda de Brooklyn Museum (Gavin Ashworth,er)\n\t\t\t\t<\/figcaption><\/figure><figure class='gallery-item'>\n\t\t\t<div class='gallery-icon portrait'>\n\t\t\t\t<a data-elementor-open-lightbox=\"yes\" data-elementor-lightbox-slideshow=\"793c97a\" data-elementor-lightbox-title=\"Alejandro de Brooklin (perfil1)\" data-e-action-hash=\"#elementor-action%3Aaction%3Dlightbox%26settings%3DeyJpZCI6Njc5LCJ1cmwiOiJodHRwczpcL1wvaW1hZ29hbGV4YW5kcmkuZXNcL3dwLWNvbnRlbnRcL3VwbG9hZHNcLzIwMjBcLzAxXC81NC4xNjJfbGVmdF9TTDQuanBnIiwic2xpZGVzaG93IjoiNzkzYzk3YSJ9\" href='https:\/\/imagoalexandri.es\/wp-content\/uploads\/2020\/01\/54.162_left_SL4.jpg'><img decoding=\"async\" width=\"1078\" height=\"1536\" src=\"https:\/\/imagoalexandri.es\/wp-content\/uploads\/2020\/01\/54.162_left_SL4.jpg\" class=\"attachment-full size-full\" alt=\"\" aria-describedby=\"gallery-1-679\" srcset=\"https:\/\/imagoalexandri.es\/wp-content\/uploads\/2020\/01\/54.162_left_SL4.jpg 1078w, https:\/\/imagoalexandri.es\/wp-content\/uploads\/2020\/01\/54.162_left_SL4-211x300.jpg 211w, https:\/\/imagoalexandri.es\/wp-content\/uploads\/2020\/01\/54.162_left_SL4-719x1024.jpg 719w, https:\/\/imagoalexandri.es\/wp-content\/uploads\/2020\/01\/54.162_left_SL4-768x1094.jpg 768w\" sizes=\"(max-width: 1078px) 100vw, 1078px\" \/><\/a>\n\t\t\t<\/div>\n\t\t\t\t<figcaption class='wp-caption-text gallery-caption' id='gallery-1-679'>\n\t\t\t\tFotograf\u00eda de Brooklyn Museum (Gavin Ashworth,er)\n\t\t\t\t<\/figcaption><\/figure><figure class='gallery-item'>\n\t\t\t<div class='gallery-icon portrait'>\n\t\t\t\t<a data-elementor-open-lightbox=\"yes\" data-elementor-lightbox-slideshow=\"793c97a\" data-elementor-lightbox-title=\"Alejandro de Brooklyn (espalda)\" data-e-action-hash=\"#elementor-action%3Aaction%3Dlightbox%26settings%3DeyJpZCI6Njc3LCJ1cmwiOiJodHRwczpcL1wvaW1hZ29hbGV4YW5kcmkuZXNcL3dwLWNvbnRlbnRcL3VwbG9hZHNcLzIwMjBcLzAxXC81NC4xNjJfYmFja19TTDQuanBnIiwic2xpZGVzaG93IjoiNzkzYzk3YSJ9\" href='https:\/\/imagoalexandri.es\/wp-content\/uploads\/2020\/01\/54.162_back_SL4.jpg'><img loading=\"lazy\" decoding=\"async\" width=\"1202\" height=\"1536\" src=\"https:\/\/imagoalexandri.es\/wp-content\/uploads\/2020\/01\/54.162_back_SL4.jpg\" class=\"attachment-full size-full\" alt=\"\" aria-describedby=\"gallery-1-677\" srcset=\"https:\/\/imagoalexandri.es\/wp-content\/uploads\/2020\/01\/54.162_back_SL4.jpg 1202w, https:\/\/imagoalexandri.es\/wp-content\/uploads\/2020\/01\/54.162_back_SL4-235x300.jpg 235w, https:\/\/imagoalexandri.es\/wp-content\/uploads\/2020\/01\/54.162_back_SL4-801x1024.jpg 801w, https:\/\/imagoalexandri.es\/wp-content\/uploads\/2020\/01\/54.162_back_SL4-768x981.jpg 768w\" sizes=\"(max-width: 1202px) 100vw, 1202px\" \/><\/a>\n\t\t\t<\/div>\n\t\t\t\t<figcaption class='wp-caption-text gallery-caption' id='gallery-1-677'>\n\t\t\t\tFotograf\u00eda de Brooklyn Museum (Gavin Ashworth,er)\n\t\t\t\t<\/figcaption><\/figure>\n\t\t<\/div>\n\t\t<\/div>\n\t\t\t\t\t\t<\/div>\n\t\t\t\t<\/div>\n\t\t\t\t<div class=\"elementor-element elementor-element-8c0a3f5 elementor-widget elementor-widget-text-editor\" data-id=\"8c0a3f5\" data-element_type=\"widget\" data-e-type=\"widget\" data-widget_type=\"text-editor.default\">\n\t\t\t\t<div class=\"elementor-widget-container\">\n\t\t\t\t\t\t\t\t\t<p align=\"justify\">En la ficha del museo se considera que la cabeza estuviera decorada con una corona de metal, hoy perdida,\u00a0 hecho que vendr\u00eda avalado tanto por los orificios que se ven en los laterales del cabello como en la parte posterior de la escultura, que se aprecian en las fotograf\u00edas. As\u00ed como en la cinta que se observa en el hombro derecho, que surgir\u00eda de la nada y carecer\u00eda de sentido de no existir esa corona.<\/p>\t\t\t\t\t\t\t\t<\/div>\n\t\t\t\t<\/div>\n\t\t\t\t\t<\/div>\n\t\t<\/div>\n\t\t\t\t\t<\/div>\n\t\t<\/section>\n\t\t\t\t<\/div>\n\t\t","protected":false},"excerpt":{"rendered":"<p>Fotograf\u00eda de Brooklyn Museum (Gavin Ashworth,er) Datos B\u00e1sicos Bibliograf\u00eda e Informaci\u00f3n Web Medidas Cronolog\u00eda Datos B\u00e1sicos Museo Actual: Brooklim Museum Inventario Museo: \u00a054.162 Material: Alabastro Bibliograf\u00eda e Informaci\u00f3n Web Bibliograf\u00eda o Referencias:\u00a0\u00a0 BIEBER, M. (1964)\u00a0Alexander the Great in greek and roman art: 66-67. Chicago. STEWART, A. (1993)\u00a0Faces of Power\u00a0: 334-335.California.\u00a0 \u00a0 \u00a0 Informaci\u00f3n Web:\u00a0P\u00e1gina del Museo Medidas Ancho: 5,1 cm Alto:\u00a0 8,9 cm\u00a0 Di\u00e1metro:3,8\u00a0cm Cronolog\u00eda Fecha: I a.C.-I d.C Per\u00edodo: Imperio \u00c9poca de la Pieza: Dinast\u00eda Julio-Claudia Peque\u00f1a escultura realizada en Alabastro,\u00a0 se conserva una parte del torso y la cabeza que se encuentra en perfecto estado. La escultura representada de frente, ladea la cabeza dirigiendo su atenci\u00f3n a un punto a la izquierda, por lo que observamos su rostro de perfil, teniendo que girarnos con ella hacia el punto que dirige su mirada para verla de frente. De perfil el rostro da la sensaci\u00f3n de seriedad, sin trasmitir ning\u00fan tipo de emoci\u00f3n, hecho que cambia al observarla de frente. De frente la escultura muestra una ligera sonrisa y un estado emocional m\u00e1s relajado, como de arrobamiento ante lo que vislumbra. Con respecto a los rasgos de la escultura observamos varios de los atribuidos a Alejandro: las mejillas planas, la barbilla redondeada, la boca entreabierta , el cabello rizado con la anastole y la cabeza ladeada.\u00a0 En el caso de la nariz, en vez de la aguile\u00f1a\u00a0 nos encontramos con una nariz m\u00e1s recta, t\u00edpica de las esculturas griegas. Fotograf\u00eda de Brooklyn Museum (Gavin Ashworth,er) Fotograf\u00eda de Brooklyn Museum (Gavin Ashworth,er) Fotograf\u00eda de Brooklyn Museum (Gavin Ashworth,er) En la ficha del museo se considera que la cabeza estuviera decorada con una corona de metal, hoy perdida,\u00a0 hecho que vendr\u00eda avalado tanto por los orificios que se ven en los laterales del cabello como en la parte posterior de la escultura, que se aprecian en las fotograf\u00edas. As\u00ed como en la cinta que se observa en el hombro derecho, que surgir\u00eda de la nada y carecer\u00eda de sentido de no existir esa corona.<\/p>\n","protected":false},"author":2,"featured_media":0,"parent":0,"menu_order":0,"comment_status":"closed","ping_status":"closed","template":"","meta":{"footnotes":""},"class_list":{"0":"post-681","1":"page","2":"type-page","3":"status-publish","5":"materiales-alabastro","6":"museo-brooklyn-museum","7":"periodo-dinastia-julio-claudia","8":"periodo-imperio","9":"tipologia-bulto-redondo","10":"tipologia-escultura-relieve"},"_links":{"self":[{"href":"https:\/\/imagoalexandri.es\/index.php?rest_route=\/wp\/v2\/pages\/681","targetHints":{"allow":["GET"]}}],"collection":[{"href":"https:\/\/imagoalexandri.es\/index.php?rest_route=\/wp\/v2\/pages"}],"about":[{"href":"https:\/\/imagoalexandri.es\/index.php?rest_route=\/wp\/v2\/types\/page"}],"author":[{"embeddable":true,"href":"https:\/\/imagoalexandri.es\/index.php?rest_route=\/wp\/v2\/users\/2"}],"replies":[{"embeddable":true,"href":"https:\/\/imagoalexandri.es\/index.php?rest_route=%2Fwp%2Fv2%2Fcomments&post=681"}],"version-history":[{"count":0,"href":"https:\/\/imagoalexandri.es\/index.php?rest_route=\/wp\/v2\/pages\/681\/revisions"}],"wp:attachment":[{"href":"https:\/\/imagoalexandri.es\/index.php?rest_route=%2Fwp%2Fv2%2Fmedia&parent=681"}],"curies":[{"name":"wp","href":"https:\/\/api.w.org\/{rel}","templated":true}]}}