{"id":447,"date":"2019-11-10T20:24:10","date_gmt":"2019-11-10T19:24:10","guid":{"rendered":"https:\/\/imagoalexandri.es\/?page_id=447"},"modified":"2022-03-18T17:34:43","modified_gmt":"2022-03-18T16:34:43","slug":"alejandro-y-dario-en-una-ceramica","status":"publish","type":"page","link":"https:\/\/imagoalexandri.es\/?page_id=447","title":{"rendered":"Alejandro y Dar\u00edo en una cer\u00e1mica"},"content":{"rendered":"\t\t<div data-elementor-type=\"wp-page\" data-elementor-id=\"447\" class=\"elementor elementor-447\">\n\t\t\t\t\t\t<section class=\"elementor-section elementor-top-section elementor-element elementor-element-bd27223 elementor-section-boxed elementor-section-height-default elementor-section-height-default wpr-particle-no wpr-jarallax-no wpr-parallax-no wpr-sticky-section-no\" data-id=\"bd27223\" data-element_type=\"section\" data-e-type=\"section\">\n\t\t\t\t\t\t<div class=\"elementor-container elementor-column-gap-default\">\n\t\t\t\t\t<div class=\"elementor-column elementor-col-100 elementor-top-column elementor-element elementor-element-9d15394\" data-id=\"9d15394\" data-element_type=\"column\" data-e-type=\"column\">\n\t\t\t<div class=\"elementor-widget-wrap elementor-element-populated\">\n\t\t\t\t\t\t<div class=\"elementor-element elementor-element-185fd32 elementor-widget elementor-widget-image\" data-id=\"185fd32\" data-element_type=\"widget\" data-e-type=\"widget\" data-widget_type=\"image.default\">\n\t\t\t\t<div class=\"elementor-widget-container\">\n\t\t\t\t\t\t\t\t\t\t\t\t<figure class=\"wp-caption\">\n\t\t\t\t\t\t\t\t\t\t<img fetchpriority=\"high\" decoding=\"async\" width=\"768\" height=\"430\" src=\"https:\/\/imagoalexandri.es\/wp-content\/uploads\/2019\/11\/Alejandro-y-Dar\u00edo-en-una-cer\u00e1mica_Boston-Fine-arts4-768x430.jpg\" class=\"attachment-medium_large size-medium_large wp-image-430\" alt=\"\" srcset=\"https:\/\/imagoalexandri.es\/wp-content\/uploads\/2019\/11\/Alejandro-y-Dar\u00edo-en-una-cer\u00e1mica_Boston-Fine-arts4-768x430.jpg 768w, https:\/\/imagoalexandri.es\/wp-content\/uploads\/2019\/11\/Alejandro-y-Dar\u00edo-en-una-cer\u00e1mica_Boston-Fine-arts4-300x168.jpg 300w, https:\/\/imagoalexandri.es\/wp-content\/uploads\/2019\/11\/Alejandro-y-Dar\u00edo-en-una-cer\u00e1mica_Boston-Fine-arts4.jpg 812w\" sizes=\"(max-width: 768px) 100vw, 768px\" \/>\t\t\t\t\t\t\t\t\t\t\t<figcaption class=\"widget-image-caption wp-caption-text\">Fotograf\u00eda de la p\u00e1gina del Boston Fine arts<\/figcaption>\n\t\t\t\t\t\t\t\t\t\t<\/figure>\n\t\t\t\t\t\t\t\t\t<\/div>\n\t\t\t\t<\/div>\n\t\t\t\t\t<\/div>\n\t\t<\/div>\n\t\t\t\t\t<\/div>\n\t\t<\/section>\n\t\t\t\t<section class=\"elementor-section elementor-top-section elementor-element elementor-element-e78b06b elementor-section-boxed elementor-section-height-default elementor-section-height-default wpr-particle-no wpr-jarallax-no wpr-parallax-no wpr-sticky-section-no\" data-id=\"e78b06b\" data-element_type=\"section\" data-e-type=\"section\">\n\t\t\t\t\t\t<div class=\"elementor-container elementor-column-gap-default\">\n\t\t\t\t\t<div class=\"elementor-column elementor-col-100 elementor-top-column elementor-element elementor-element-a10e5ad\" data-id=\"a10e5ad\" data-element_type=\"column\" data-e-type=\"column\">\n\t\t\t<div class=\"elementor-widget-wrap elementor-element-populated\">\n\t\t\t\t\t\t<div class=\"elementor-element elementor-element-5626642 elementor-tabs-view-horizontal elementor-widget elementor-widget-tabs\" data-id=\"5626642\" data-element_type=\"widget\" data-e-type=\"widget\" data-widget_type=\"tabs.default\">\n\t\t\t\t<div class=\"elementor-widget-container\">\n\t\t\t\t\t\t\t<div class=\"elementor-tabs\">\n\t\t\t<div class=\"elementor-tabs-wrapper\" role=\"tablist\" >\n\t\t\t\t\t\t\t\t\t<div id=\"elementor-tab-title-9031\" class=\"elementor-tab-title elementor-tab-desktop-title\" aria-selected=\"true\" data-tab=\"1\" role=\"tab\" tabindex=\"0\" aria-controls=\"elementor-tab-content-9031\" aria-expanded=\"false\">Datos B\u00e1sicos<\/div>\n\t\t\t\t\t\t\t\t\t<div id=\"elementor-tab-title-9032\" class=\"elementor-tab-title elementor-tab-desktop-title\" aria-selected=\"false\" data-tab=\"2\" role=\"tab\" tabindex=\"-1\" aria-controls=\"elementor-tab-content-9032\" aria-expanded=\"false\">Bibliograf\u00eda e Informaci\u00f3n Web<\/div>\n\t\t\t\t\t\t\t\t\t<div id=\"elementor-tab-title-9033\" class=\"elementor-tab-title elementor-tab-desktop-title\" aria-selected=\"false\" data-tab=\"3\" role=\"tab\" tabindex=\"-1\" aria-controls=\"elementor-tab-content-9033\" aria-expanded=\"false\">Medidas<\/div>\n\t\t\t\t\t\t\t\t\t<div id=\"elementor-tab-title-9034\" class=\"elementor-tab-title elementor-tab-desktop-title\" aria-selected=\"false\" data-tab=\"4\" role=\"tab\" tabindex=\"-1\" aria-controls=\"elementor-tab-content-9034\" aria-expanded=\"false\">Cronolog\u00eda<\/div>\n\t\t\t\t\t\t\t<\/div>\n\t\t\t<div class=\"elementor-tabs-content-wrapper\" role=\"tablist\" aria-orientation=\"vertical\">\n\t\t\t\t\t\t\t\t\t<div class=\"elementor-tab-title elementor-tab-mobile-title\" aria-selected=\"true\" data-tab=\"1\" role=\"tab\" tabindex=\"0\" aria-controls=\"elementor-tab-content-9031\" aria-expanded=\"false\">Datos B\u00e1sicos<\/div>\n\t\t\t\t\t<div id=\"elementor-tab-content-9031\" class=\"elementor-tab-content elementor-clearfix\" data-tab=\"1\" role=\"tabpanel\" aria-labelledby=\"elementor-tab-title-9031\" tabindex=\"0\" hidden=\"false\"><p>Museo Actual: Boston Fine arts<\/p><p>Inventario Museo: 99.542<\/p><p>Material: Cer\u00e1mica<\/p><\/div>\n\t\t\t\t\t\t\t\t\t<div class=\"elementor-tab-title elementor-tab-mobile-title\" aria-selected=\"false\" data-tab=\"2\" role=\"tab\" tabindex=\"-1\" aria-controls=\"elementor-tab-content-9032\" aria-expanded=\"false\">Bibliograf\u00eda e Informaci\u00f3n Web<\/div>\n\t\t\t\t\t<div id=\"elementor-tab-content-9032\" class=\"elementor-tab-content elementor-clearfix\" data-tab=\"2\" role=\"tabpanel\" aria-labelledby=\"elementor-tab-title-9032\" tabindex=\"0\" hidden=\"hidden\"><p>Bibliograf\u00eda o Referencias:&nbsp;<\/p>\n<p>MORENO, P.(2001) <em>Apelles the Alexander Mosaic<\/em> : 93. Milano<\/p><p>VON HASE, F.W. (2010) \u201cAlejandro contra Dar\u00edo: una pintura en mosaico\u201d : 67- 75. En HANSEN,S. ; WIECZOREK, A. y TELENBACH, M. (eds). <em>Alejandro Magno Encuentro con Oriente<\/em>.Madrid.<\/p>\n<p>Informaci\u00f3n Web:<a href=\"https:\/\/collections.mfa.org\/objects\/154499\">&nbsp;P\u00e1gina del Museo<\/a><\/p><\/div>\n\t\t\t\t\t\t\t\t\t<div class=\"elementor-tab-title elementor-tab-mobile-title\" aria-selected=\"false\" data-tab=\"3\" role=\"tab\" tabindex=\"-1\" aria-controls=\"elementor-tab-content-9033\" aria-expanded=\"false\">Medidas<\/div>\n\t\t\t\t\t<div id=\"elementor-tab-content-9033\" class=\"elementor-tab-content elementor-clearfix\" data-tab=\"3\" role=\"tabpanel\" aria-labelledby=\"elementor-tab-title-9033\" tabindex=\"0\" hidden=\"hidden\"><p>Ancho: 7,3 cm\u00a0<\/p><p>Di\u00e1metro: 11,6 cm<\/p><\/div>\n\t\t\t\t\t\t\t\t\t<div class=\"elementor-tab-title elementor-tab-mobile-title\" aria-selected=\"false\" data-tab=\"4\" role=\"tab\" tabindex=\"-1\" aria-controls=\"elementor-tab-content-9034\" aria-expanded=\"false\">Cronolog\u00eda<\/div>\n\t\t\t\t\t<div id=\"elementor-tab-content-9034\" class=\"elementor-tab-content elementor-clearfix\" data-tab=\"4\" role=\"tabpanel\" aria-labelledby=\"elementor-tab-title-9034\" tabindex=\"0\" hidden=\"hidden\"><p>Fecha: 110-80 a.C.<\/p>\n<p>\u00c9poca de la Pieza:&nbsp;Rep\u00fablica siglo II a.C.\n<\/p><p>\u00c9poca de realizaci\u00f3n de la pieza que imita:&nbsp;<\/p><\/div>\n\t\t\t\t\t\t\t<\/div>\n\t\t<\/div>\n\t\t\t\t\t\t<\/div>\n\t\t\t\t<\/div>\n\t\t\t\t\t<\/div>\n\t\t<\/div>\n\t\t\t\t\t<\/div>\n\t\t<\/section>\n\t\t\t\t<section class=\"elementor-section elementor-top-section elementor-element elementor-element-e7cc38d elementor-section-boxed elementor-section-height-default elementor-section-height-default wpr-particle-no wpr-jarallax-no wpr-parallax-no wpr-sticky-section-no\" data-id=\"e7cc38d\" data-element_type=\"section\" data-e-type=\"section\">\n\t\t\t\t\t\t<div class=\"elementor-container elementor-column-gap-default\">\n\t\t\t\t\t<div class=\"elementor-column elementor-col-100 elementor-top-column elementor-element elementor-element-64ba4da\" data-id=\"64ba4da\" data-element_type=\"column\" data-e-type=\"column\">\n\t\t\t<div class=\"elementor-widget-wrap elementor-element-populated\">\n\t\t\t\t\t\t<div class=\"elementor-element elementor-element-47463d8 elementor-widget elementor-widget-text-editor\" data-id=\"47463d8\" data-element_type=\"widget\" data-e-type=\"widget\" data-widget_type=\"text-editor.default\">\n\t\t\t\t<div class=\"elementor-widget-container\">\n\t\t\t\t\t\t\t\t\t\n<p align=\"justify\">Cer\u00e1mica hecha a Molde con sello : C.POPILIVS.C or O (Ocriculo)\nLa escena que aparece en la cer\u00e1mica es una representaci\u00f3n de la huida de Dar\u00edo del campo de batalla y la persecuci\u00f3n por parte del ej\u00e9rcito macedonio.\nEste mismo tema con similar iconograf\u00eda lo podemos observar otras dos obras dentro de la pen\u00ednsula italiana.\u00a0 La primera pieza ser\u00eda el famoso mosaico de Alejandro\u00a0 y la segunda obra es\u00a0 una cer\u00e1mica de figuras rojas de Apulia. En las tres piezas podemos observar el mismo\u00a0 gesto emotivo de Dar\u00edo en la cuadriga, hacen pensar que estar\u00edamos ante la copia de un mismo modelo o concepto. Puesto que si observamos m\u00e1s detenidamente la cer\u00e1mica de Apulia, la representaci\u00f3n de un Alejandro barbado con un casco corinto,\u00a0 no cuadra dentro de los retratos del Magno, por lo que el autor posiblemente tuviera noticias o de la batalla o de la obra original y lo represent\u00f3 de acuerdo a las mismas. <\/p>\t\t\t\t\t\t\t\t<\/div>\n\t\t\t\t<\/div>\n\t\t\t\t\t<\/div>\n\t\t<\/div>\n\t\t\t\t\t<\/div>\n\t\t<\/section>\n\t\t\t\t<section class=\"elementor-section elementor-top-section elementor-element elementor-element-575f2d3 elementor-section-boxed elementor-section-height-default elementor-section-height-default wpr-particle-no wpr-jarallax-no wpr-parallax-no wpr-sticky-section-no\" data-id=\"575f2d3\" data-element_type=\"section\" data-e-type=\"section\">\n\t\t\t\t\t\t<div class=\"elementor-container elementor-column-gap-default\">\n\t\t\t\t\t<div class=\"elementor-column elementor-col-100 elementor-top-column elementor-element elementor-element-df83499\" data-id=\"df83499\" data-element_type=\"column\" data-e-type=\"column\">\n\t\t\t<div class=\"elementor-widget-wrap elementor-element-populated\">\n\t\t\t\t\t\t<div class=\"elementor-element elementor-element-0900e1b elementor-widget elementor-widget-text-editor\" data-id=\"0900e1b\" data-element_type=\"widget\" data-e-type=\"widget\" data-widget_type=\"text-editor.default\">\n\t\t\t\t<div class=\"elementor-widget-container\">\n\t\t\t\t\t\t\t\t\t\n<p align=\"justify\">Lo que si es cierto es que el mosaico y est\u00e1 cer\u00e1mica de molde guardan gran parecido , dentro de lo posible al ser diferentes el formato y el tama\u00f1o de ambas piezas, que permiten un mayor nivel de detalle en el mosaico: Alejandro cargando con sus compa\u00f1eros, el jinete y el caballo heridos en la misma posici\u00f3n que encontramos en el mosaico y el comentado gesto de Dar\u00edo. <\/p>\t\t\t\t\t\t\t\t<\/div>\n\t\t\t\t<\/div>\n\t\t\t\t\t<\/div>\n\t\t<\/div>\n\t\t\t\t\t<\/div>\n\t\t<\/section>\n\t\t\t\t<section class=\"elementor-section elementor-top-section elementor-element elementor-element-e2e71b9 elementor-section-boxed elementor-section-height-default elementor-section-height-default wpr-particle-no wpr-jarallax-no wpr-parallax-no wpr-sticky-section-no\" data-id=\"e2e71b9\" data-element_type=\"section\" data-e-type=\"section\">\n\t\t\t\t\t\t<div class=\"elementor-container elementor-column-gap-default\">\n\t\t\t\t\t<div class=\"elementor-column elementor-col-100 elementor-top-column elementor-element elementor-element-b46f12b\" data-id=\"b46f12b\" data-element_type=\"column\" data-e-type=\"column\">\n\t\t\t<div class=\"elementor-widget-wrap elementor-element-populated\">\n\t\t\t\t\t\t<div class=\"elementor-element elementor-element-d323cf0 elementor-widget elementor-widget-image-gallery\" data-id=\"d323cf0\" data-element_type=\"widget\" data-e-type=\"widget\" data-widget_type=\"image-gallery.default\">\n\t\t\t\t<div class=\"elementor-widget-container\">\n\t\t\t\t\t\t\t<div class=\"elementor-image-gallery\">\n\t\t\t<div id='gallery-1' class='gallery galleryid-447 gallery-columns-2 gallery-size-full'><figure class='gallery-item'>\n\t\t\t<div class='gallery-icon landscape'>\n\t\t\t\t<a data-elementor-open-lightbox=\"yes\" data-elementor-lightbox-slideshow=\"d323cf0\" data-elementor-lightbox-title=\"mosaico Alejandro\" data-e-action-hash=\"#elementor-action%3Aaction%3Dlightbox%26settings%3DeyJpZCI6NDI2LCJ1cmwiOiJodHRwczpcL1wvaW1hZ29hbGV4YW5kcmkuZXNcL3dwLWNvbnRlbnRcL3VwbG9hZHNcLzIwMTlcLzExXC9tb3NhaWNvLUFMRVNTQU5EUk8tODUweDQ5OG11c2VvYXJxdWVvbG9naWNvLWRlLW5hcG9sZXMucG5nIiwic2xpZGVzaG93IjoiZDMyM2NmMCJ9\" href='https:\/\/imagoalexandri.es\/wp-content\/uploads\/2019\/11\/mosaico-ALESSANDRO-850x498museoarqueologico-de-napoles.png'><img decoding=\"async\" width=\"850\" height=\"498\" src=\"https:\/\/imagoalexandri.es\/wp-content\/uploads\/2019\/11\/mosaico-ALESSANDRO-850x498museoarqueologico-de-napoles.png\" class=\"attachment-full size-full\" alt=\"\" aria-describedby=\"gallery-1-426\" srcset=\"https:\/\/imagoalexandri.es\/wp-content\/uploads\/2019\/11\/mosaico-ALESSANDRO-850x498museoarqueologico-de-napoles.png 850w, https:\/\/imagoalexandri.es\/wp-content\/uploads\/2019\/11\/mosaico-ALESSANDRO-850x498museoarqueologico-de-napoles-300x176.png 300w, https:\/\/imagoalexandri.es\/wp-content\/uploads\/2019\/11\/mosaico-ALESSANDRO-850x498museoarqueologico-de-napoles-768x450.png 768w\" sizes=\"(max-width: 850px) 100vw, 850px\" \/><\/a>\n\t\t\t<\/div>\n\t\t\t\t<figcaption class='wp-caption-text gallery-caption' id='gallery-1-426'>\n\t\t\t\tFotograf\u00eda de la p\u00e1gina del Museo Arqueol\u00f3gico de N\u00e1poles\n\t\t\t\t<\/figcaption><\/figure><figure class='gallery-item'>\n\t\t\t<div class='gallery-icon landscape'>\n\t\t\t\t<a data-elementor-open-lightbox=\"yes\" data-elementor-lightbox-slideshow=\"d323cf0\" data-elementor-lightbox-title=\"apulia vaso de alejandro y Dario\" data-e-action-hash=\"#elementor-action%3Aaction%3Dlightbox%26settings%3DeyJpZCI6NDEzLCJ1cmwiOiJodHRwczpcL1wvaW1hZ29hbGV4YW5kcmkuZXNcL3dwLWNvbnRlbnRcL3VwbG9hZHNcLzIwMTlcLzExXC9hcHVsaWEtdmFzby1kZS1hbGVqYW5kcm8teS1EYXJpb19zaHFpcHRhcmphY29tLmpwZyIsInNsaWRlc2hvdyI6ImQzMjNjZjAifQ%3D%3D\" href='https:\/\/imagoalexandri.es\/wp-content\/uploads\/2019\/11\/apulia-vaso-de-alejandro-y-Dario_shqiptarjacom.jpg'><img decoding=\"async\" width=\"469\" height=\"365\" src=\"https:\/\/imagoalexandri.es\/wp-content\/uploads\/2019\/11\/apulia-vaso-de-alejandro-y-Dario_shqiptarjacom.jpg\" class=\"attachment-full size-full\" alt=\"\" aria-describedby=\"gallery-1-413\" srcset=\"https:\/\/imagoalexandri.es\/wp-content\/uploads\/2019\/11\/apulia-vaso-de-alejandro-y-Dario_shqiptarjacom.jpg 469w, https:\/\/imagoalexandri.es\/wp-content\/uploads\/2019\/11\/apulia-vaso-de-alejandro-y-Dario_shqiptarjacom-300x233.jpg 300w\" sizes=\"(max-width: 469px) 100vw, 469px\" \/><\/a>\n\t\t\t<\/div>\n\t\t\t\t<figcaption class='wp-caption-text gallery-caption' id='gallery-1-413'>\n\t\t\t\tFotograf\u00eda de la p\u00e1gina web shqiptarja.com\n\t\t\t\t<\/figcaption><\/figure>\n\t\t<\/div>\n\t\t<\/div>\n\t\t\t\t\t\t<\/div>\n\t\t\t\t<\/div>\n\t\t\t\t\t<\/div>\n\t\t<\/div>\n\t\t\t\t\t<\/div>\n\t\t<\/section>\n\t\t\t\t<\/div>\n\t\t","protected":false},"excerpt":{"rendered":"<p>Fotograf\u00eda de la p\u00e1gina del Boston Fine arts Datos B\u00e1sicos Bibliograf\u00eda e Informaci\u00f3n Web Medidas Cronolog\u00eda Datos B\u00e1sicos Museo Actual: Boston Fine arts Inventario Museo: 99.542 Material: Cer\u00e1mica Bibliograf\u00eda e Informaci\u00f3n Web Bibliograf\u00eda o Referencias:&nbsp; MORENO, P.(2001) Apelles the Alexander Mosaic : 93. Milano VON HASE, F.W. (2010) \u201cAlejandro contra Dar\u00edo: una pintura en mosaico\u201d : 67- 75. En HANSEN,S. ; WIECZOREK, A. y TELENBACH, M. (eds). Alejandro Magno Encuentro con Oriente.Madrid. Informaci\u00f3n Web:&nbsp;P\u00e1gina del Museo Medidas Ancho: 7,3 cm\u00a0 Di\u00e1metro: 11,6 cm Cronolog\u00eda Fecha: 110-80 a.C. \u00c9poca de la Pieza:&nbsp;Rep\u00fablica siglo II a.C. \u00c9poca de realizaci\u00f3n de la pieza que imita:&nbsp; Cer\u00e1mica hecha a Molde con sello : C.POPILIVS.C or O (Ocriculo) La escena que aparece en la cer\u00e1mica es una representaci\u00f3n de la huida de Dar\u00edo del campo de batalla y la persecuci\u00f3n por parte del ej\u00e9rcito macedonio. Este mismo tema con similar iconograf\u00eda lo podemos observar otras dos obras dentro de la pen\u00ednsula italiana.\u00a0 La primera pieza ser\u00eda el famoso mosaico de Alejandro\u00a0 y la segunda obra es\u00a0 una cer\u00e1mica de figuras rojas de Apulia. En las tres piezas podemos observar el mismo\u00a0 gesto emotivo de Dar\u00edo en la cuadriga, hacen pensar que estar\u00edamos ante la copia de un mismo modelo o concepto. Puesto que si observamos m\u00e1s detenidamente la cer\u00e1mica de Apulia, la representaci\u00f3n de un Alejandro barbado con un casco corinto,\u00a0 no cuadra dentro de los retratos del Magno, por lo que el autor posiblemente tuviera noticias o de la batalla o de la obra original y lo represent\u00f3 de acuerdo a las mismas. Lo que si es cierto es que el mosaico y est\u00e1 cer\u00e1mica de molde guardan gran parecido , dentro de lo posible al ser diferentes el formato y el tama\u00f1o de ambas piezas, que permiten un mayor nivel de detalle en el mosaico: Alejandro cargando con sus compa\u00f1eros, el jinete y el caballo heridos en la misma posici\u00f3n que encontramos en el mosaico y el comentado gesto de Dar\u00edo. Fotograf\u00eda de la p\u00e1gina del Museo Arqueol\u00f3gico de N\u00e1poles Fotograf\u00eda de la p\u00e1gina web shqiptarja.com<\/p>\n","protected":false},"author":2,"featured_media":0,"parent":0,"menu_order":0,"comment_status":"closed","ping_status":"closed","template":"","meta":{"footnotes":""},"class_list":{"0":"post-447","1":"page","2":"type-page","3":"status-publish","5":"materiales-ceramica","6":"museo-boston-fine-arts","7":"periodo-republica","8":"periodo-republica-siglo-ii-a-c","9":"tipologia-vasos-plasticos"},"_links":{"self":[{"href":"https:\/\/imagoalexandri.es\/index.php?rest_route=\/wp\/v2\/pages\/447","targetHints":{"allow":["GET"]}}],"collection":[{"href":"https:\/\/imagoalexandri.es\/index.php?rest_route=\/wp\/v2\/pages"}],"about":[{"href":"https:\/\/imagoalexandri.es\/index.php?rest_route=\/wp\/v2\/types\/page"}],"author":[{"embeddable":true,"href":"https:\/\/imagoalexandri.es\/index.php?rest_route=\/wp\/v2\/users\/2"}],"replies":[{"embeddable":true,"href":"https:\/\/imagoalexandri.es\/index.php?rest_route=%2Fwp%2Fv2%2Fcomments&post=447"}],"version-history":[{"count":0,"href":"https:\/\/imagoalexandri.es\/index.php?rest_route=\/wp\/v2\/pages\/447\/revisions"}],"wp:attachment":[{"href":"https:\/\/imagoalexandri.es\/index.php?rest_route=%2Fwp%2Fv2%2Fmedia&parent=447"}],"curies":[{"name":"wp","href":"https:\/\/api.w.org\/{rel}","templated":true}]}}