{"id":431,"date":"2019-11-10T18:26:03","date_gmt":"2019-11-10T17:26:03","guid":{"rendered":"https:\/\/imagoalexandri.es\/?page_id=431"},"modified":"2020-03-19T18:47:45","modified_gmt":"2020-03-19T17:47:45","slug":"camafeo-del-british","status":"publish","type":"page","link":"https:\/\/imagoalexandri.es\/?page_id=431","title":{"rendered":"Camafeo del British"},"content":{"rendered":"\t\t<div data-elementor-type=\"wp-page\" data-elementor-id=\"431\" class=\"elementor elementor-431\">\n\t\t\t\t\t\t<section class=\"elementor-section elementor-top-section elementor-element elementor-element-bd27223 elementor-section-boxed elementor-section-height-default elementor-section-height-default wpr-particle-no wpr-jarallax-no wpr-parallax-no wpr-sticky-section-no\" data-id=\"bd27223\" data-element_type=\"section\" data-e-type=\"section\">\n\t\t\t\t\t\t<div class=\"elementor-container elementor-column-gap-default\">\n\t\t\t\t\t<div class=\"elementor-column elementor-col-100 elementor-top-column elementor-element elementor-element-9d15394\" data-id=\"9d15394\" data-element_type=\"column\" data-e-type=\"column\">\n\t\t\t<div class=\"elementor-widget-wrap elementor-element-populated\">\n\t\t\t\t\t\t<div class=\"elementor-element elementor-element-185fd32 elementor-widget elementor-widget-image\" data-id=\"185fd32\" data-element_type=\"widget\" data-e-type=\"widget\" data-widget_type=\"image.default\">\n\t\t\t\t<div class=\"elementor-widget-container\">\n\t\t\t\t\t\t\t\t\t\t\t\t<figure class=\"wp-caption\">\n\t\t\t\t\t\t\t\t\t\t<img fetchpriority=\"high\" decoding=\"async\" width=\"750\" height=\"584\" src=\"https:\/\/imagoalexandri.es\/wp-content\/uploads\/2019\/11\/camafeo-del-british.jpg\" class=\"attachment-medium_large size-medium_large wp-image-415\" alt=\"\" srcset=\"https:\/\/imagoalexandri.es\/wp-content\/uploads\/2019\/11\/camafeo-del-british.jpg 750w, https:\/\/imagoalexandri.es\/wp-content\/uploads\/2019\/11\/camafeo-del-british-300x234.jpg 300w\" sizes=\"(max-width: 750px) 100vw, 750px\" \/>\t\t\t\t\t\t\t\t\t\t\t<figcaption class=\"widget-image-caption wp-caption-text\">Fotograf\u00eda de la p\u00e1gina web del British Museum<\/figcaption>\n\t\t\t\t\t\t\t\t\t\t<\/figure>\n\t\t\t\t\t\t\t\t\t<\/div>\n\t\t\t\t<\/div>\n\t\t\t\t\t<\/div>\n\t\t<\/div>\n\t\t\t\t\t<\/div>\n\t\t<\/section>\n\t\t\t\t<section class=\"elementor-section elementor-top-section elementor-element elementor-element-e78b06b elementor-section-boxed elementor-section-height-default elementor-section-height-default wpr-particle-no wpr-jarallax-no wpr-parallax-no wpr-sticky-section-no\" data-id=\"e78b06b\" data-element_type=\"section\" data-e-type=\"section\">\n\t\t\t\t\t\t<div class=\"elementor-container elementor-column-gap-default\">\n\t\t\t\t\t<div class=\"elementor-column elementor-col-100 elementor-top-column elementor-element elementor-element-a10e5ad\" data-id=\"a10e5ad\" data-element_type=\"column\" data-e-type=\"column\">\n\t\t\t<div class=\"elementor-widget-wrap elementor-element-populated\">\n\t\t\t\t\t\t<div class=\"elementor-element elementor-element-5626642 elementor-tabs-view-horizontal elementor-widget elementor-widget-tabs\" data-id=\"5626642\" data-element_type=\"widget\" data-e-type=\"widget\" data-widget_type=\"tabs.default\">\n\t\t\t\t<div class=\"elementor-widget-container\">\n\t\t\t\t\t\t\t<div class=\"elementor-tabs\">\n\t\t\t<div class=\"elementor-tabs-wrapper\" role=\"tablist\" >\n\t\t\t\t\t\t\t\t\t<div id=\"elementor-tab-title-9031\" class=\"elementor-tab-title elementor-tab-desktop-title\" aria-selected=\"true\" data-tab=\"1\" role=\"tab\" tabindex=\"0\" aria-controls=\"elementor-tab-content-9031\" aria-expanded=\"false\">Datos B\u00e1sicos<\/div>\n\t\t\t\t\t\t\t\t\t<div id=\"elementor-tab-title-9032\" class=\"elementor-tab-title elementor-tab-desktop-title\" aria-selected=\"false\" data-tab=\"2\" role=\"tab\" tabindex=\"-1\" aria-controls=\"elementor-tab-content-9032\" aria-expanded=\"false\">Bibliograf\u00eda e Informaci\u00f3n Web<\/div>\n\t\t\t\t\t\t\t\t\t<div id=\"elementor-tab-title-9033\" class=\"elementor-tab-title elementor-tab-desktop-title\" aria-selected=\"false\" data-tab=\"3\" role=\"tab\" tabindex=\"-1\" aria-controls=\"elementor-tab-content-9033\" aria-expanded=\"false\">Medidas<\/div>\n\t\t\t\t\t\t\t\t\t<div id=\"elementor-tab-title-9034\" class=\"elementor-tab-title elementor-tab-desktop-title\" aria-selected=\"false\" data-tab=\"4\" role=\"tab\" tabindex=\"-1\" aria-controls=\"elementor-tab-content-9034\" aria-expanded=\"false\">Cronolog\u00eda<\/div>\n\t\t\t\t\t\t\t<\/div>\n\t\t\t<div class=\"elementor-tabs-content-wrapper\" role=\"tablist\" aria-orientation=\"vertical\">\n\t\t\t\t\t\t\t\t\t<div class=\"elementor-tab-title elementor-tab-mobile-title\" aria-selected=\"true\" data-tab=\"1\" role=\"tab\" tabindex=\"0\" aria-controls=\"elementor-tab-content-9031\" aria-expanded=\"false\">Datos B\u00e1sicos<\/div>\n\t\t\t\t\t<div id=\"elementor-tab-content-9031\" class=\"elementor-tab-content elementor-clearfix\" data-tab=\"1\" role=\"tabpanel\" aria-labelledby=\"elementor-tab-title-9031\" tabindex=\"0\" hidden=\"false\"><p>Museo Actual: British Museum<\/p><p>Inventario Museo: 1897,1101.13<\/p><p>Material: Pasta de vidrio azul<\/p><\/div>\n\t\t\t\t\t\t\t\t\t<div class=\"elementor-tab-title elementor-tab-mobile-title\" aria-selected=\"false\" data-tab=\"2\" role=\"tab\" tabindex=\"-1\" aria-controls=\"elementor-tab-content-9032\" aria-expanded=\"false\">Bibliograf\u00eda e Informaci\u00f3n Web<\/div>\n\t\t\t\t\t<div id=\"elementor-tab-content-9032\" class=\"elementor-tab-content elementor-clearfix\" data-tab=\"2\" role=\"tabpanel\" aria-labelledby=\"elementor-tab-title-9032\" tabindex=\"0\" hidden=\"hidden\"><p>Bibliograf\u00eda o Referencias:\u00a0<\/p><p>WALTERS, H.B. (1926) <a href=\"https:\/\/archive.org\/details\/catalogueengrav00murrgoog\/page\/n3\"><em>Catalogue of Engraved Gems &amp; Cameos, Greek, Etruscan &amp; Roman in the British Museum<\/em><\/a>. London<\/p><p>Informaci\u00f3n Web:<a href=\"https:\/\/www.britishmuseum.org\/research\/collection_online\/collection_object_details.aspx?objectId=433327&amp;partId=1&amp;searchText=Alexander+the+great&amp;page=15\">\u00a0P\u00e1gina del Museo<\/a><\/p><\/div>\n\t\t\t\t\t\t\t\t\t<div class=\"elementor-tab-title elementor-tab-mobile-title\" aria-selected=\"false\" data-tab=\"3\" role=\"tab\" tabindex=\"-1\" aria-controls=\"elementor-tab-content-9033\" aria-expanded=\"false\">Medidas<\/div>\n\t\t\t\t\t<div id=\"elementor-tab-content-9033\" class=\"elementor-tab-content elementor-clearfix\" data-tab=\"3\" role=\"tabpanel\" aria-labelledby=\"elementor-tab-title-9033\" tabindex=\"0\" hidden=\"hidden\"><p>Ancho: 1,8 cm<\/p><p>Alto: 2,7 cm<\/p><p>Di\u00e1metro:<\/p><\/div>\n\t\t\t\t\t\t\t\t\t<div class=\"elementor-tab-title elementor-tab-mobile-title\" aria-selected=\"false\" data-tab=\"4\" role=\"tab\" tabindex=\"-1\" aria-controls=\"elementor-tab-content-9034\" aria-expanded=\"false\">Cronolog\u00eda<\/div>\n\t\t\t\t\t<div id=\"elementor-tab-content-9034\" class=\"elementor-tab-content elementor-clearfix\" data-tab=\"4\" role=\"tabpanel\" aria-labelledby=\"elementor-tab-title-9034\" tabindex=\"0\" hidden=\"hidden\"><p>Fecha: 323-31 a.C.<\/p><p>Per\u00edodo:\u00a0<\/p><p>\u00c9poca de la Pieza:\u00a0Rep\u00fablica siglo II a.C.<\/p><p>\u00c9poca de realizaci\u00f3n de la pieza que imita:\u00a0<\/p><\/div>\n\t\t\t\t\t\t\t<\/div>\n\t\t<\/div>\n\t\t\t\t\t\t<\/div>\n\t\t\t\t<\/div>\n\t\t\t\t\t<\/div>\n\t\t<\/div>\n\t\t\t\t\t<\/div>\n\t\t<\/section>\n\t\t\t\t<section class=\"elementor-section elementor-top-section elementor-element elementor-element-e7cc38d elementor-section-boxed elementor-section-height-default elementor-section-height-default wpr-particle-no wpr-jarallax-no wpr-parallax-no wpr-sticky-section-no\" data-id=\"e7cc38d\" data-element_type=\"section\" data-e-type=\"section\">\n\t\t\t\t\t\t<div class=\"elementor-container elementor-column-gap-default\">\n\t\t\t\t\t<div class=\"elementor-column elementor-col-100 elementor-top-column elementor-element elementor-element-64ba4da\" data-id=\"64ba4da\" data-element_type=\"column\" data-e-type=\"column\">\n\t\t\t<div class=\"elementor-widget-wrap elementor-element-populated\">\n\t\t\t\t\t\t<div class=\"elementor-element elementor-element-47463d8 elementor-widget elementor-widget-text-editor\" data-id=\"47463d8\" data-element_type=\"widget\" data-e-type=\"widget\" data-widget_type=\"text-editor.default\">\n\t\t\t\t<div class=\"elementor-widget-container\">\n\t\t\t\t\t\t\t\t\t\n<p align=\"justify\">Camafeo hecho de pasta de cristal azul,\u00a0la pieza no se conserva entera habi\u00e9ndose perdido parte de la escena que representa.\n\nPodemos observar a un jinete macedonio, atacando a un soldado de infanter\u00eda persa. Tema que encontramos en diversas representaciones art\u00edsticas sobre Alejandro, tanto en Grecia como en Roma en diversos per\u00edodos, queremos destacar una metopa que formaba parte de un conjunto funerario en Tarento. En ella al igual que en el camafeo, se observa, como un jinete a caballo va a rematar con una espada a un enemigo que se encuentra en el suelo.<\/p>\t\t\t\t\t\t\t\t<\/div>\n\t\t\t\t<\/div>\n\t\t\t\t<div class=\"elementor-element elementor-element-501eebb elementor-widget elementor-widget-image-gallery\" data-id=\"501eebb\" data-element_type=\"widget\" data-e-type=\"widget\" data-widget_type=\"image-gallery.default\">\n\t\t\t\t<div class=\"elementor-widget-container\">\n\t\t\t\t\t\t\t<div class=\"elementor-image-gallery\">\n\t\t\t<div id='gallery-1' class='gallery galleryid-431 gallery-columns-1 gallery-size-full'><figure class='gallery-item'>\n\t\t\t<div class='gallery-icon landscape'>\n\t\t\t\t<a data-elementor-open-lightbox=\"yes\" data-elementor-lightbox-slideshow=\"501eebb\" data-elementor-lightbox-title=\"M\u00e9topa de Tarento\" data-e-action-hash=\"#elementor-action%3Aaction%3Dlightbox%26settings%3DeyJpZCI6NDE0LCJ1cmwiOiJodHRwczpcL1wvaW1hZ29hbGV4YW5kcmkuZXNcL3dwLWNvbnRlbnRcL3VwbG9hZHNcLzIwMTlcLzExXC9Eb25hbGQtTC4tV2Fzc29uY2NvbW9zLmpwZyIsInNsaWRlc2hvdyI6IjUwMWVlYmIifQ%3D%3D\" href='https:\/\/imagoalexandri.es\/wp-content\/uploads\/2019\/11\/Donald-L.-Wassonccomos.jpg'><img decoding=\"async\" width=\"750\" height=\"500\" src=\"https:\/\/imagoalexandri.es\/wp-content\/uploads\/2019\/11\/Donald-L.-Wassonccomos.jpg\" class=\"attachment-full size-full\" alt=\"\" aria-describedby=\"gallery-1-414\" srcset=\"https:\/\/imagoalexandri.es\/wp-content\/uploads\/2019\/11\/Donald-L.-Wassonccomos.jpg 750w, https:\/\/imagoalexandri.es\/wp-content\/uploads\/2019\/11\/Donald-L.-Wassonccomos-300x200.jpg 300w\" sizes=\"(max-width: 750px) 100vw, 750px\" \/><\/a>\n\t\t\t<\/div>\n\t\t\t\t<figcaption class='wp-caption-text gallery-caption' id='gallery-1-414'>\n\t\t\t\tFotografia de Donald L. Wasson en https:\/\/edukavital.blogspot.com\/\n\t\t\t\t<\/figcaption><\/figure>\n\t\t<\/div>\n\t\t<\/div>\n\t\t\t\t\t\t<\/div>\n\t\t\t\t<\/div>\n\t\t\t\t\t<\/div>\n\t\t<\/div>\n\t\t\t\t\t<\/div>\n\t\t<\/section>\n\t\t\t\t<section class=\"elementor-section elementor-top-section elementor-element elementor-element-575f2d3 elementor-section-boxed elementor-section-height-default elementor-section-height-default wpr-particle-no wpr-jarallax-no wpr-parallax-no wpr-sticky-section-no\" data-id=\"575f2d3\" data-element_type=\"section\" data-e-type=\"section\">\n\t\t\t\t\t\t<div class=\"elementor-container elementor-column-gap-default\">\n\t\t\t\t\t<div class=\"elementor-column elementor-col-100 elementor-top-column elementor-element elementor-element-df83499\" data-id=\"df83499\" data-element_type=\"column\" data-e-type=\"column\">\n\t\t\t<div class=\"elementor-widget-wrap\">\n\t\t\t\t\t\t\t<\/div>\n\t\t<\/div>\n\t\t\t\t\t<\/div>\n\t\t<\/section>\n\t\t\t\t<\/div>\n\t\t","protected":false},"excerpt":{"rendered":"<p>Fotograf\u00eda de la p\u00e1gina web del British Museum Datos B\u00e1sicos Bibliograf\u00eda e Informaci\u00f3n Web Medidas Cronolog\u00eda Datos B\u00e1sicos Museo Actual: British Museum Inventario Museo: 1897,1101.13 Material: Pasta de vidrio azul Bibliograf\u00eda e Informaci\u00f3n Web Bibliograf\u00eda o Referencias:\u00a0 WALTERS, H.B. (1926) Catalogue of Engraved Gems &amp; Cameos, Greek, Etruscan &amp; Roman in the British Museum. London Informaci\u00f3n Web:\u00a0P\u00e1gina del Museo Medidas Ancho: 1,8 cm Alto: 2,7 cm Di\u00e1metro: Cronolog\u00eda Fecha: 323-31 a.C. Per\u00edodo:\u00a0 \u00c9poca de la Pieza:\u00a0Rep\u00fablica siglo II a.C. \u00c9poca de realizaci\u00f3n de la pieza que imita:\u00a0 Camafeo hecho de pasta de cristal azul,\u00a0la pieza no se conserva entera habi\u00e9ndose perdido parte de la escena que representa. Podemos observar a un jinete macedonio, atacando a un soldado de infanter\u00eda persa. Tema que encontramos en diversas representaciones art\u00edsticas sobre Alejandro, tanto en Grecia como en Roma en diversos per\u00edodos, queremos destacar una metopa que formaba parte de un conjunto funerario en Tarento. En ella al igual que en el camafeo, se observa, como un jinete a caballo va a rematar con una espada a un enemigo que se encuentra en el suelo. Fotografia de Donald L. Wasson en https:\/\/edukavital.blogspot.com\/<\/p>\n","protected":false},"author":2,"featured_media":0,"parent":0,"menu_order":0,"comment_status":"closed","ping_status":"closed","template":"","meta":{"footnotes":""},"class_list":{"0":"post-431","1":"page","2":"type-page","3":"status-publish","5":"materiales-pasta-de-vidrio","6":"museo-british-museum","7":"periodo-republica","8":"periodo-republica-siglo-ii-a-c","9":"tipologia-gliptica"},"_links":{"self":[{"href":"https:\/\/imagoalexandri.es\/index.php?rest_route=\/wp\/v2\/pages\/431","targetHints":{"allow":["GET"]}}],"collection":[{"href":"https:\/\/imagoalexandri.es\/index.php?rest_route=\/wp\/v2\/pages"}],"about":[{"href":"https:\/\/imagoalexandri.es\/index.php?rest_route=\/wp\/v2\/types\/page"}],"author":[{"embeddable":true,"href":"https:\/\/imagoalexandri.es\/index.php?rest_route=\/wp\/v2\/users\/2"}],"replies":[{"embeddable":true,"href":"https:\/\/imagoalexandri.es\/index.php?rest_route=%2Fwp%2Fv2%2Fcomments&post=431"}],"version-history":[{"count":0,"href":"https:\/\/imagoalexandri.es\/index.php?rest_route=\/wp\/v2\/pages\/431\/revisions"}],"wp:attachment":[{"href":"https:\/\/imagoalexandri.es\/index.php?rest_route=%2Fwp%2Fv2%2Fmedia&parent=431"}],"curies":[{"name":"wp","href":"https:\/\/api.w.org\/{rel}","templated":true}]}}