{"id":387,"date":"2019-11-09T17:59:47","date_gmt":"2019-11-09T16:59:47","guid":{"rendered":"https:\/\/imagoalexandri.es\/?page_id=387"},"modified":"2020-03-19T19:10:30","modified_gmt":"2020-03-19T18:10:30","slug":"alejandro-inopos","status":"publish","type":"page","link":"https:\/\/imagoalexandri.es\/?page_id=387","title":{"rendered":"Alejandro Inopos"},"content":{"rendered":"\t\t<div data-elementor-type=\"wp-page\" data-elementor-id=\"387\" class=\"elementor elementor-387\">\n\t\t\t\t\t\t<section class=\"elementor-section elementor-top-section elementor-element elementor-element-bd27223 elementor-section-boxed elementor-section-height-default elementor-section-height-default wpr-particle-no wpr-jarallax-no wpr-parallax-no wpr-sticky-section-no\" data-id=\"bd27223\" data-element_type=\"section\" data-e-type=\"section\">\n\t\t\t\t\t\t<div class=\"elementor-container elementor-column-gap-default\">\n\t\t\t\t\t<div class=\"elementor-column elementor-col-100 elementor-top-column elementor-element elementor-element-9d15394\" data-id=\"9d15394\" data-element_type=\"column\" data-e-type=\"column\">\n\t\t\t<div class=\"elementor-widget-wrap elementor-element-populated\">\n\t\t\t\t\t\t<div class=\"elementor-element elementor-element-185fd32 elementor-widget elementor-widget-image\" data-id=\"185fd32\" data-element_type=\"widget\" data-e-type=\"widget\" data-widget_type=\"image.default\">\n\t\t\t\t<div class=\"elementor-widget-container\">\n\t\t\t\t\t\t\t\t\t\t\t\t<figure class=\"wp-caption\">\n\t\t\t\t\t\t\t\t\t\t\t<a href=\"http:\/\/cartelfr.louvre.fr\/cartelfr\/visite?srv=car_not_frame&#038;idNotice=20687&#038;langue=fr\" target=\"_blank\">\n\t\t\t\t\t\t\t<img fetchpriority=\"high\" decoding=\"async\" width=\"573\" height=\"768\" src=\"https:\/\/imagoalexandri.es\/wp-content\/uploads\/2019\/11\/Alejandro_Inopos.jpg\" class=\"attachment-medium_large size-medium_large wp-image-385\" alt=\"\" srcset=\"https:\/\/imagoalexandri.es\/wp-content\/uploads\/2019\/11\/Alejandro_Inopos.jpg 573w, https:\/\/imagoalexandri.es\/wp-content\/uploads\/2019\/11\/Alejandro_Inopos-224x300.jpg 224w\" sizes=\"(max-width: 573px) 100vw, 573px\" \/>\t\t\t\t\t\t\t\t<\/a>\n\t\t\t\t\t\t\t\t\t\t\t<figcaption class=\"widget-image-caption wp-caption-text\">Fotograf\u00eda de Herv\u00e9 Lewandowski, para el Museo del Louvre.\n<\/figcaption>\n\t\t\t\t\t\t\t\t\t\t<\/figure>\n\t\t\t\t\t\t\t\t\t<\/div>\n\t\t\t\t<\/div>\n\t\t\t\t\t<\/div>\n\t\t<\/div>\n\t\t\t\t\t<\/div>\n\t\t<\/section>\n\t\t\t\t<section class=\"elementor-section elementor-top-section elementor-element elementor-element-e78b06b elementor-section-boxed elementor-section-height-default elementor-section-height-default wpr-particle-no wpr-jarallax-no wpr-parallax-no wpr-sticky-section-no\" data-id=\"e78b06b\" data-element_type=\"section\" data-e-type=\"section\">\n\t\t\t\t\t\t<div class=\"elementor-container elementor-column-gap-default\">\n\t\t\t\t\t<div class=\"elementor-column elementor-col-100 elementor-top-column elementor-element elementor-element-a10e5ad\" data-id=\"a10e5ad\" data-element_type=\"column\" data-e-type=\"column\">\n\t\t\t<div class=\"elementor-widget-wrap elementor-element-populated\">\n\t\t\t\t\t\t<div class=\"elementor-element elementor-element-5626642 elementor-tabs-view-horizontal elementor-widget elementor-widget-tabs\" data-id=\"5626642\" data-element_type=\"widget\" data-e-type=\"widget\" data-widget_type=\"tabs.default\">\n\t\t\t\t<div class=\"elementor-widget-container\">\n\t\t\t\t\t\t\t<div class=\"elementor-tabs\">\n\t\t\t<div class=\"elementor-tabs-wrapper\" role=\"tablist\" >\n\t\t\t\t\t\t\t\t\t<div id=\"elementor-tab-title-9031\" class=\"elementor-tab-title elementor-tab-desktop-title\" aria-selected=\"true\" data-tab=\"1\" role=\"tab\" tabindex=\"0\" aria-controls=\"elementor-tab-content-9031\" aria-expanded=\"false\">Datos B\u00e1sicos<\/div>\n\t\t\t\t\t\t\t\t\t<div id=\"elementor-tab-title-9032\" class=\"elementor-tab-title elementor-tab-desktop-title\" aria-selected=\"false\" data-tab=\"2\" role=\"tab\" tabindex=\"-1\" aria-controls=\"elementor-tab-content-9032\" aria-expanded=\"false\">Bibliograf\u00eda e Informaci\u00f3n Web<\/div>\n\t\t\t\t\t\t\t\t\t<div id=\"elementor-tab-title-9033\" class=\"elementor-tab-title elementor-tab-desktop-title\" aria-selected=\"false\" data-tab=\"3\" role=\"tab\" tabindex=\"-1\" aria-controls=\"elementor-tab-content-9033\" aria-expanded=\"false\">Medidas<\/div>\n\t\t\t\t\t\t\t\t\t<div id=\"elementor-tab-title-9034\" class=\"elementor-tab-title elementor-tab-desktop-title\" aria-selected=\"false\" data-tab=\"4\" role=\"tab\" tabindex=\"-1\" aria-controls=\"elementor-tab-content-9034\" aria-expanded=\"false\">Cronolog\u00eda<\/div>\n\t\t\t\t\t\t\t<\/div>\n\t\t\t<div class=\"elementor-tabs-content-wrapper\" role=\"tablist\" aria-orientation=\"vertical\">\n\t\t\t\t\t\t\t\t\t<div class=\"elementor-tab-title elementor-tab-mobile-title\" aria-selected=\"true\" data-tab=\"1\" role=\"tab\" tabindex=\"0\" aria-controls=\"elementor-tab-content-9031\" aria-expanded=\"false\">Datos B\u00e1sicos<\/div>\n\t\t\t\t\t<div id=\"elementor-tab-content-9031\" class=\"elementor-tab-content elementor-clearfix\" data-tab=\"1\" role=\"tabpanel\" aria-labelledby=\"elementor-tab-title-9031\" tabindex=\"0\" hidden=\"false\"><p>Museo Actual:\u00a0 Museo del Louvre\u00a0<\/p><p>Inventario Museo: Ma 855<\/p><p>Material: M\u00e1rmol<\/p><\/div>\n\t\t\t\t\t\t\t\t\t<div class=\"elementor-tab-title elementor-tab-mobile-title\" aria-selected=\"false\" data-tab=\"2\" role=\"tab\" tabindex=\"-1\" aria-controls=\"elementor-tab-content-9032\" aria-expanded=\"false\">Bibliograf\u00eda e Informaci\u00f3n Web<\/div>\n\t\t\t\t\t<div id=\"elementor-tab-content-9032\" class=\"elementor-tab-content elementor-clearfix\" data-tab=\"2\" role=\"tabpanel\" aria-labelledby=\"elementor-tab-title-9032\" tabindex=\"0\" hidden=\"hidden\"><p>Bibliograf\u00eda o Referencias:\u00a0\u00a0<\/p><p>MICHON, E. (1911) \u00ab<a href=\"https:\/\/www.persee.fr\/doc\/bch_0007-4217_1911_num_35_1_3176\">Etude sur les marbres de D\u00e9los\u00bb<\/a> <em>BCH<\/em> 35: 288-301.<\/p><p>BIEBER, M. (1964) <em>Alexander the Great in greek and roman art<\/em>. Chicago<\/p><p>SMITH, R.R.R. (1999) <em>Hellenistic Royal Portraits<\/em> :172. Oxford<\/p><p>Informaci\u00f3n Web:\u00a0<\/p><p><a style=\"background-color: #ffffff;\" href=\"http:\/\/cartelfr.louvre.fr\/cartelfr\/visite?srv=car_not_frame&amp;idNotice=20687&amp;langue=fr\" target=\"_blank\" rel=\"noopener\">P\u00e1gina del Museo<\/a><\/p><\/div>\n\t\t\t\t\t\t\t\t\t<div class=\"elementor-tab-title elementor-tab-mobile-title\" aria-selected=\"false\" data-tab=\"3\" role=\"tab\" tabindex=\"-1\" aria-controls=\"elementor-tab-content-9033\" aria-expanded=\"false\">Medidas<\/div>\n\t\t\t\t\t<div id=\"elementor-tab-content-9033\" class=\"elementor-tab-content elementor-clearfix\" data-tab=\"3\" role=\"tabpanel\" aria-labelledby=\"elementor-tab-title-9033\" tabindex=\"0\" hidden=\"hidden\"><p>Ancho:<\/p><p>Alto: 95 cm<\/p><p>Di\u00e1metro:<\/p><\/div>\n\t\t\t\t\t\t\t\t\t<div class=\"elementor-tab-title elementor-tab-mobile-title\" aria-selected=\"false\" data-tab=\"4\" role=\"tab\" tabindex=\"-1\" aria-controls=\"elementor-tab-content-9034\" aria-expanded=\"false\">Cronolog\u00eda<\/div>\n\t\t\t\t\t<div id=\"elementor-tab-content-9034\" class=\"elementor-tab-content elementor-clearfix\" data-tab=\"4\" role=\"tabpanel\" aria-labelledby=\"elementor-tab-title-9034\" tabindex=\"0\" hidden=\"hidden\"><p>Fecha: 100 a.C.<\/p><p>Per\u00edodo:\u00a0<\/p><p>\u00c9poca de la Pieza: Rep\u00fablica siglo I a.C.<\/p><p>\u00c9poca de realizaci\u00f3n de la pieza que imita:<\/p><\/div>\n\t\t\t\t\t\t\t<\/div>\n\t\t<\/div>\n\t\t\t\t\t\t<\/div>\n\t\t\t\t<\/div>\n\t\t\t\t<div class=\"elementor-element elementor-element-3952466 elementor-widget elementor-widget-text-editor\" data-id=\"3952466\" data-element_type=\"widget\" data-e-type=\"widget\" data-widget_type=\"text-editor.default\">\n\t\t\t\t<div class=\"elementor-widget-container\">\n\t\t\t\t\t\t\t\t\t\n<p align=\"justify\">Escultura realizada en m\u00e1rmol encontrada en Delos , se conserva parte del torso y la cabeza, la cara tiene da\u00f1os en la nariz y se encuentra\u00a0picada por las mejillas.\nCuando se descubri\u00f3 la escultura se pens\u00f3 en un primer momento que era una representaci\u00f3n del r\u00edo Inopos, o incluso Mitr\u00eddates VI del Ponto. La adjudicaci\u00f3n final sobre Alejandro se ha debido a que posee el peinado t\u00edpico del Magno incluyendo la anastole.\nPor lo que queda de la pieza, podemos pensar que era una escultura de cuerpo entero, representado el macedonio con desnudo heroico.\nRespecto a lo rasgos faciales, a pesar del estado de conservaci\u00f3n de la pieza, podemos ver rasgos t\u00edpicos de Alejandro: la barbilla redondeada, las mejillas planas, el pelo rizado y largo, y la cabeza ladeada.<\/p>\t\t\t\t\t\t\t\t<\/div>\n\t\t\t\t<\/div>\n\t\t\t\t\t<\/div>\n\t\t<\/div>\n\t\t\t\t\t<\/div>\n\t\t<\/section>\n\t\t\t\t<\/div>\n\t\t","protected":false},"excerpt":{"rendered":"<p>Fotograf\u00eda de Herv\u00e9 Lewandowski, para el Museo del Louvre. Datos B\u00e1sicos Bibliograf\u00eda e Informaci\u00f3n Web Medidas Cronolog\u00eda Datos B\u00e1sicos Museo Actual:\u00a0 Museo del Louvre\u00a0 Inventario Museo: Ma 855 Material: M\u00e1rmol Bibliograf\u00eda e Informaci\u00f3n Web Bibliograf\u00eda o Referencias:\u00a0\u00a0 MICHON, E. (1911) &#8220;Etude sur les marbres de D\u00e9los&#8221; BCH 35: 288-301. BIEBER, M. (1964) Alexander the Great in greek and roman art. Chicago SMITH, R.R.R. (1999) Hellenistic Royal Portraits :172. Oxford Informaci\u00f3n Web:\u00a0 P\u00e1gina del Museo Medidas Ancho: Alto: 95 cm Di\u00e1metro: Cronolog\u00eda Fecha: 100 a.C. Per\u00edodo:\u00a0 \u00c9poca de la Pieza: Rep\u00fablica siglo I a.C. \u00c9poca de realizaci\u00f3n de la pieza que imita: Escultura realizada en m\u00e1rmol encontrada en Delos , se conserva parte del torso y la cabeza, la cara tiene da\u00f1os en la nariz y se encuentra\u00a0picada por las mejillas. Cuando se descubri\u00f3 la escultura se pens\u00f3 en un primer momento que era una representaci\u00f3n del r\u00edo Inopos, o incluso Mitr\u00eddates VI del Ponto. La adjudicaci\u00f3n final sobre Alejandro se ha debido a que posee el peinado t\u00edpico del Magno incluyendo la anastole. Por lo que queda de la pieza, podemos pensar que era una escultura de cuerpo entero, representado el macedonio con desnudo heroico. Respecto a lo rasgos faciales, a pesar del estado de conservaci\u00f3n de la pieza, podemos ver rasgos t\u00edpicos de Alejandro: la barbilla redondeada, las mejillas planas, el pelo rizado y largo, y la cabeza ladeada.<\/p>\n","protected":false},"author":2,"featured_media":0,"parent":0,"menu_order":0,"comment_status":"closed","ping_status":"closed","template":"","meta":{"footnotes":""},"class_list":{"0":"post-387","1":"page","2":"type-page","3":"status-publish","5":"materiales-marmol","6":"museo-louvre","7":"periodo-republica","8":"periodo-republica-siglo-i-a-c","9":"tipologia-bulto-redondo","10":"tipologia-escultura-relieve"},"_links":{"self":[{"href":"https:\/\/imagoalexandri.es\/index.php?rest_route=\/wp\/v2\/pages\/387","targetHints":{"allow":["GET"]}}],"collection":[{"href":"https:\/\/imagoalexandri.es\/index.php?rest_route=\/wp\/v2\/pages"}],"about":[{"href":"https:\/\/imagoalexandri.es\/index.php?rest_route=\/wp\/v2\/types\/page"}],"author":[{"embeddable":true,"href":"https:\/\/imagoalexandri.es\/index.php?rest_route=\/wp\/v2\/users\/2"}],"replies":[{"embeddable":true,"href":"https:\/\/imagoalexandri.es\/index.php?rest_route=%2Fwp%2Fv2%2Fcomments&post=387"}],"version-history":[{"count":0,"href":"https:\/\/imagoalexandri.es\/index.php?rest_route=\/wp\/v2\/pages\/387\/revisions"}],"wp:attachment":[{"href":"https:\/\/imagoalexandri.es\/index.php?rest_route=%2Fwp%2Fv2%2Fmedia&parent=387"}],"curies":[{"name":"wp","href":"https:\/\/api.w.org\/{rel}","templated":true}]}}