{"id":292,"date":"2019-11-05T13:07:24","date_gmt":"2019-11-05T12:07:24","guid":{"rendered":"https:\/\/imagoalexandri.es\/?page_id=292"},"modified":"2020-03-19T19:00:09","modified_gmt":"2020-03-19T18:00:09","slug":"jinetes-del-lanuvio","status":"publish","type":"page","link":"https:\/\/imagoalexandri.es\/?page_id=292","title":{"rendered":"Jinetes del Lanuvio"},"content":{"rendered":"\t\t<div data-elementor-type=\"wp-page\" data-elementor-id=\"292\" class=\"elementor elementor-292\">\n\t\t\t\t\t\t<section class=\"elementor-section elementor-top-section elementor-element elementor-element-bd27223 elementor-section-boxed elementor-section-height-default elementor-section-height-default wpr-particle-no wpr-jarallax-no wpr-parallax-no wpr-sticky-section-no\" data-id=\"bd27223\" data-element_type=\"section\" data-e-type=\"section\">\n\t\t\t\t\t\t<div class=\"elementor-container elementor-column-gap-default\">\n\t\t\t\t\t<div class=\"elementor-column elementor-col-100 elementor-top-column elementor-element elementor-element-9d15394\" data-id=\"9d15394\" data-element_type=\"column\" data-e-type=\"column\">\n\t\t\t<div class=\"elementor-widget-wrap elementor-element-populated\">\n\t\t\t\t\t\t<div class=\"elementor-element elementor-element-185fd32 elementor-widget elementor-widget-image\" data-id=\"185fd32\" data-element_type=\"widget\" data-e-type=\"widget\" data-widget_type=\"image.default\">\n\t\t\t\t<div class=\"elementor-widget-container\">\n\t\t\t\t\t\t\t\t\t\t\t\t<figure class=\"wp-caption\">\n\t\t\t\t\t\t\t\t\t\t\t<a href=\"https:\/\/www.imj.org.il\/en\/collections\/222840?itemNum=222840\" target=\"_blank\">\n\t\t\t\t\t\t\t<img fetchpriority=\"high\" decoding=\"async\" width=\"750\" height=\"527\" src=\"https:\/\/imagoalexandri.es\/wp-content\/uploads\/2019\/11\/jineteslanuviobritish.jpg\" class=\"attachment-medium_large size-medium_large wp-image-326\" alt=\"\" srcset=\"https:\/\/imagoalexandri.es\/wp-content\/uploads\/2019\/11\/jineteslanuviobritish.jpg 750w, https:\/\/imagoalexandri.es\/wp-content\/uploads\/2019\/11\/jineteslanuviobritish-300x211.jpg 300w\" sizes=\"(max-width: 750px) 100vw, 750px\" \/>\t\t\t\t\t\t\t\t<\/a>\n\t\t\t\t\t\t\t\t\t\t\t<figcaption class=\"widget-image-caption wp-caption-text\">Fotograf\u00eda de la p\u00e1gina web del British Museum<\/figcaption>\n\t\t\t\t\t\t\t\t\t\t<\/figure>\n\t\t\t\t\t\t\t\t\t<\/div>\n\t\t\t\t<\/div>\n\t\t\t\t\t<\/div>\n\t\t<\/div>\n\t\t\t\t\t<\/div>\n\t\t<\/section>\n\t\t\t\t<section class=\"elementor-section elementor-top-section elementor-element elementor-element-e78b06b elementor-section-boxed elementor-section-height-default elementor-section-height-default wpr-particle-no wpr-jarallax-no wpr-parallax-no wpr-sticky-section-no\" data-id=\"e78b06b\" data-element_type=\"section\" data-e-type=\"section\">\n\t\t\t\t\t\t<div class=\"elementor-container elementor-column-gap-default\">\n\t\t\t\t\t<div class=\"elementor-column elementor-col-100 elementor-top-column elementor-element elementor-element-a10e5ad\" data-id=\"a10e5ad\" data-element_type=\"column\" data-e-type=\"column\">\n\t\t\t<div class=\"elementor-widget-wrap elementor-element-populated\">\n\t\t\t\t\t\t<div class=\"elementor-element elementor-element-5626642 elementor-tabs-view-horizontal elementor-widget elementor-widget-tabs\" data-id=\"5626642\" data-element_type=\"widget\" data-e-type=\"widget\" data-widget_type=\"tabs.default\">\n\t\t\t\t<div class=\"elementor-widget-container\">\n\t\t\t\t\t\t\t<div class=\"elementor-tabs\">\n\t\t\t<div class=\"elementor-tabs-wrapper\" role=\"tablist\" >\n\t\t\t\t\t\t\t\t\t<div id=\"elementor-tab-title-9031\" class=\"elementor-tab-title elementor-tab-desktop-title\" aria-selected=\"true\" data-tab=\"1\" role=\"tab\" tabindex=\"0\" aria-controls=\"elementor-tab-content-9031\" aria-expanded=\"false\">Datos B\u00e1sicos<\/div>\n\t\t\t\t\t\t\t\t\t<div id=\"elementor-tab-title-9032\" class=\"elementor-tab-title elementor-tab-desktop-title\" aria-selected=\"false\" data-tab=\"2\" role=\"tab\" tabindex=\"-1\" aria-controls=\"elementor-tab-content-9032\" aria-expanded=\"false\">Bibliograf\u00eda e Informaci\u00f3n Web<\/div>\n\t\t\t\t\t\t\t\t\t<div id=\"elementor-tab-title-9033\" class=\"elementor-tab-title elementor-tab-desktop-title\" aria-selected=\"false\" data-tab=\"3\" role=\"tab\" tabindex=\"-1\" aria-controls=\"elementor-tab-content-9033\" aria-expanded=\"false\">Cronolog\u00eda<\/div>\n\t\t\t\t\t\t\t<\/div>\n\t\t\t<div class=\"elementor-tabs-content-wrapper\" role=\"tablist\" aria-orientation=\"vertical\">\n\t\t\t\t\t\t\t\t\t<div class=\"elementor-tab-title elementor-tab-mobile-title\" aria-selected=\"true\" data-tab=\"1\" role=\"tab\" tabindex=\"0\" aria-controls=\"elementor-tab-content-9031\" aria-expanded=\"false\">Datos B\u00e1sicos<\/div>\n\t\t\t\t\t<div id=\"elementor-tab-content-9031\" class=\"elementor-tab-content elementor-clearfix\" data-tab=\"1\" role=\"tabpanel\" aria-labelledby=\"elementor-tab-title-9031\" tabindex=\"0\" hidden=\"false\"><p>Museo Actual: Leeds city Museum<\/p>\n<p>Inventario Museo:1886,0820.1<\/p>\n<p>Material: M\u00e1rmol<\/p><\/div>\n\t\t\t\t\t\t\t\t\t<div class=\"elementor-tab-title elementor-tab-mobile-title\" aria-selected=\"false\" data-tab=\"2\" role=\"tab\" tabindex=\"-1\" aria-controls=\"elementor-tab-content-9032\" aria-expanded=\"false\">Bibliograf\u00eda e Informaci\u00f3n Web<\/div>\n\t\t\t\t\t<div id=\"elementor-tab-content-9032\" class=\"elementor-tab-content elementor-clearfix\" data-tab=\"2\" role=\"tabpanel\" aria-labelledby=\"elementor-tab-title-9032\" tabindex=\"0\" hidden=\"hidden\"><p>Bibliograf\u00eda o Referencias:\u00a0<\/p><div><p><a href=\"https:\/\/www.persee.fr\/docAsPDF\/efr_0000-0000_1981_act_55_1_1476.pdf\" target=\"_blank\" rel=\"noopener\">COARELLI, F.(1981)\u00a0 \u00abAlessandro, i Licinni e Lanuvio, en L&#8217;Art d\u00e9coratif \u00e0 Rome \u00e0 la fin de la R\u00e9publique et aud\u00e9but du principat\u00bb\u00a0 Publications de l&#8217;\u00c9cole fran\u00e7aise de Rome, 55\u00a0: 229-284. \u00c9cole Fran\u00e7aise de Rome\u00a0<\/a><\/p><\/div><p>CALCANI, G. (1989) Cavalieri di bronze: la torma di Alessandro opera di Lisippo : 78-80. Roma\u00a0<\/p><p>RIDGWAY, B.S.(1990) Hellenistic Sculpture I. The Styles of ca 331-200 B.C. :120-121. Madison\u00a0<\/p><p>STEWART, A. (1993) Faces of Power :127.California<\/p><p>Informaci\u00f3n Web:\u00a0<a style=\"background-color: #ffffff;\" href=\"https:\/\/www.britishmuseum.org\/research\/collection_online\/collection_object_details.aspx?assetId=236335001&amp;objectId=399001&amp;partId=1\" target=\"_blank\" rel=\"noopener\">P\u00e1gina del British Musem<\/a><\/p><\/div>\n\t\t\t\t\t\t\t\t\t<div class=\"elementor-tab-title elementor-tab-mobile-title\" aria-selected=\"false\" data-tab=\"3\" role=\"tab\" tabindex=\"-1\" aria-controls=\"elementor-tab-content-9033\" aria-expanded=\"false\">Cronolog\u00eda<\/div>\n\t\t\t\t\t<div id=\"elementor-tab-content-9033\" class=\"elementor-tab-content elementor-clearfix\" data-tab=\"3\" role=\"tabpanel\" aria-labelledby=\"elementor-tab-title-9033\" tabindex=\"0\" hidden=\"hidden\"><p>Fecha: 61- 55 a.C.<\/p><p>Per\u00edodo: Fin dictadura Sila-Muerte de C\u00e9sar<\/p><p>\u00c9poca de la Pieza: Rep\u00fablica siglo I a.C.<\/p><p>\u00c9poca de realizaci\u00f3n de la pieza que imita: \u00c9poca de Alejandro<\/p><\/div>\n\t\t\t\t\t\t\t<\/div>\n\t\t<\/div>\n\t\t\t\t\t\t<\/div>\n\t\t\t\t<\/div>\n\t\t\t\t<div class=\"elementor-element elementor-element-0881f42 elementor-widget elementor-widget-text-editor\" data-id=\"0881f42\" data-element_type=\"widget\" data-e-type=\"widget\" data-widget_type=\"text-editor.default\">\n\t\t\t\t<div class=\"elementor-widget-container\">\n\t\t\t\t\t\t\t\t\t\n<p align=\"justify\">Estos restos escult\u00f3ricos ser\u00edan una copia del monumento de r\u00edo Granico realizado por Lisipo, tras la victoria de la batalla de r\u00edo Granico. La obra original que habr\u00eda estado ubicada en el santuario de Di\u00f3n cerca del monte Olimpo, fue trasladada por orden de Metelo Maced\u00f3nico a Roma, siendo su ubicaci\u00f3n en la urbe cercana al p\u00f3rtico de Octavia.\n\nConjunto de torsos, cabezas de caballos y pies con crepidas macedonias que correspond\u00edan a un mismo conjunto escult\u00f3rico. En las representaciones que corresponden a los caballos\u00a0 en la zona de la cabeza se puede observar una serie de agujeros. Estas hendiduras\u00a0 muestran que estas esculturas tendr\u00edan una serie de apliques decorativos, por su posici\u00f3n posiblemente representaran el cabezal y dem\u00e1s piezas\u00a0 del caballo. <\/p>\t\t\t\t\t\t\t\t<\/div>\n\t\t\t\t<\/div>\n\t\t\t\t<div class=\"elementor-element elementor-element-b21b4d6 elementor-widget elementor-widget-image-gallery\" data-id=\"b21b4d6\" data-element_type=\"widget\" data-e-type=\"widget\" data-widget_type=\"image-gallery.default\">\n\t\t\t\t<div class=\"elementor-widget-container\">\n\t\t\t\t\t\t\t<div class=\"elementor-image-gallery\">\n\t\t\t<div id='gallery-1' class='gallery galleryid-292 gallery-columns-6 gallery-size-thumbnail'><figure class='gallery-item'>\n\t\t\t<div class='gallery-icon portrait'>\n\t\t\t\t<a data-elementor-open-lightbox=\"yes\" data-elementor-lightbox-slideshow=\"b21b4d6\" data-elementor-lightbox-title=\"CaroleRaddato_lanuvio (7)\" data-e-action-hash=\"#elementor-action%3Aaction%3Dlightbox%26settings%3DeyJpZCI6MzM5LCJ1cmwiOiJodHRwczpcL1wvaW1hZ29hbGV4YW5kcmkuZXNcL3dwLWNvbnRlbnRcL3VwbG9hZHNcLzIwMTlcLzExXC9DYXJvbGVSYWRkYXRvX2xhbnV2aW8tNy1lMTU3MzIwMjI3ODk3MC5qcGciLCJzbGlkZXNob3ciOiJiMjFiNGQ2In0%3D\" href='https:\/\/imagoalexandri.es\/wp-content\/uploads\/2019\/11\/CaroleRaddato_lanuvio-7-e1573202278970.jpg'><img decoding=\"async\" width=\"150\" height=\"150\" src=\"https:\/\/imagoalexandri.es\/wp-content\/uploads\/2019\/11\/CaroleRaddato_lanuvio-7-e1573202278970-150x150.jpg\" class=\"attachment-thumbnail size-thumbnail\" alt=\"\" aria-describedby=\"gallery-1-339\" \/><\/a>\n\t\t\t<\/div>\n\t\t\t\t<figcaption class='wp-caption-text gallery-caption' id='gallery-1-339'>\n\t\t\t\tFotograf\u00eda de Carole Raddato\n\t\t\t\t<\/figcaption><\/figure><figure class='gallery-item'>\n\t\t\t<div class='gallery-icon portrait'>\n\t\t\t\t<a data-elementor-open-lightbox=\"yes\" data-elementor-lightbox-slideshow=\"b21b4d6\" data-elementor-lightbox-title=\"CaroleRaddato_lanuvio (3)\" data-e-action-hash=\"#elementor-action%3Aaction%3Dlightbox%26settings%3DeyJpZCI6MzM1LCJ1cmwiOiJodHRwczpcL1wvaW1hZ29hbGV4YW5kcmkuZXNcL3dwLWNvbnRlbnRcL3VwbG9hZHNcLzIwMTlcLzExXC9DYXJvbGVSYWRkYXRvX2xhbnV2aW8tMy1lMTU3MzIwMjMxMjU5OC5qcGciLCJzbGlkZXNob3ciOiJiMjFiNGQ2In0%3D\" href='https:\/\/imagoalexandri.es\/wp-content\/uploads\/2019\/11\/CaroleRaddato_lanuvio-3-e1573202312598.jpg'><img decoding=\"async\" width=\"150\" height=\"150\" src=\"https:\/\/imagoalexandri.es\/wp-content\/uploads\/2019\/11\/CaroleRaddato_lanuvio-3-e1573202312598-150x150.jpg\" class=\"attachment-thumbnail size-thumbnail\" alt=\"\" aria-describedby=\"gallery-1-335\" \/><\/a>\n\t\t\t<\/div>\n\t\t\t\t<figcaption class='wp-caption-text gallery-caption' id='gallery-1-335'>\n\t\t\t\tFotograf\u00eda de Carole Raddato\n\t\t\t\t<\/figcaption><\/figure><figure class='gallery-item'>\n\t\t\t<div class='gallery-icon landscape'>\n\t\t\t\t<a data-elementor-open-lightbox=\"yes\" data-elementor-lightbox-slideshow=\"b21b4d6\" data-elementor-lightbox-title=\"CaroleRaddato_lanuvio (1)\" data-e-action-hash=\"#elementor-action%3Aaction%3Dlightbox%26settings%3DeyJpZCI6MzMzLCJ1cmwiOiJodHRwczpcL1wvaW1hZ29hbGV4YW5kcmkuZXNcL3dwLWNvbnRlbnRcL3VwbG9hZHNcLzIwMTlcLzExXC9DYXJvbGVSYWRkYXRvX2xhbnV2aW8tMS5qcGciLCJzbGlkZXNob3ciOiJiMjFiNGQ2In0%3D\" href='https:\/\/imagoalexandri.es\/wp-content\/uploads\/2019\/11\/CaroleRaddato_lanuvio-1.jpg'><img loading=\"lazy\" decoding=\"async\" width=\"150\" height=\"150\" src=\"https:\/\/imagoalexandri.es\/wp-content\/uploads\/2019\/11\/CaroleRaddato_lanuvio-1-150x150.jpg\" class=\"attachment-thumbnail size-thumbnail\" alt=\"\" aria-describedby=\"gallery-1-333\" \/><\/a>\n\t\t\t<\/div>\n\t\t\t\t<figcaption class='wp-caption-text gallery-caption' id='gallery-1-333'>\n\t\t\t\tFotograf\u00eda de Carole Raddato\n\t\t\t\t<\/figcaption><\/figure><figure class='gallery-item'>\n\t\t\t<div class='gallery-icon portrait'>\n\t\t\t\t<a data-elementor-open-lightbox=\"yes\" data-elementor-lightbox-slideshow=\"b21b4d6\" data-elementor-lightbox-title=\"jineteslanuviobritish3\" data-e-action-hash=\"#elementor-action%3Aaction%3Dlightbox%26settings%3DeyJpZCI6MzMwLCJ1cmwiOiJodHRwczpcL1wvaW1hZ29hbGV4YW5kcmkuZXNcL3dwLWNvbnRlbnRcL3VwbG9hZHNcLzIwMTlcLzExXC9qaW5ldGVzbGFudXZpb2JyaXRpc2gzLmpwZyIsInNsaWRlc2hvdyI6ImIyMWI0ZDYifQ%3D%3D\" href='https:\/\/imagoalexandri.es\/wp-content\/uploads\/2019\/11\/jineteslanuviobritish3.jpg'><img loading=\"lazy\" decoding=\"async\" width=\"150\" height=\"150\" src=\"https:\/\/imagoalexandri.es\/wp-content\/uploads\/2019\/11\/jineteslanuviobritish3-150x150.jpg\" class=\"attachment-thumbnail size-thumbnail\" alt=\"\" aria-describedby=\"gallery-1-330\" \/><\/a>\n\t\t\t<\/div>\n\t\t\t\t<figcaption class='wp-caption-text gallery-caption' id='gallery-1-330'>\n\t\t\t\tFotograf\u00eda de la p\u00e1gina web del British Museum\n\t\t\t\t<\/figcaption><\/figure><figure class='gallery-item'>\n\t\t\t<div class='gallery-icon portrait'>\n\t\t\t\t<a data-elementor-open-lightbox=\"yes\" data-elementor-lightbox-slideshow=\"b21b4d6\" data-elementor-lightbox-title=\"jineteslanuviobritish1\" data-e-action-hash=\"#elementor-action%3Aaction%3Dlightbox%26settings%3DeyJpZCI6MzI4LCJ1cmwiOiJodHRwczpcL1wvaW1hZ29hbGV4YW5kcmkuZXNcL3dwLWNvbnRlbnRcL3VwbG9hZHNcLzIwMTlcLzExXC9qaW5ldGVzbGFudXZpb2JyaXRpc2gxLTEuanBnIiwic2xpZGVzaG93IjoiYjIxYjRkNiJ9\" href='https:\/\/imagoalexandri.es\/wp-content\/uploads\/2019\/11\/jineteslanuviobritish1-1.jpg'><img loading=\"lazy\" decoding=\"async\" width=\"150\" height=\"150\" src=\"https:\/\/imagoalexandri.es\/wp-content\/uploads\/2019\/11\/jineteslanuviobritish1-1-150x150.jpg\" class=\"attachment-thumbnail size-thumbnail\" alt=\"\" aria-describedby=\"gallery-1-328\" \/><\/a>\n\t\t\t<\/div>\n\t\t\t\t<figcaption class='wp-caption-text gallery-caption' id='gallery-1-328'>\n\t\t\t\tFotograf\u00eda de la p\u00e1gina web del British Museum\n\t\t\t\t<\/figcaption><\/figure><figure class='gallery-item'>\n\t\t\t<div class='gallery-icon portrait'>\n\t\t\t\t<a data-elementor-open-lightbox=\"yes\" data-elementor-lightbox-slideshow=\"b21b4d6\" data-elementor-lightbox-title=\"jineteslanuviobritish2\" data-e-action-hash=\"#elementor-action%3Aaction%3Dlightbox%26settings%3DeyJpZCI6MzI5LCJ1cmwiOiJodHRwczpcL1wvaW1hZ29hbGV4YW5kcmkuZXNcL3dwLWNvbnRlbnRcL3VwbG9hZHNcLzIwMTlcLzExXC9qaW5ldGVzbGFudXZpb2JyaXRpc2gyLmpwZyIsInNsaWRlc2hvdyI6ImIyMWI0ZDYifQ%3D%3D\" href='https:\/\/imagoalexandri.es\/wp-content\/uploads\/2019\/11\/jineteslanuviobritish2.jpg'><img loading=\"lazy\" decoding=\"async\" width=\"150\" height=\"150\" src=\"https:\/\/imagoalexandri.es\/wp-content\/uploads\/2019\/11\/jineteslanuviobritish2-150x150.jpg\" class=\"attachment-thumbnail size-thumbnail\" alt=\"\" aria-describedby=\"gallery-1-329\" \/><\/a>\n\t\t\t<\/div>\n\t\t\t\t<figcaption class='wp-caption-text gallery-caption' id='gallery-1-329'>\n\t\t\t\tFotograf\u00eda de la p\u00e1gina web del British Museum\n\t\t\t\t<\/figcaption><\/figure>\n\t\t<\/div>\n\t\t<\/div>\n\t\t\t\t\t\t<\/div>\n\t\t\t\t<\/div>\n\t\t\t\t<div class=\"elementor-element elementor-element-3952466 elementor-widget elementor-widget-text-editor\" data-id=\"3952466\" data-element_type=\"widget\" data-e-type=\"widget\" data-widget_type=\"text-editor.default\">\n\t\t\t\t<div class=\"elementor-widget-container\">\n\t\t\t\t\t\t\t\t\t\n<p align=\"justify\">Se han localizado nueve torsos, cada uno diferente que portan en su mayor\u00eda armaduras t\u00edpicas de la caballer\u00eda macedonia que junto a las crepidas y la presencia de caballos, han hecho plantear que estar\u00edamos ante una copia del monumento de r\u00edo Granico. La ubicaci\u00f3n de este monumento estaba en el santuario de Juno en Sospita a unos 32,12 km de Roma, imitando la ubicaci\u00f3n que hab\u00eda tenido el original en el templo de Zeus en Dion.\n\nSeg\u00fan la teor\u00eda de Coarelli (1980:257) es posible que fuera un encargo de Murena para conmemorar las victorias de L\u00faculo en Oriente. En nuestra opini\u00f3n de tener raz\u00f3n el autor estar\u00edamos ante una <em>imitatio Alexandri<\/em>, en la que se intenta vincular la figura de L\u00faculo con el Magno. Esta asociaci\u00f3n y la ubicaci\u00f3n de este monumento en el templo de Juno en Sospita, nos hablan de la importancia del rey macedonio y su asociaci\u00f3n con Asia, pero sobre todo muestran que Alejandro es la imagen a imitar por parte de los grandes generales de finales de la Rep\u00fablica.<\/p>\t\t\t\t\t\t\t\t<\/div>\n\t\t\t\t<\/div>\n\t\t\t\t\t<\/div>\n\t\t<\/div>\n\t\t\t\t\t<\/div>\n\t\t<\/section>\n\t\t\t\t<section class=\"elementor-section elementor-top-section elementor-element elementor-element-708181f elementor-section-boxed elementor-section-height-default elementor-section-height-default wpr-particle-no wpr-jarallax-no wpr-parallax-no wpr-sticky-section-no\" data-id=\"708181f\" data-element_type=\"section\" data-e-type=\"section\">\n\t\t\t\t\t\t<div class=\"elementor-container elementor-column-gap-default\">\n\t\t\t\t\t<div class=\"elementor-column elementor-col-100 elementor-top-column elementor-element elementor-element-89141fe\" data-id=\"89141fe\" data-element_type=\"column\" data-e-type=\"column\">\n\t\t\t<div class=\"elementor-widget-wrap elementor-element-populated\">\n\t\t\t\t\t\t<div class=\"elementor-element elementor-element-feeb760 elementor-widget elementor-widget-image-gallery\" data-id=\"feeb760\" data-element_type=\"widget\" data-e-type=\"widget\" data-widget_type=\"image-gallery.default\">\n\t\t\t\t<div class=\"elementor-widget-container\">\n\t\t\t\t\t\t\t<div class=\"elementor-image-gallery\">\n\t\t\t<div id='gallery-2' class='gallery galleryid-292 gallery-columns-4 gallery-size-thumbnail'><figure class='gallery-item'>\n\t\t\t<div class='gallery-icon landscape'>\n\t\t\t\t<a data-elementor-open-lightbox=\"yes\" data-elementor-lightbox-slideshow=\"feeb760\" data-elementor-lightbox-title=\"CaroleRaddato_lanuvio (9)\" data-e-action-hash=\"#elementor-action%3Aaction%3Dlightbox%26settings%3DeyJpZCI6MzQxLCJ1cmwiOiJodHRwczpcL1wvaW1hZ29hbGV4YW5kcmkuZXNcL3dwLWNvbnRlbnRcL3VwbG9hZHNcLzIwMTlcLzExXC9DYXJvbGVSYWRkYXRvX2xhbnV2aW8tOS5qcGciLCJzbGlkZXNob3ciOiJmZWViNzYwIn0%3D\" href='https:\/\/imagoalexandri.es\/wp-content\/uploads\/2019\/11\/CaroleRaddato_lanuvio-9.jpg'><img loading=\"lazy\" decoding=\"async\" width=\"150\" height=\"150\" src=\"https:\/\/imagoalexandri.es\/wp-content\/uploads\/2019\/11\/CaroleRaddato_lanuvio-9-150x150.jpg\" class=\"attachment-thumbnail size-thumbnail\" alt=\"\" aria-describedby=\"gallery-2-341\" \/><\/a>\n\t\t\t<\/div>\n\t\t\t\t<figcaption class='wp-caption-text gallery-caption' id='gallery-2-341'>\n\t\t\t\tFotograf\u00eda de Carole Raddato\n\t\t\t\t<\/figcaption><\/figure><figure class='gallery-item'>\n\t\t\t<div class='gallery-icon landscape'>\n\t\t\t\t<a data-elementor-open-lightbox=\"yes\" data-elementor-lightbox-slideshow=\"feeb760\" data-elementor-lightbox-title=\"CaroleRaddato_lanuvio (8)\" data-e-action-hash=\"#elementor-action%3Aaction%3Dlightbox%26settings%3DeyJpZCI6MzQwLCJ1cmwiOiJodHRwczpcL1wvaW1hZ29hbGV4YW5kcmkuZXNcL3dwLWNvbnRlbnRcL3VwbG9hZHNcLzIwMTlcLzExXC9DYXJvbGVSYWRkYXRvX2xhbnV2aW8tOC5qcGciLCJzbGlkZXNob3ciOiJmZWViNzYwIn0%3D\" href='https:\/\/imagoalexandri.es\/wp-content\/uploads\/2019\/11\/CaroleRaddato_lanuvio-8.jpg'><img loading=\"lazy\" decoding=\"async\" width=\"150\" height=\"150\" src=\"https:\/\/imagoalexandri.es\/wp-content\/uploads\/2019\/11\/CaroleRaddato_lanuvio-8-150x150.jpg\" class=\"attachment-thumbnail size-thumbnail\" alt=\"\" aria-describedby=\"gallery-2-340\" \/><\/a>\n\t\t\t<\/div>\n\t\t\t\t<figcaption class='wp-caption-text gallery-caption' id='gallery-2-340'>\n\t\t\t\tFotograf\u00eda de Carole Raddato\n\t\t\t\t<\/figcaption><\/figure><figure class='gallery-item'>\n\t\t\t<div class='gallery-icon landscape'>\n\t\t\t\t<a data-elementor-open-lightbox=\"yes\" data-elementor-lightbox-slideshow=\"feeb760\" data-elementor-lightbox-title=\"CaroleRaddato_lanuvio (5)\" data-e-action-hash=\"#elementor-action%3Aaction%3Dlightbox%26settings%3DeyJpZCI6MzM3LCJ1cmwiOiJodHRwczpcL1wvaW1hZ29hbGV4YW5kcmkuZXNcL3dwLWNvbnRlbnRcL3VwbG9hZHNcLzIwMTlcLzExXC9DYXJvbGVSYWRkYXRvX2xhbnV2aW8tNS5qcGciLCJzbGlkZXNob3ciOiJmZWViNzYwIn0%3D\" href='https:\/\/imagoalexandri.es\/wp-content\/uploads\/2019\/11\/CaroleRaddato_lanuvio-5.jpg'><img loading=\"lazy\" decoding=\"async\" width=\"150\" height=\"150\" src=\"https:\/\/imagoalexandri.es\/wp-content\/uploads\/2019\/11\/CaroleRaddato_lanuvio-5-150x150.jpg\" class=\"attachment-thumbnail size-thumbnail\" alt=\"\" aria-describedby=\"gallery-2-337\" \/><\/a>\n\t\t\t<\/div>\n\t\t\t\t<figcaption class='wp-caption-text gallery-caption' id='gallery-2-337'>\n\t\t\t\tFotograf\u00eda de Carole Raddato\n\t\t\t\t<\/figcaption><\/figure><figure class='gallery-item'>\n\t\t\t<div class='gallery-icon landscape'>\n\t\t\t\t<a data-elementor-open-lightbox=\"yes\" data-elementor-lightbox-slideshow=\"feeb760\" data-elementor-lightbox-title=\"CaroleRaddato_lanuvio (6)\" data-e-action-hash=\"#elementor-action%3Aaction%3Dlightbox%26settings%3DeyJpZCI6MzM4LCJ1cmwiOiJodHRwczpcL1wvaW1hZ29hbGV4YW5kcmkuZXNcL3dwLWNvbnRlbnRcL3VwbG9hZHNcLzIwMTlcLzExXC9DYXJvbGVSYWRkYXRvX2xhbnV2aW8tNi5qcGciLCJzbGlkZXNob3ciOiJmZWViNzYwIn0%3D\" href='https:\/\/imagoalexandri.es\/wp-content\/uploads\/2019\/11\/CaroleRaddato_lanuvio-6.jpg'><img loading=\"lazy\" decoding=\"async\" width=\"150\" height=\"150\" src=\"https:\/\/imagoalexandri.es\/wp-content\/uploads\/2019\/11\/CaroleRaddato_lanuvio-6-150x150.jpg\" class=\"attachment-thumbnail size-thumbnail\" alt=\"\" aria-describedby=\"gallery-2-338\" \/><\/a>\n\t\t\t<\/div>\n\t\t\t\t<figcaption class='wp-caption-text gallery-caption' id='gallery-2-338'>\n\t\t\t\tFotograf\u00eda de Carole Raddato\n\t\t\t\t<\/figcaption><\/figure>\n\t\t<\/div>\n\t\t<\/div>\n\t\t\t\t\t\t<\/div>\n\t\t\t\t<\/div>\n\t\t\t\t\t<\/div>\n\t\t<\/div>\n\t\t\t\t\t<\/div>\n\t\t<\/section>\n\t\t\t\t<\/div>\n\t\t","protected":false},"excerpt":{"rendered":"<p>Fotograf\u00eda de la p\u00e1gina web del British Museum Datos B\u00e1sicos Bibliograf\u00eda e Informaci\u00f3n Web Cronolog\u00eda Datos B\u00e1sicos Museo Actual: Leeds city Museum Inventario Museo:1886,0820.1 Material: M\u00e1rmol Bibliograf\u00eda e Informaci\u00f3n Web Bibliograf\u00eda o Referencias:\u00a0 COARELLI, F.(1981)\u00a0 &#8220;Alessandro, i Licinni e Lanuvio, en L&#8217;Art d\u00e9coratif \u00e0 Rome \u00e0 la fin de la R\u00e9publique et aud\u00e9but du principat&#8221;\u00a0 Publications de l&#8217;\u00c9cole fran\u00e7aise de Rome, 55\u00a0: 229-284. \u00c9cole Fran\u00e7aise de Rome\u00a0 CALCANI, G. (1989) Cavalieri di bronze: la torma di Alessandro opera di Lisippo : 78-80. Roma\u00a0 RIDGWAY, B.S.(1990) Hellenistic Sculpture I. The Styles of ca 331-200 B.C. :120-121. Madison\u00a0 STEWART, A. (1993) Faces of Power :127.California Informaci\u00f3n Web:\u00a0P\u00e1gina del British Musem Cronolog\u00eda Fecha: 61- 55 a.C. Per\u00edodo: Fin dictadura Sila-Muerte de C\u00e9sar \u00c9poca de la Pieza: Rep\u00fablica siglo I a.C. \u00c9poca de realizaci\u00f3n de la pieza que imita: \u00c9poca de Alejandro Estos restos escult\u00f3ricos ser\u00edan una copia del monumento de r\u00edo Granico realizado por Lisipo, tras la victoria de la batalla de r\u00edo Granico. La obra original que habr\u00eda estado ubicada en el santuario de Di\u00f3n cerca del monte Olimpo, fue trasladada por orden de Metelo Maced\u00f3nico a Roma, siendo su ubicaci\u00f3n en la urbe cercana al p\u00f3rtico de Octavia. Conjunto de torsos, cabezas de caballos y pies con crepidas macedonias que correspond\u00edan a un mismo conjunto escult\u00f3rico. En las representaciones que corresponden a los caballos\u00a0 en la zona de la cabeza se puede observar una serie de agujeros. Estas hendiduras\u00a0 muestran que estas esculturas tendr\u00edan una serie de apliques decorativos, por su posici\u00f3n posiblemente representaran el cabezal y dem\u00e1s piezas\u00a0 del caballo. Fotograf\u00eda de Carole Raddato Fotograf\u00eda de Carole Raddato Fotograf\u00eda de Carole Raddato Fotograf\u00eda de la p\u00e1gina web del British Museum Fotograf\u00eda de la p\u00e1gina web del British Museum Fotograf\u00eda de la p\u00e1gina web del British Museum Se han localizado nueve torsos, cada uno diferente que portan en su mayor\u00eda armaduras t\u00edpicas de la caballer\u00eda macedonia que junto a las crepidas y la presencia de caballos, han hecho plantear que estar\u00edamos ante una copia del monumento de r\u00edo Granico. La ubicaci\u00f3n de este monumento estaba en el santuario de Juno en Sospita a unos 32,12 km de Roma, imitando la ubicaci\u00f3n que hab\u00eda tenido el original en el templo de Zeus en Dion. Seg\u00fan la teor\u00eda de Coarelli (1980:257) es posible que fuera un encargo de Murena para conmemorar las victorias de L\u00faculo en Oriente. En nuestra opini\u00f3n de tener raz\u00f3n el autor estar\u00edamos ante una imitatio Alexandri, en la que se intenta vincular la figura de L\u00faculo con el Magno. Esta asociaci\u00f3n y la ubicaci\u00f3n de este monumento en el templo de Juno en Sospita, nos hablan de la importancia del rey macedonio y su asociaci\u00f3n con Asia, pero sobre todo muestran que Alejandro es la imagen a imitar por parte de los grandes generales de finales de la Rep\u00fablica. Fotograf\u00eda de Carole Raddato Fotograf\u00eda de Carole Raddato Fotograf\u00eda de Carole Raddato Fotograf\u00eda de Carole Raddato<\/p>\n","protected":false},"author":2,"featured_media":0,"parent":0,"menu_order":0,"comment_status":"closed","ping_status":"closed","template":"","meta":{"footnotes":""},"class_list":{"0":"post-292","1":"page","2":"type-page","3":"status-publish","5":"materiales-marmol","6":"museo-leeds-city-museum","7":"periodo-republica","8":"periodo-republica-siglo-i-a-c","9":"tipologia-bulto-redondo","10":"tipologia-escultura-relieve"},"_links":{"self":[{"href":"https:\/\/imagoalexandri.es\/index.php?rest_route=\/wp\/v2\/pages\/292","targetHints":{"allow":["GET"]}}],"collection":[{"href":"https:\/\/imagoalexandri.es\/index.php?rest_route=\/wp\/v2\/pages"}],"about":[{"href":"https:\/\/imagoalexandri.es\/index.php?rest_route=\/wp\/v2\/types\/page"}],"author":[{"embeddable":true,"href":"https:\/\/imagoalexandri.es\/index.php?rest_route=\/wp\/v2\/users\/2"}],"replies":[{"embeddable":true,"href":"https:\/\/imagoalexandri.es\/index.php?rest_route=%2Fwp%2Fv2%2Fcomments&post=292"}],"version-history":[{"count":0,"href":"https:\/\/imagoalexandri.es\/index.php?rest_route=\/wp\/v2\/pages\/292\/revisions"}],"wp:attachment":[{"href":"https:\/\/imagoalexandri.es\/index.php?rest_route=%2Fwp%2Fv2%2Fmedia&parent=292"}],"curies":[{"name":"wp","href":"https:\/\/api.w.org\/{rel}","templated":true}]}}