{"id":22,"date":"2019-08-19T22:09:01","date_gmt":"2019-08-19T20:09:01","guid":{"rendered":"http:\/\/imagoalexandri.es\/?page_id=22"},"modified":"2019-12-19T10:18:20","modified_gmt":"2019-12-19T09:18:20","slug":"congresos-seminarios-y-jornadas","status":"publish","type":"page","link":"https:\/\/imagoalexandri.es\/?page_id=22","title":{"rendered":"Congresos, Seminarios y Jornadas"},"content":{"rendered":"\n<p>25\/03\/2019 Congreso Internacional \u00abEl Videojuego B\u00e9lico\u00bb, organizado por la C\u00e1tedra de Historia Militar de la Universidad Complutense, celebrado en la Universidad Complutense con la ponencia <em>God of War y Assassin\u2019s Creed Odyssey: el espejismo Espartano 2.0<\/em>.<\/p>\n\n\n\n<p>18\/10\/2018 V Congreso Internacional de Mitocr\u00edtica, mito y creaci\u00f3n audiovisual, secci\u00f3n mitos cl\u00e1sicos, celebrado en la Universidad Aut\u00f3noma de Madrid con la ponencia: <em>El monomito relaborado en los videojuegos: El viaje de la diosa&nbsp;<\/em><\/p>\n\n\n\n<p>17\/10\/2018 V Congreso Internacional de Mitocr\u00edtica, mito y creaci\u00f3n audiovisual, secci\u00f3n mitos germ\u00e1nicos, celebrado en la Universidad de Alcal\u00e1 con la ponencia: <em>GoW IV: Una nueva epopeya entre dos mundos.<\/em><\/p>\n\n\n\n<p>8-9\/09\/2018 IV Congreso Internacional El g\u00e9nero dist\u00f3pico, lecturas e interpretaciones sociol\u00f3gicas, celebrado en CSA La Tabacalera con la ponencia: <em>Serpiente en el para\u00edso mecanismos de autolegitimaci\u00f3n del poder <\/em><\/p>\n\n\n\n<p>16-17\/05\/2018 Ciclo D\u00eda Internacional de los Museos 2018: enfoques nuevos p\u00fablicos nuevos. Celebrado en la Universidad Aut\u00f3noma de Madrid y organizado por el Gabinete Villanueva de Investigaciones Hist\u00f3ricas con la ponencia: <em>\u201cDiosas en piedra. Colecci\u00f3n de escultura cl\u00e1sica del Prado\u201d<\/em><\/p>\n\n\n\n<p>5\/10\/2017 Seminario Construcci\u00f3n de mitos, construcci\u00f3n de identidades organizado por <em>Acis y Galatea<\/em>, celebrado en la Universidad Complutense de Madrid, con la ponencia: <em>Amazonas, mito cl\u00e1sico y contempor\u00e1neo<\/em><\/p>\n\n\n\n<p>15-17\/06\/2017 III Congreso Internacional de Educaci\u00f3n Medi\u00e1tica y Competencia Digital con la ponencia: <em>Apotheon la Grecia antigua en un aula<\/em><\/p>\n\n\n\n<p>26\/05\/2017 III Congreso Internacional El g\u00e9nero dist\u00f3pico, lecturas e interpretaciones sociol\u00f3gicas, celebrado en la Universidad de Alcal\u00e1 con la ponencia: <em>Distop\u00edas carcelarias \u00bfHacia una distop\u00eda al cuadrado?<\/em><\/p>\n\n\n\n<p>17\/05\/2017 Ciclo D\u00eda Internacional de los Museos 2017: decir lo indecible en la universidad. Celebrado en la Universidad Aut\u00f3noma de Madrid y organizado por el Gabinete Villanueva de Investigaciones Hist\u00f3ricas a iniciativa del ICOM. Con la ponencia: <em>Escultura Dionisiaca en el Museo del Prado<\/em><\/p>\n\n\n\n<p>16\/05\/2017 I Jornada de Estudio del Videojuego Hist\u00f3rico celebrado en la Universidad Complutense de Madrid con la ponencia:<em>\u00bfEst\u00e9ticas posibles o imposibles? Las representaciones de Grecia en los videojuegos<\/em><\/p>\n\n\n\n<p>20-22\/7\/2016 II EINIACA Encontro Internacional de Novos Investigadores de Arqueolox\u00eda e Ciencias da Antig\u00fcidade celebrado en la Facultade de Xeograf\u00eda e Historia Universidade de Santiago de Compostela con la ponencia<em>: La iconograf\u00eda de Alejandro en las emisiones macedonias de los Severos<\/em>.<\/p>\n\n\n\n<p>25-27\/04\/2016 II Congreso Internacional El g\u00e9nero dist\u00f3pico, lecturas e interpretaciones sociol\u00f3gicas, celebrado en la Universidad de Badajoz con la ponencia: <em>El vellocino dist\u00f3pico.<\/em><\/p>\n\n\n\n<p>17\/06\/2015 P\u00edxeles aparte: reiniciando el videojuego Charla-Debate celebrado en el Media-Lab Prado con la ponencia: <em>God Of War: las consecuencias de la violencia a trav\u00e9s del h\u00e9roe griego<\/em><\/p>\n\n\n\n<p>28\/05\/2015 III jornadas Predoctorales CDL Alicante con la ponencia: <em>\u00bfEsto es Esparta?: de 300 al God of War la imagen moderna de Esparta<\/em><\/p>\n\n\n\n<p>7\/05\/2015 I Congreso Internacional Arte, Dise\u00f1o y Desarrollo de los Videojuegos en la Industria Creativa celebrado en la Escuela Universitaria de Dise\u00f1o, Inovacci\u00f3n y Tecnolog\u00eda con la ponencia: <em>Kratos como paradigma del casus belli en los videojuegos<\/em> <\/p>\n\n\n\n<p>11-13 de Marzo de 2015 III Congreso Nacional Ganimedes celebrado en la Universidad del Pa\u00eds Vasco con la ponencia: <em>La pervivencia del h\u00e9roe en los media modernos: Kratos y Aquiles.<\/em><\/p>\n\n\n\n<p>16\/12\/214 Jornada Extraordinaria de Navidad. Celebrado en la Universidad Aut\u00f3noma de Madrid y organizado por el Gabinete Villanueva de Investigaciones Hist\u00f3ricas con la ponencia<em>: H\u00e9rcules en las cer\u00e1micas griegas del Museo Arqueol\u00f3gico Nacional<\/em><\/p>\n\n\n\n<p>10-13\/09\/2014 Darmst\u00e4dter Diskussionen. 6. Interdisciplinary Postgraduate Colloquium on the Ancient World con la ponencia: <em>The use of the image of Alexander during the Mithridatic Wars<\/em><\/p>\n\n\n\n<p>14\/05\/2014 VI Jornadas de investigaci\u00f3n en Historia de Madrid: reflexiones acerca de diferentes cuestiones sociales. Celebrado en la Universidad Aut\u00f3noma de Madrid con la ponencia: Aquiles en las cer\u00e1micas griegas del Museo Arqueol\u00f3gico Nacional<\/p>\n\n\n\n<p>28-30\/08\/2013 III Congreso Internacional de Ciudades Creativas, Celebrado en La Universidade Estadual de Campinas (Brasil) con la ponencia: <em>Alejandr\u00eda de Egipto: Fundaci\u00f3n, uso pol\u00edtico y propaganda desde Alejandro a los Ptolomeos<\/em><\/p>\n\n\n\n<p>12\/11\/2012 II Jornadas Doctorales de la Universidad de Castilla-La Mancha, presentaci\u00f3n de poster de investigaci\u00f3n:La imagen de Alejandro en Roma. Desde los Escipiones a Caracalla. Celebrado en el Campus de Toledo de la Universidad de Castilla La Mancha.<\/p>\n\n\n\n<p>17-19 de abril de 2012 V Jornadas de investigaci\u00f3n en Historia de Madrid: el oto\u00f1o del Antiguo R\u00e9gimen, sociedad y cultura en la \u00e9poca moderna. Celebrado en la Universidad Aut\u00f3noma de Madrid con la ponencia: <em>Colecci\u00f3n de cer\u00e1micas: lecitos blancos atenienses en el Museo Arqueol\u00f3gico Nacional<\/em><\/p>\n\n\n\n<p>3-5 de mayo de 2011 IV Jornadas de investigaci\u00f3n en Historia de Madrid: cuestiones sociales, econ\u00f3micas y art\u00edsticas. Celebrado en la Universidad Aut\u00f3noma de Madrid con la ponencia: <em>Historia de Alejandro de Macedonia en los tapices de Felipe IV<\/em><\/p>\n\n\n\n<p>21- 23 de abril de 2009 II Charlas sobre Historia de Madrid: Econom\u00eda, sociedad y cultura Organizado por el departamento de Historia Moderna de la Universidad Aut\u00f3noma de Madrid. Con la ponencia <em>Estatuas griegas del Museo del Prado<\/em>.<\/p>\n\n\n\n<p>3-5 de Marzo de 2009. IV Jornadas de Investigaci\u00f3n del departamento de Prehistoria y Arqueolog\u00eda de la UAM. Celebrado en la Universidad Aut\u00f3noma de Madrid. Con la ponencia: <em>Alejandro y el monumento de r\u00edo Granico<\/em><\/p>\n\n\n\n<p>27-29 de noviembre de 2008. II Encuentro de J\u00f3venes Investigadores del Mundo Antiguo. Organizado por la sociedad de Estudios Cl\u00e1sicos, celebrado en la Fundaci\u00f3n Pastor de Estudios Cl\u00e1sicos. Con la ponencia <em>La imagen de Alejandro en Roma desde los Escipiones a Caracalla: La Imitatio Alexandri<\/em><\/p>\n\n\n\n<p>6 de mayo de 2008 ciclo \u00bfC\u00f3mo fue el Madrid Antiguo? Organizado por el Ayuntamiento de Madrid y celebrado Centro Integrado Francisco de Goya. Con la ponencia: <em>Las im\u00e1genes de Alejandro en el Palacio de Aranjuez<\/em><\/p>\n\n\n\n<p>6-7 de marzo de 2008. I Charlas sobre Historia de Madrid: De los or\u00edgenes al siglo XVIII. Celebrado en la Universidad Aut\u00f3noma de Madrid. Con la ponencia<em>:Las im\u00e1genes de Alejandro en el Palacio Real de La Granja<\/em>.<\/p>\n\n\n\n<p>27-28-29 de noviembre de 2007. II Jornadas de Investigaci\u00f3n en Historia Antigua en la Universidad Aut\u00f3noma de Madrid. Celebrado en la Universidad Aut\u00f3noma. Con la ponencia: <em>La imagen de Alejandro durante el reinado de Filipo<\/em>.<\/p>\n\n\n\n<p>28-29 de marzo de 2006. Seminario de Investigaci\u00f3n de Prehistoria y Arqueolog\u00eda. L\u00edneas de investigaci\u00f3n arqueol\u00f3gicas en la Universidad Aut\u00f3noma de Madrid. Celebrado en la Universidad Aut\u00f3noma de Madrid. Con la ponencia: <em>Alejandro h\u00e9roe Griego<\/em>.<\/p>\n","protected":false},"excerpt":{"rendered":"<p>25\/03\/2019 Congreso Internacional \u00abEl Videojuego B\u00e9lico\u00bb, organizado por la C\u00e1tedra de Historia Militar de la Universidad Complutense, celebrado en la Universidad Complutense con la ponencia God of War y Assassin\u2019s Creed Odyssey: el espejismo Espartano 2.0. 18\/10\/2018 V Congreso Internacional de Mitocr\u00edtica, mito y creaci\u00f3n audiovisual, secci\u00f3n mitos cl\u00e1sicos, celebrado en la Universidad Aut\u00f3noma de Madrid con la ponencia: El monomito relaborado en los videojuegos: El viaje de la diosa&nbsp; 17\/10\/2018 V Congreso Internacional de Mitocr\u00edtica, mito y creaci\u00f3n audiovisual, secci\u00f3n mitos germ\u00e1nicos, celebrado en la Universidad de Alcal\u00e1 con la ponencia: GoW IV: Una nueva epopeya entre dos mundos. 8-9\/09\/2018 IV Congreso Internacional El g\u00e9nero dist\u00f3pico, lecturas e interpretaciones sociol\u00f3gicas, celebrado en CSA La Tabacalera con la ponencia: Serpiente en el para\u00edso mecanismos de autolegitimaci\u00f3n del poder 16-17\/05\/2018 Ciclo D\u00eda Internacional de los Museos 2018: enfoques nuevos p\u00fablicos nuevos. Celebrado en la Universidad Aut\u00f3noma de Madrid y organizado por el Gabinete Villanueva de Investigaciones Hist\u00f3ricas con la ponencia: \u201cDiosas en piedra. Colecci\u00f3n de escultura cl\u00e1sica del Prado\u201d 5\/10\/2017 Seminario Construcci\u00f3n de mitos, construcci\u00f3n de identidades organizado por Acis y Galatea, celebrado en la Universidad Complutense de Madrid, con la ponencia: Amazonas, mito cl\u00e1sico y contempor\u00e1neo 15-17\/06\/2017 III Congreso Internacional de Educaci\u00f3n Medi\u00e1tica y Competencia Digital con la ponencia: Apotheon la Grecia antigua en un aula 26\/05\/2017 III Congreso Internacional El g\u00e9nero dist\u00f3pico, lecturas e interpretaciones sociol\u00f3gicas, celebrado en la Universidad de Alcal\u00e1 con la ponencia: Distop\u00edas carcelarias \u00bfHacia una distop\u00eda al cuadrado? 17\/05\/2017 Ciclo D\u00eda Internacional de los Museos 2017: decir lo indecible en la universidad. Celebrado en la Universidad Aut\u00f3noma de Madrid y organizado por el Gabinete Villanueva de Investigaciones Hist\u00f3ricas a iniciativa del ICOM. Con la ponencia: Escultura Dionisiaca en el Museo del Prado 16\/05\/2017 I Jornada de Estudio del Videojuego Hist\u00f3rico celebrado en la Universidad Complutense de Madrid con la ponencia:\u00bfEst\u00e9ticas posibles o imposibles? Las representaciones de Grecia en los videojuegos 20-22\/7\/2016 II EINIACA Encontro Internacional de Novos Investigadores de Arqueolox\u00eda e Ciencias da Antig\u00fcidade celebrado en la Facultade de Xeograf\u00eda e Historia Universidade de Santiago de Compostela con la ponencia: La iconograf\u00eda de Alejandro en las emisiones macedonias de los Severos. 25-27\/04\/2016 II Congreso Internacional El g\u00e9nero dist\u00f3pico, lecturas e interpretaciones sociol\u00f3gicas, celebrado en la Universidad de Badajoz con la ponencia: El vellocino dist\u00f3pico. 17\/06\/2015 P\u00edxeles aparte: reiniciando el videojuego Charla-Debate celebrado en el Media-Lab Prado con la ponencia: God Of War: las consecuencias de la violencia a trav\u00e9s del h\u00e9roe griego 28\/05\/2015 III jornadas Predoctorales CDL Alicante con la ponencia: \u00bfEsto es Esparta?: de 300 al God of War la imagen moderna de Esparta 7\/05\/2015 I Congreso Internacional Arte, Dise\u00f1o y Desarrollo de los Videojuegos en la Industria Creativa celebrado en la Escuela Universitaria de Dise\u00f1o, Inovacci\u00f3n y Tecnolog\u00eda con la ponencia: Kratos como paradigma del casus belli en los videojuegos 11-13 de Marzo de 2015 III Congreso Nacional Ganimedes celebrado en la Universidad del Pa\u00eds Vasco con la ponencia: La pervivencia del h\u00e9roe en los media modernos: Kratos y Aquiles. 16\/12\/214 Jornada Extraordinaria de Navidad. Celebrado en la Universidad Aut\u00f3noma de Madrid y organizado por el Gabinete Villanueva de Investigaciones Hist\u00f3ricas con la ponencia: H\u00e9rcules en las cer\u00e1micas griegas del Museo Arqueol\u00f3gico Nacional 10-13\/09\/2014 Darmst\u00e4dter Diskussionen. 6. Interdisciplinary Postgraduate Colloquium on the Ancient World con la ponencia: The use of the image of Alexander during the Mithridatic Wars 14\/05\/2014 VI Jornadas de investigaci\u00f3n en Historia de Madrid: reflexiones acerca de diferentes cuestiones sociales. Celebrado en la Universidad Aut\u00f3noma de Madrid con la ponencia: Aquiles en las cer\u00e1micas griegas del Museo Arqueol\u00f3gico Nacional 28-30\/08\/2013 III Congreso Internacional de Ciudades Creativas, Celebrado en La Universidade Estadual de Campinas (Brasil) con la ponencia: Alejandr\u00eda de Egipto: Fundaci\u00f3n, uso pol\u00edtico y propaganda desde Alejandro a los Ptolomeos 12\/11\/2012 II Jornadas Doctorales de la Universidad de Castilla-La Mancha, presentaci\u00f3n de poster de investigaci\u00f3n:La imagen de Alejandro en Roma. Desde los Escipiones a Caracalla. Celebrado en el Campus de Toledo de la Universidad de Castilla La Mancha. 17-19 de abril de 2012 V Jornadas de investigaci\u00f3n en Historia de Madrid: el oto\u00f1o del Antiguo R\u00e9gimen, sociedad y cultura en la \u00e9poca moderna. Celebrado en la Universidad Aut\u00f3noma de Madrid con la ponencia: Colecci\u00f3n de cer\u00e1micas: lecitos blancos atenienses en el Museo Arqueol\u00f3gico Nacional 3-5 de mayo de 2011 IV Jornadas de investigaci\u00f3n en Historia de Madrid: cuestiones sociales, econ\u00f3micas y art\u00edsticas. Celebrado en la Universidad Aut\u00f3noma de Madrid con la ponencia: Historia de Alejandro de Macedonia en los tapices de Felipe IV 21- 23 de abril de 2009 II Charlas sobre Historia de Madrid: Econom\u00eda, sociedad y cultura Organizado por el departamento de Historia Moderna de la Universidad Aut\u00f3noma de Madrid. Con la ponencia Estatuas griegas del Museo del Prado. 3-5 de Marzo de 2009. IV Jornadas de Investigaci\u00f3n del departamento de Prehistoria y Arqueolog\u00eda de la UAM. Celebrado en la Universidad Aut\u00f3noma de Madrid. Con la ponencia: Alejandro y el monumento de r\u00edo Granico 27-29 de noviembre de 2008. II Encuentro de J\u00f3venes Investigadores del Mundo Antiguo. Organizado por la sociedad de Estudios Cl\u00e1sicos, celebrado en la Fundaci\u00f3n Pastor de Estudios Cl\u00e1sicos. Con la ponencia La imagen de Alejandro en Roma desde los Escipiones a Caracalla: La Imitatio Alexandri 6 de mayo de 2008 ciclo \u00bfC\u00f3mo fue el Madrid Antiguo? Organizado por el Ayuntamiento de Madrid y celebrado Centro Integrado Francisco de Goya. Con la ponencia: Las im\u00e1genes de Alejandro en el Palacio de Aranjuez 6-7 de marzo de 2008. I Charlas sobre Historia de Madrid: De los or\u00edgenes al siglo XVIII. Celebrado en la Universidad Aut\u00f3noma de Madrid. Con la ponencia:Las im\u00e1genes de Alejandro en el Palacio Real de La Granja. 27-28-29 de noviembre de 2007. II Jornadas de Investigaci\u00f3n en Historia Antigua en la Universidad Aut\u00f3noma de Madrid. Celebrado en la Universidad Aut\u00f3noma. Con la ponencia: La imagen de Alejandro durante el reinado de Filipo. 28-29 de marzo de 2006. Seminario de Investigaci\u00f3n de Prehistoria y Arqueolog\u00eda. L\u00edneas de investigaci\u00f3n arqueol\u00f3gicas en la Universidad Aut\u00f3noma de Madrid. Celebrado en la Universidad Aut\u00f3noma de Madrid. Con &#8230; <a title=\"Congresos, Seminarios y Jornadas\" class=\"read-more\" href=\"https:\/\/imagoalexandri.es\/?page_id=22\" aria-label=\"M\u00e1s en Congresos, Seminarios y Jornadas\">Leer m\u00e1s<\/a><\/p>\n","protected":false},"author":1,"featured_media":0,"parent":0,"menu_order":0,"comment_status":"closed","ping_status":"closed","template":"","meta":{"footnotes":""},"class_list":["post-22","page","type-page","status-publish"],"_links":{"self":[{"href":"https:\/\/imagoalexandri.es\/index.php?rest_route=\/wp\/v2\/pages\/22","targetHints":{"allow":["GET"]}}],"collection":[{"href":"https:\/\/imagoalexandri.es\/index.php?rest_route=\/wp\/v2\/pages"}],"about":[{"href":"https:\/\/imagoalexandri.es\/index.php?rest_route=\/wp\/v2\/types\/page"}],"author":[{"embeddable":true,"href":"https:\/\/imagoalexandri.es\/index.php?rest_route=\/wp\/v2\/users\/1"}],"replies":[{"embeddable":true,"href":"https:\/\/imagoalexandri.es\/index.php?rest_route=%2Fwp%2Fv2%2Fcomments&post=22"}],"version-history":[{"count":0,"href":"https:\/\/imagoalexandri.es\/index.php?rest_route=\/wp\/v2\/pages\/22\/revisions"}],"wp:attachment":[{"href":"https:\/\/imagoalexandri.es\/index.php?rest_route=%2Fwp%2Fv2%2Fmedia&parent=22"}],"curies":[{"name":"wp","href":"https:\/\/api.w.org\/{rel}","templated":true}]}}