{"id":20,"date":"2019-08-19T21:54:20","date_gmt":"2019-08-19T19:54:20","guid":{"rendered":"http:\/\/imagoalexandri.es\/?page_id=20"},"modified":"2019-08-19T22:09:22","modified_gmt":"2019-08-19T20:09:22","slug":"articulos-de-divulgacion-en-internet","status":"publish","type":"page","link":"https:\/\/imagoalexandri.es\/?page_id=20","title":{"rendered":"Art\u00edculos de Divulgaci\u00f3n en Internet"},"content":{"rendered":"\n<p>Garc\u00eda Mart\u00edn, R y Cadi\u00f1anos Mart\u00ednez, A.B \u201cGod of war 4 o c\u00f3mo ser un dios en dos realidades distintas\u201d <a rel=\"noreferrer noopener\" aria-label=\"Start Videojuegos (abre en una nueva pesta\u00f1a)\" href=\"http:\/\/www.startvideojuegos.com\/god-of-war-4-o-como-ser-un-dios-en-dos-realidades-distintas\/\" target=\"_blank\">Start Videojuegos<\/a> .10\/10\/2018<\/p>\n\n\n\n<p>Garc\u00eda Mart\u00edn, R y Cadi\u00f1anos Mart\u00ednez, A.B. \u00abApotheon el ocaso de los dioses 2.0\u00bb <em><a rel=\"noreferrer noopener\" aria-label=\"Presura 7 (abre en una nueva pesta\u00f1a)\" href=\"http:\/\/issuu.com\/albertovenegas\/docs\/presura_n__7\" target=\"_blank\">Presura <\/a><\/em><a rel=\"noreferrer noopener\" aria-label=\"Presura 7 (abre en una nueva pesta\u00f1a)\" href=\"http:\/\/issuu.com\/albertovenegas\/docs\/presura_n__7\" target=\"_blank\">7<\/a>. 2015 <\/p>\n\n\n\n<p>Cadi\u00f1anos Martinez, A.B. \u00ab\u00bfHombres lobo en la Arcadia? El culto de Zeus Liceo. <a rel=\"noreferrer noopener\" aria-label=\"La historia viva (p\u00e1gina de historia y antropolog\u00eda) (abre en una nueva pesta\u00f1a)\" href=\"https:\/\/historiaconmayusculas.wordpress.com\/2015\/12\/01\/hombres-lobo-en-la-arcadia-el-culto-de-zeus-liceo\/\" target=\"_blank\">La historia viva (p\u00e1gina de historia y antropolog\u00eda)\u00a0<\/a>. 1\/12\/2015<\/p>\n\n\n\n<p>Cadi\u00f1anos Mart\u00ednez, A.B.\u00bb Los mitos de Aquiles a trav\u00e9s de las cer\u00e1micas griegas\u00bb. <a href=\"https:\/\/historiaconmayusculas.wordpress.com\/2015\/02\/22\/los-mitos-de-aquiles-a-traves-de-las-ceramicas-griegas\/\" target=\"_blank\" rel=\"noreferrer noopener\" aria-label=\"La historia viva (p\u00e1gina de historia y antropolog\u00eda) (abre en una nueva pesta\u00f1a)\">La historia viva (p\u00e1gina de historia y antropolog\u00eda)<\/a>. 22\/02\/2015<\/p>\n\n\n\n<p>Cadi\u00f1anos Mart\u00ednez, A.B. \u00bb El significado de la ofrenda en Atenas y el monumento de Granico en Macedonia por parte de Alejandro tras Granico.\u00bb <a href=\"https:\/\/historiaconmayusculas.wordpress.com\/2014\/11\/26\/el-significado-de-la-ofrenda-en-atenas-y-el-monumento-de-granico-en-macedonia-por-parte-de-alejandro-tras-granico\/\" target=\"_blank\" rel=\"noreferrer noopener\" aria-label=\"La historia viva (p\u00e1gina de historia y antropolog\u00eda) (abre en una nueva pesta\u00f1a)\">La historia viva (p\u00e1gina de historia y antropolog\u00eda)<\/a>. 25\/11\/2014<\/p>\n\n\n\n<p>Cadi\u00f1anos Mart\u00ednez, A.B. \u00abEl canto XVIII de la Il\u00edada: un microcosmos en el escudo de Aquiles\u00bb <a href=\"http:\/\/historiaconmayusculas.wordpress.com\/2014\/10\/26\/375\/\" target=\"_blank\" rel=\"noreferrer noopener\" aria-label=\"La historia viva (p\u00e1gina de historia y antropolog\u00eda) (abre en una nueva pesta\u00f1a)\">La historia viva (p\u00e1gina de historia y antropolog\u00eda)<\/a>. 26\/10\/2014<\/p>\n\n\n\n<p><\/p>\n","protected":false},"excerpt":{"rendered":"<p>Garc\u00eda Mart\u00edn, R y Cadi\u00f1anos Mart\u00ednez, A.B \u201cGod of war 4 o c\u00f3mo ser un dios en dos realidades distintas\u201d Start Videojuegos .10\/10\/2018 Garc\u00eda Mart\u00edn, R y Cadi\u00f1anos Mart\u00ednez, A.B. \u00abApotheon el ocaso de los dioses 2.0\u00bb Presura 7. 2015 Cadi\u00f1anos Martinez, A.B. \u00ab\u00bfHombres lobo en la Arcadia? El culto de Zeus Liceo. La historia viva (p\u00e1gina de historia y antropolog\u00eda)\u00a0. 1\/12\/2015 Cadi\u00f1anos Mart\u00ednez, A.B.\u00bb Los mitos de Aquiles a trav\u00e9s de las cer\u00e1micas griegas\u00bb. La historia viva (p\u00e1gina de historia y antropolog\u00eda). 22\/02\/2015 Cadi\u00f1anos Mart\u00ednez, A.B. \u00bb El significado de la ofrenda en Atenas y el monumento de Granico en Macedonia por parte de Alejandro tras Granico.\u00bb La historia viva (p\u00e1gina de historia y antropolog\u00eda). 25\/11\/2014 Cadi\u00f1anos Mart\u00ednez, A.B. \u00abEl canto XVIII de la Il\u00edada: un microcosmos en el escudo de Aquiles\u00bb La historia viva (p\u00e1gina de historia y antropolog\u00eda). 26\/10\/2014<\/p>\n","protected":false},"author":1,"featured_media":0,"parent":0,"menu_order":0,"comment_status":"closed","ping_status":"closed","template":"","meta":{"footnotes":""},"class_list":["post-20","page","type-page","status-publish"],"_links":{"self":[{"href":"https:\/\/imagoalexandri.es\/index.php?rest_route=\/wp\/v2\/pages\/20","targetHints":{"allow":["GET"]}}],"collection":[{"href":"https:\/\/imagoalexandri.es\/index.php?rest_route=\/wp\/v2\/pages"}],"about":[{"href":"https:\/\/imagoalexandri.es\/index.php?rest_route=\/wp\/v2\/types\/page"}],"author":[{"embeddable":true,"href":"https:\/\/imagoalexandri.es\/index.php?rest_route=\/wp\/v2\/users\/1"}],"replies":[{"embeddable":true,"href":"https:\/\/imagoalexandri.es\/index.php?rest_route=%2Fwp%2Fv2%2Fcomments&post=20"}],"version-history":[{"count":0,"href":"https:\/\/imagoalexandri.es\/index.php?rest_route=\/wp\/v2\/pages\/20\/revisions"}],"wp:attachment":[{"href":"https:\/\/imagoalexandri.es\/index.php?rest_route=%2Fwp%2Fv2%2Fmedia&parent=20"}],"curies":[{"name":"wp","href":"https:\/\/api.w.org\/{rel}","templated":true}]}}