{"id":194,"date":"2019-09-25T12:18:38","date_gmt":"2019-09-25T10:18:38","guid":{"rendered":"https:\/\/imagoalexandri.es\/?page_id=194"},"modified":"2020-03-19T18:39:37","modified_gmt":"2020-03-19T17:39:37","slug":"copia-del-grupo-escultorico-de-cratero","status":"publish","type":"page","link":"https:\/\/imagoalexandri.es\/?page_id=194","title":{"rendered":"Copia del grupo escult\u00f3rico de Cr\u00e1tero"},"content":{"rendered":"\t\t<div data-elementor-type=\"wp-page\" data-elementor-id=\"194\" class=\"elementor elementor-194\">\n\t\t\t\t\t\t<section class=\"elementor-section elementor-top-section elementor-element elementor-element-bd27223 elementor-section-boxed elementor-section-height-default elementor-section-height-default wpr-particle-no wpr-jarallax-no wpr-parallax-no wpr-sticky-section-no\" data-id=\"bd27223\" data-element_type=\"section\" data-e-type=\"section\">\n\t\t\t\t\t\t<div class=\"elementor-container elementor-column-gap-default\">\n\t\t\t\t\t<div class=\"elementor-column elementor-col-100 elementor-top-column elementor-element elementor-element-9d15394\" data-id=\"9d15394\" data-element_type=\"column\" data-e-type=\"column\">\n\t\t\t<div class=\"elementor-widget-wrap elementor-element-populated\">\n\t\t\t\t\t\t<div class=\"elementor-element elementor-element-9455336 elementor-widget elementor-widget-image\" data-id=\"9455336\" data-element_type=\"widget\" data-e-type=\"widget\" data-widget_type=\"image.default\">\n\t\t\t\t<div class=\"elementor-widget-container\">\n\t\t\t\t\t\t\t\t\t\t\t\t<figure class=\"wp-caption\">\n\t\t\t\t\t\t\t\t\t\t\t<a href=\"https:\/\/www.britishmuseum.org\/research\/collection_online\/collection_object_details\/collection_image_gallery.aspx?assetId=9239001&#038;objectId=460429&#038;partId=1\" target=\"_blank\">\n\t\t\t\t\t\t\t<img fetchpriority=\"high\" decoding=\"async\" width=\"750\" height=\"1071\" src=\"https:\/\/imagoalexandri.es\/wp-content\/uploads\/2019\/09\/britihs_hounter.jpg\" class=\"attachment-medium_large size-medium_large wp-image-196\" alt=\"\" srcset=\"https:\/\/imagoalexandri.es\/wp-content\/uploads\/2019\/09\/britihs_hounter.jpg 750w, https:\/\/imagoalexandri.es\/wp-content\/uploads\/2019\/09\/britihs_hounter-210x300.jpg 210w, https:\/\/imagoalexandri.es\/wp-content\/uploads\/2019\/09\/britihs_hounter-717x1024.jpg 717w\" sizes=\"(max-width: 750px) 100vw, 750px\" \/>\t\t\t\t\t\t\t\t<\/a>\n\t\t\t\t\t\t\t\t\t\t\t<figcaption class=\"widget-image-caption wp-caption-text\">Fotograf\u00eda de la p\u00e1gina web del British Museum<\/figcaption>\n\t\t\t\t\t\t\t\t\t\t<\/figure>\n\t\t\t\t\t\t\t\t\t<\/div>\n\t\t\t\t<\/div>\n\t\t\t\t\t<\/div>\n\t\t<\/div>\n\t\t\t\t\t<\/div>\n\t\t<\/section>\n\t\t\t\t<section class=\"elementor-section elementor-top-section elementor-element elementor-element-e78b06b elementor-section-boxed elementor-section-height-default elementor-section-height-default wpr-particle-no wpr-jarallax-no wpr-parallax-no wpr-sticky-section-no\" data-id=\"e78b06b\" data-element_type=\"section\" data-e-type=\"section\">\n\t\t\t\t\t\t<div class=\"elementor-container elementor-column-gap-default\">\n\t\t\t\t\t<div class=\"elementor-column elementor-col-100 elementor-top-column elementor-element elementor-element-a10e5ad\" data-id=\"a10e5ad\" data-element_type=\"column\" data-e-type=\"column\">\n\t\t\t<div class=\"elementor-widget-wrap elementor-element-populated\">\n\t\t\t\t\t\t<div class=\"elementor-element elementor-element-5626642 elementor-tabs-view-horizontal elementor-widget elementor-widget-tabs\" data-id=\"5626642\" data-element_type=\"widget\" data-e-type=\"widget\" data-widget_type=\"tabs.default\">\n\t\t\t\t<div class=\"elementor-widget-container\">\n\t\t\t\t\t\t\t<div class=\"elementor-tabs\">\n\t\t\t<div class=\"elementor-tabs-wrapper\" role=\"tablist\" >\n\t\t\t\t\t\t\t\t\t<div id=\"elementor-tab-title-9031\" class=\"elementor-tab-title elementor-tab-desktop-title\" aria-selected=\"true\" data-tab=\"1\" role=\"tab\" tabindex=\"0\" aria-controls=\"elementor-tab-content-9031\" aria-expanded=\"false\">Datos B\u00e1sicos<\/div>\n\t\t\t\t\t\t\t\t\t<div id=\"elementor-tab-title-9032\" class=\"elementor-tab-title elementor-tab-desktop-title\" aria-selected=\"false\" data-tab=\"2\" role=\"tab\" tabindex=\"-1\" aria-controls=\"elementor-tab-content-9032\" aria-expanded=\"false\">Bibliograf\u00eda e Informaci\u00f3n Web<\/div>\n\t\t\t\t\t\t\t\t\t<div id=\"elementor-tab-title-9033\" class=\"elementor-tab-title elementor-tab-desktop-title\" aria-selected=\"false\" data-tab=\"3\" role=\"tab\" tabindex=\"-1\" aria-controls=\"elementor-tab-content-9033\" aria-expanded=\"false\">Medidas<\/div>\n\t\t\t\t\t\t\t\t\t<div id=\"elementor-tab-title-9034\" class=\"elementor-tab-title elementor-tab-desktop-title\" aria-selected=\"false\" data-tab=\"4\" role=\"tab\" tabindex=\"-1\" aria-controls=\"elementor-tab-content-9034\" aria-expanded=\"false\">Cronolog\u00eda<\/div>\n\t\t\t\t\t\t\t<\/div>\n\t\t\t<div class=\"elementor-tabs-content-wrapper\" role=\"tablist\" aria-orientation=\"vertical\">\n\t\t\t\t\t\t\t\t\t<div class=\"elementor-tab-title elementor-tab-mobile-title\" aria-selected=\"true\" data-tab=\"1\" role=\"tab\" tabindex=\"0\" aria-controls=\"elementor-tab-content-9031\" aria-expanded=\"false\">Datos B\u00e1sicos<\/div>\n\t\t\t\t\t<div id=\"elementor-tab-content-9031\" class=\"elementor-tab-content elementor-clearfix\" data-tab=\"1\" role=\"tabpanel\" aria-labelledby=\"elementor-tab-title-9031\" tabindex=\"0\" hidden=\"false\"><p>Museo Actual:\u00a0British Museum<\/p><p>Inventario Museo:\u00a01868,0520.65 (Bronze 1453)<\/p><p>Material:\u00a0Bronce<\/p><\/div>\n\t\t\t\t\t\t\t\t\t<div class=\"elementor-tab-title elementor-tab-mobile-title\" aria-selected=\"false\" data-tab=\"2\" role=\"tab\" tabindex=\"-1\" aria-controls=\"elementor-tab-content-9032\" aria-expanded=\"false\">Bibliograf\u00eda e Informaci\u00f3n Web<\/div>\n\t\t\t\t\t<div id=\"elementor-tab-content-9032\" class=\"elementor-tab-content elementor-clearfix\" data-tab=\"2\" role=\"tabpanel\" aria-labelledby=\"elementor-tab-title-9032\" tabindex=\"0\" hidden=\"hidden\"><p>Bibliograf\u00eda o Referencias:\u00a0\u00a0<\/p><p>WALTERS, H.B. (1899) <em><a href=\"https:\/\/archive.org\/details\/catalogueofbronz00brit\/page\/n3\">Catalogue of bronzes, Greek, Roman and Etruscan, in the Department of Greek and Roman Antiquities, British Museum<\/a><\/em> :238 London<\/p><p>STEWART, A.\u00a0(1993)\u00a0<em>Faces of Power<\/em> . California<\/p><p>BURN, L.( 2004) Hellenistic Art from Alexander the Great to Augustus :49. London.\u00a0<\/p><p>Informaci\u00f3n Web: <a href=\"https:\/\/www.britishmuseum.org\/research\/collection_online\/collection_object_details.aspx?objectId=460429&amp;partId=1&amp;searchText=Alexander+the+great&amp;page=1\" target=\"_blank\" rel=\"noopener\">P\u00e1gina del Museo<\/a><\/p><\/div>\n\t\t\t\t\t\t\t\t\t<div class=\"elementor-tab-title elementor-tab-mobile-title\" aria-selected=\"false\" data-tab=\"3\" role=\"tab\" tabindex=\"-1\" aria-controls=\"elementor-tab-content-9033\" aria-expanded=\"false\">Medidas<\/div>\n\t\t\t\t\t<div id=\"elementor-tab-content-9033\" class=\"elementor-tab-content elementor-clearfix\" data-tab=\"3\" role=\"tabpanel\" aria-labelledby=\"elementor-tab-title-9033\" tabindex=\"0\" hidden=\"hidden\"><p>Alto:&nbsp;47,5 cm<br><\/p>\n<p><br><\/p><\/div>\n\t\t\t\t\t\t\t\t\t<div class=\"elementor-tab-title elementor-tab-mobile-title\" aria-selected=\"false\" data-tab=\"4\" role=\"tab\" tabindex=\"-1\" aria-controls=\"elementor-tab-content-9034\" aria-expanded=\"false\">Cronolog\u00eda<\/div>\n\t\t\t\t\t<div id=\"elementor-tab-content-9034\" class=\"elementor-tab-content elementor-clearfix\" data-tab=\"4\" role=\"tabpanel\" aria-labelledby=\"elementor-tab-title-9034\" tabindex=\"0\" hidden=\"hidden\"><p>Fecha:\u00a0250-100 a.C.<\/p><p>Per\u00edodo:\u00a0Escipiones-Graco<\/p><p>\u00c9poca de la Pieza:\u00a0Rep\u00fablica siglo II a.C.<\/p><p>\u00c9poca de realizaci\u00f3n de la pieza que imita:\u00a0\u00c9poca de Alejandro-Diadocos\u00a0<\/p><\/div>\n\t\t\t\t\t\t\t<\/div>\n\t\t<\/div>\n\t\t\t\t\t\t<\/div>\n\t\t\t\t<\/div>\n\t\t\t\t\t<\/div>\n\t\t<\/div>\n\t\t\t\t\t<\/div>\n\t\t<\/section>\n\t\t\t\t<section class=\"elementor-section elementor-top-section elementor-element elementor-element-e7cc38d elementor-section-boxed elementor-section-height-default elementor-section-height-default wpr-particle-no wpr-jarallax-no wpr-parallax-no wpr-sticky-section-no\" data-id=\"e7cc38d\" data-element_type=\"section\" data-e-type=\"section\">\n\t\t\t\t\t\t<div class=\"elementor-container elementor-column-gap-default\">\n\t\t\t\t\t<div class=\"elementor-column elementor-col-100 elementor-top-column elementor-element elementor-element-64ba4da\" data-id=\"64ba4da\" data-element_type=\"column\" data-e-type=\"column\">\n\t\t\t<div class=\"elementor-widget-wrap elementor-element-populated\">\n\t\t\t\t\t\t<div class=\"elementor-element elementor-element-47463d8 elementor-widget elementor-widget-text-editor\" data-id=\"47463d8\" data-element_type=\"widget\" data-e-type=\"widget\" data-widget_type=\"text-editor.default\">\n\t\t\t\t<div class=\"elementor-widget-container\">\n\t\t\t\t\t\t\t\t\t\n<p align=\"justify\">La presente escultura se considera que es una copia\u00a0 de un conjunto escult\u00f3rico, hoy perdido, cuya ubicaci\u00f3n era\u00a0 Delfos.\n\nLa pieza original era una obra de Lisipo y Leocares, encargada por Cr\u00e1tero. El tema elegido representa una cacer\u00eda en la cual Cr\u00e1tero habr\u00eda salvado a su rey.\u00a0 Seg\u00fan Plinio (Pl NH 34.64) ,\u00a0 en esta obra estaban representados: Alejandro, Cr\u00e1tero, los perros y el le\u00f3n.\n\nLa figura es representada con desnudo heroico, a excepci\u00f3n de la capa, recuerda a otras escenas de caza dentro de este per\u00edodo en Macedonia. Como son\u00a0 los frescos de la conocida tumba de Vergina, atribuido por algunos autores a Filipo II y los mosaicos del palacio de Vergina. La escultura tiene la pierna derecha adelantada donde apoyar\u00eda todo el peso, y la pierna izquierda atrasada, los brazos sostendr\u00edan una lanza hoy perdida en actitud de rematar una al le\u00f3n, mientras con la cabeza dirige la mirada hacia donde apunta la lanza.\n<\/p>\t\t\t\t\t\t\t\t<\/div>\n\t\t\t\t<\/div>\n\t\t\t\t<div class=\"elementor-element elementor-element-501eebb elementor-widget elementor-widget-image-gallery\" data-id=\"501eebb\" data-element_type=\"widget\" data-e-type=\"widget\" data-widget_type=\"image-gallery.default\">\n\t\t\t\t<div class=\"elementor-widget-container\">\n\t\t\t\t\t\t\t<div class=\"elementor-image-gallery\">\n\t\t\t<div id='gallery-1' class='gallery galleryid-194 gallery-columns-4 gallery-size-medium'><figure class='gallery-item'>\n\t\t\t<div class='gallery-icon portrait'>\n\t\t\t\t<a data-elementor-open-lightbox=\"yes\" data-elementor-lightbox-slideshow=\"501eebb\" data-elementor-lightbox-title=\"britihs_huntsman_detalle5\" data-elementor-lightbox-description=\"Escultura de Bronce de 47,5 cm de altura\" data-e-action-hash=\"#elementor-action%3Aaction%3Dlightbox%26settings%3DeyJpZCI6MjAwLCJ1cmwiOiJodHRwczpcL1wvaW1hZ29hbGV4YW5kcmkuZXNcL3dwLWNvbnRlbnRcL3VwbG9hZHNcLzIwMTlcLzA5XC9icml0aWhzX2hvdW50ZXI1LmpwZyIsInNsaWRlc2hvdyI6IjUwMWVlYmIifQ%3D%3D\" href='https:\/\/imagoalexandri.es\/wp-content\/uploads\/2019\/09\/britihs_hounter5.jpg'><img decoding=\"async\" width=\"225\" height=\"300\" src=\"https:\/\/imagoalexandri.es\/wp-content\/uploads\/2019\/09\/britihs_hounter5-225x300.jpg\" class=\"attachment-medium size-medium\" alt=\"\" aria-describedby=\"gallery-1-200\" srcset=\"https:\/\/imagoalexandri.es\/wp-content\/uploads\/2019\/09\/britihs_hounter5-225x300.jpg 225w, https:\/\/imagoalexandri.es\/wp-content\/uploads\/2019\/09\/britihs_hounter5.jpg 750w\" sizes=\"(max-width: 225px) 100vw, 225px\" \/><\/a>\n\t\t\t<\/div>\n\t\t\t\t<figcaption class='wp-caption-text gallery-caption' id='gallery-1-200'>\n\t\t\t\tFotograf\u00eda de la p\u00e1gina web del British Museum\n\t\t\t\t<\/figcaption><\/figure><figure class='gallery-item'>\n\t\t\t<div class='gallery-icon portrait'>\n\t\t\t\t<a data-elementor-open-lightbox=\"yes\" data-elementor-lightbox-slideshow=\"501eebb\" data-elementor-lightbox-title=\"britihs_huntsman_detalle\" data-elementor-lightbox-description=\"Escultura de Bronce de 47,5 cm de altura\" data-e-action-hash=\"#elementor-action%3Aaction%3Dlightbox%26settings%3DeyJpZCI6MTk3LCJ1cmwiOiJodHRwczpcL1wvaW1hZ29hbGV4YW5kcmkuZXNcL3dwLWNvbnRlbnRcL3VwbG9hZHNcLzIwMTlcLzA5XC9icml0aWhzX2hvdW50ZXIxLmpwZyIsInNsaWRlc2hvdyI6IjUwMWVlYmIifQ%3D%3D\" href='https:\/\/imagoalexandri.es\/wp-content\/uploads\/2019\/09\/britihs_hounter1.jpg'><img decoding=\"async\" width=\"230\" height=\"300\" src=\"https:\/\/imagoalexandri.es\/wp-content\/uploads\/2019\/09\/britihs_hounter1-230x300.jpg\" class=\"attachment-medium size-medium\" alt=\"\" aria-describedby=\"gallery-1-197\" srcset=\"https:\/\/imagoalexandri.es\/wp-content\/uploads\/2019\/09\/britihs_hounter1-230x300.jpg 230w, https:\/\/imagoalexandri.es\/wp-content\/uploads\/2019\/09\/britihs_hounter1.jpg 750w\" sizes=\"(max-width: 230px) 100vw, 230px\" \/><\/a>\n\t\t\t<\/div>\n\t\t\t\t<figcaption class='wp-caption-text gallery-caption' id='gallery-1-197'>\n\t\t\t\tFotograf\u00eda de la p\u00e1gina web del British Museum\n\t\t\t\t<\/figcaption><\/figure><figure class='gallery-item'>\n\t\t\t<div class='gallery-icon portrait'>\n\t\t\t\t<a data-elementor-open-lightbox=\"yes\" data-elementor-lightbox-slideshow=\"501eebb\" data-elementor-lightbox-title=\"britihs_hounter2\" data-elementor-lightbox-description=\"Escultura de Bronce de 47,5 cm de altura\" data-e-action-hash=\"#elementor-action%3Aaction%3Dlightbox%26settings%3DeyJpZCI6MTk4LCJ1cmwiOiJodHRwczpcL1wvaW1hZ29hbGV4YW5kcmkuZXNcL3dwLWNvbnRlbnRcL3VwbG9hZHNcLzIwMTlcLzA5XC9icml0aWhzX2hvdW50ZXIyLmpwZyIsInNsaWRlc2hvdyI6IjUwMWVlYmIifQ%3D%3D\" href='https:\/\/imagoalexandri.es\/wp-content\/uploads\/2019\/09\/britihs_hounter2.jpg'><img loading=\"lazy\" decoding=\"async\" width=\"179\" height=\"300\" src=\"https:\/\/imagoalexandri.es\/wp-content\/uploads\/2019\/09\/britihs_hounter2-179x300.jpg\" class=\"attachment-medium size-medium\" alt=\"\" aria-describedby=\"gallery-1-198\" srcset=\"https:\/\/imagoalexandri.es\/wp-content\/uploads\/2019\/09\/britihs_hounter2-179x300.jpg 179w, https:\/\/imagoalexandri.es\/wp-content\/uploads\/2019\/09\/britihs_hounter2-610x1024.jpg 610w, https:\/\/imagoalexandri.es\/wp-content\/uploads\/2019\/09\/britihs_hounter2.jpg 750w\" sizes=\"(max-width: 179px) 100vw, 179px\" \/><\/a>\n\t\t\t<\/div>\n\t\t\t\t<figcaption class='wp-caption-text gallery-caption' id='gallery-1-198'>\n\t\t\t\tFotograf\u00eda de la p\u00e1gina web del British Museum\n\t\t\t\t<\/figcaption><\/figure><figure class='gallery-item'>\n\t\t\t<div class='gallery-icon portrait'>\n\t\t\t\t<a data-elementor-open-lightbox=\"yes\" data-elementor-lightbox-slideshow=\"501eebb\" data-elementor-lightbox-title=\"britihs_huntsman_detalle3\" data-elementor-lightbox-description=\"Escultura de Bronce de 47,5 cm de altura\" data-e-action-hash=\"#elementor-action%3Aaction%3Dlightbox%26settings%3DeyJpZCI6MTk5LCJ1cmwiOiJodHRwczpcL1wvaW1hZ29hbGV4YW5kcmkuZXNcL3dwLWNvbnRlbnRcL3VwbG9hZHNcLzIwMTlcLzA5XC9icml0aWhzX2hvdW50ZXIzLmpwZyIsInNsaWRlc2hvdyI6IjUwMWVlYmIifQ%3D%3D\" href='https:\/\/imagoalexandri.es\/wp-content\/uploads\/2019\/09\/britihs_hounter3.jpg'><img loading=\"lazy\" decoding=\"async\" width=\"231\" height=\"300\" src=\"https:\/\/imagoalexandri.es\/wp-content\/uploads\/2019\/09\/britihs_hounter3-231x300.jpg\" class=\"attachment-medium size-medium\" alt=\"\" aria-describedby=\"gallery-1-199\" srcset=\"https:\/\/imagoalexandri.es\/wp-content\/uploads\/2019\/09\/britihs_hounter3-231x300.jpg 231w, https:\/\/imagoalexandri.es\/wp-content\/uploads\/2019\/09\/britihs_hounter3.jpg 750w\" sizes=\"(max-width: 231px) 100vw, 231px\" \/><\/a>\n\t\t\t<\/div>\n\t\t\t\t<figcaption class='wp-caption-text gallery-caption' id='gallery-1-199'>\n\t\t\t\tFotograf\u00eda de la p\u00e1gina web del British Museum\n\t\t\t\t<\/figcaption><\/figure>\n\t\t<\/div>\n\t\t<\/div>\n\t\t\t\t\t\t<\/div>\n\t\t\t\t<\/div>\n\t\t\t\t\t<\/div>\n\t\t<\/div>\n\t\t\t\t\t<\/div>\n\t\t<\/section>\n\t\t\t\t<section class=\"elementor-section elementor-top-section elementor-element elementor-element-575f2d3 elementor-section-boxed elementor-section-height-default elementor-section-height-default wpr-particle-no wpr-jarallax-no wpr-parallax-no wpr-sticky-section-no\" data-id=\"575f2d3\" data-element_type=\"section\" data-e-type=\"section\">\n\t\t\t\t\t\t<div class=\"elementor-container elementor-column-gap-default\">\n\t\t\t\t\t<div class=\"elementor-column elementor-col-100 elementor-top-column elementor-element elementor-element-df83499\" data-id=\"df83499\" data-element_type=\"column\" data-e-type=\"column\">\n\t\t\t<div class=\"elementor-widget-wrap elementor-element-populated\">\n\t\t\t\t\t\t<div class=\"elementor-element elementor-element-ca7c99d elementor-widget elementor-widget-text-editor\" data-id=\"ca7c99d\" data-element_type=\"widget\" data-e-type=\"widget\" data-widget_type=\"text-editor.default\">\n\t\t\t\t<div class=\"elementor-widget-container\">\n\t\t\t\t\t\t\t\t\t<p>Merece la pena detenerse un momento en los mosaicos en relaci\u00f3n con esta obra. En estos mosaicos nos encontramos representaciones de muchachos j\u00f3venes, de dos en dos flanqueando al animal al que van a dar caza .\u00a0 Destacable en este caso, es el mosaico que representa una caza de le\u00f3n, no s\u00f3lo por la representaci\u00f3n de un felino, sino que la figura de la izquierda, tiene casi id\u00e9ntica pose a la escultura del British.<\/p>\t\t\t\t\t\t\t\t<\/div>\n\t\t\t\t<\/div>\n\t\t\t\t<div class=\"elementor-element elementor-element-7d327d5 elementor-widget elementor-widget-image-gallery\" data-id=\"7d327d5\" data-element_type=\"widget\" data-e-type=\"widget\" data-widget_type=\"image-gallery.default\">\n\t\t\t\t<div class=\"elementor-widget-container\">\n\t\t\t\t\t\t\t<div class=\"elementor-image-gallery\">\n\t\t\t<div id='gallery-2' class='gallery galleryid-194 gallery-columns-1 gallery-size-full'><figure class='gallery-item'>\n\t\t\t<div class='gallery-icon landscape'>\n\t\t\t\t<a data-elementor-open-lightbox=\"yes\" data-elementor-lightbox-slideshow=\"7d327d5\" data-elementor-lightbox-title=\"Lion_hunt_mosaic_from_Pella\" data-e-action-hash=\"#elementor-action%3Aaction%3Dlightbox%26settings%3DeyJpZCI6MzU0LCJ1cmwiOiJodHRwczpcL1wvaW1hZ29hbGV4YW5kcmkuZXNcL3dwLWNvbnRlbnRcL3VwbG9hZHNcLzIwMTlcLzExXC9MaW9uX2h1bnRfbW9zYWljX2Zyb21fUGVsbGEuanBnIiwic2xpZGVzaG93IjoiN2QzMjdkNSJ9\" href='https:\/\/imagoalexandri.es\/wp-content\/uploads\/2019\/11\/Lion_hunt_mosaic_from_Pella.jpg'><img loading=\"lazy\" decoding=\"async\" width=\"850\" height=\"384\" src=\"https:\/\/imagoalexandri.es\/wp-content\/uploads\/2019\/11\/Lion_hunt_mosaic_from_Pella.jpg\" class=\"attachment-full size-full\" alt=\"\" aria-describedby=\"gallery-2-354\" srcset=\"https:\/\/imagoalexandri.es\/wp-content\/uploads\/2019\/11\/Lion_hunt_mosaic_from_Pella.jpg 850w, https:\/\/imagoalexandri.es\/wp-content\/uploads\/2019\/11\/Lion_hunt_mosaic_from_Pella-300x136.jpg 300w, https:\/\/imagoalexandri.es\/wp-content\/uploads\/2019\/11\/Lion_hunt_mosaic_from_Pella-768x347.jpg 768w\" sizes=\"(max-width: 850px) 100vw, 850px\" \/><\/a>\n\t\t\t<\/div>\n\t\t\t\t<figcaption class='wp-caption-text gallery-caption' id='gallery-2-354'>\n\t\t\t\tlicencia en  public domain \n\t\t\t\t<\/figcaption><\/figure><figure class='gallery-item'>\n\t\t\t<div class='gallery-icon landscape'>\n\t\t\t\t<a data-elementor-open-lightbox=\"yes\" data-elementor-lightbox-slideshow=\"7d327d5\" data-elementor-lightbox-title=\"Deer_hunt_mosaic_from_Pella\" data-e-action-hash=\"#elementor-action%3Aaction%3Dlightbox%26settings%3DeyJpZCI6MzYxLCJ1cmwiOiJodHRwczpcL1wvaW1hZ29hbGV4YW5kcmkuZXNcL3dwLWNvbnRlbnRcL3VwbG9hZHNcLzIwMTlcLzExXC9EZWVyX2h1bnRfbW9zYWljX2Zyb21fUGVsbGEuanBnIiwic2xpZGVzaG93IjoiN2QzMjdkNSJ9\" href='https:\/\/imagoalexandri.es\/wp-content\/uploads\/2019\/11\/Deer_hunt_mosaic_from_Pella.jpg'><img loading=\"lazy\" decoding=\"async\" width=\"462\" height=\"450\" src=\"https:\/\/imagoalexandri.es\/wp-content\/uploads\/2019\/11\/Deer_hunt_mosaic_from_Pella.jpg\" class=\"attachment-full size-full\" alt=\"\" aria-describedby=\"gallery-2-361\" srcset=\"https:\/\/imagoalexandri.es\/wp-content\/uploads\/2019\/11\/Deer_hunt_mosaic_from_Pella.jpg 462w, https:\/\/imagoalexandri.es\/wp-content\/uploads\/2019\/11\/Deer_hunt_mosaic_from_Pella-300x292.jpg 300w\" sizes=\"(max-width: 462px) 100vw, 462px\" \/><\/a>\n\t\t\t<\/div>\n\t\t\t\t<figcaption class='wp-caption-text gallery-caption' id='gallery-2-361'>\n\t\t\t\tlicencia en  public domain \n\t\t\t\t<\/figcaption><\/figure>\n\t\t<\/div>\n\t\t<\/div>\n\t\t\t\t\t\t<\/div>\n\t\t\t\t<\/div>\n\t\t\t\t\t<\/div>\n\t\t<\/div>\n\t\t\t\t\t<\/div>\n\t\t<\/section>\n\t\t\t\t<\/div>\n\t\t","protected":false},"excerpt":{"rendered":"<p>Fotograf\u00eda de la p\u00e1gina web del British Museum Datos B\u00e1sicos Bibliograf\u00eda e Informaci\u00f3n Web Medidas Cronolog\u00eda Datos B\u00e1sicos Museo Actual:\u00a0British Museum Inventario Museo:\u00a01868,0520.65 (Bronze 1453) Material:\u00a0Bronce Bibliograf\u00eda e Informaci\u00f3n Web Bibliograf\u00eda o Referencias:\u00a0\u00a0 WALTERS, H.B. (1899) Catalogue of bronzes, Greek, Roman and Etruscan, in the Department of Greek and Roman Antiquities, British Museum :238 London STEWART, A.\u00a0(1993)\u00a0Faces of Power . California BURN, L.( 2004) Hellenistic Art from Alexander the Great to Augustus :49. London.\u00a0 Informaci\u00f3n Web: P\u00e1gina del Museo Medidas Alto:&nbsp;47,5 cm Cronolog\u00eda Fecha:\u00a0250-100 a.C. Per\u00edodo:\u00a0Escipiones-Graco \u00c9poca de la Pieza:\u00a0Rep\u00fablica siglo II a.C. \u00c9poca de realizaci\u00f3n de la pieza que imita:\u00a0\u00c9poca de Alejandro-Diadocos\u00a0 La presente escultura se considera que es una copia\u00a0 de un conjunto escult\u00f3rico, hoy perdido, cuya ubicaci\u00f3n era\u00a0 Delfos. La pieza original era una obra de Lisipo y Leocares, encargada por Cr\u00e1tero. El tema elegido representa una cacer\u00eda en la cual Cr\u00e1tero habr\u00eda salvado a su rey.\u00a0 Seg\u00fan Plinio (Pl NH 34.64) ,\u00a0 en esta obra estaban representados: Alejandro, Cr\u00e1tero, los perros y el le\u00f3n. La figura es representada con desnudo heroico, a excepci\u00f3n de la capa, recuerda a otras escenas de caza dentro de este per\u00edodo en Macedonia. Como son\u00a0 los frescos de la conocida tumba de Vergina, atribuido por algunos autores a Filipo II y los mosaicos del palacio de Vergina. La escultura tiene la pierna derecha adelantada donde apoyar\u00eda todo el peso, y la pierna izquierda atrasada, los brazos sostendr\u00edan una lanza hoy perdida en actitud de rematar una al le\u00f3n, mientras con la cabeza dirige la mirada hacia donde apunta la lanza. Fotograf\u00eda de la p\u00e1gina web del British Museum Fotograf\u00eda de la p\u00e1gina web del British Museum Fotograf\u00eda de la p\u00e1gina web del British Museum Fotograf\u00eda de la p\u00e1gina web del British Museum Merece la pena detenerse un momento en los mosaicos en relaci\u00f3n con esta obra. En estos mosaicos nos encontramos representaciones de muchachos j\u00f3venes, de dos en dos flanqueando al animal al que van a dar caza .\u00a0 Destacable en este caso, es el mosaico que representa una caza de le\u00f3n, no s\u00f3lo por la representaci\u00f3n de un felino, sino que la figura de la izquierda, tiene casi id\u00e9ntica pose a la escultura del British. licencia en public domain licencia en public domain<\/p>\n","protected":false},"author":2,"featured_media":0,"parent":0,"menu_order":0,"comment_status":"closed","ping_status":"closed","template":"","meta":{"footnotes":""},"class_list":{"0":"post-194","1":"page","2":"type-page","3":"status-publish","5":"materiales-bronce","6":"museo-british-museum","7":"periodo-republica","8":"periodo-republica-siglo-ii-a-c","9":"tipologia-bulto-redondo","10":"tipologia-escultura-relieve"},"_links":{"self":[{"href":"https:\/\/imagoalexandri.es\/index.php?rest_route=\/wp\/v2\/pages\/194","targetHints":{"allow":["GET"]}}],"collection":[{"href":"https:\/\/imagoalexandri.es\/index.php?rest_route=\/wp\/v2\/pages"}],"about":[{"href":"https:\/\/imagoalexandri.es\/index.php?rest_route=\/wp\/v2\/types\/page"}],"author":[{"embeddable":true,"href":"https:\/\/imagoalexandri.es\/index.php?rest_route=\/wp\/v2\/users\/2"}],"replies":[{"embeddable":true,"href":"https:\/\/imagoalexandri.es\/index.php?rest_route=%2Fwp%2Fv2%2Fcomments&post=194"}],"version-history":[{"count":0,"href":"https:\/\/imagoalexandri.es\/index.php?rest_route=\/wp\/v2\/pages\/194\/revisions"}],"wp:attachment":[{"href":"https:\/\/imagoalexandri.es\/index.php?rest_route=%2Fwp%2Fv2%2Fmedia&parent=194"}],"curies":[{"name":"wp","href":"https:\/\/api.w.org\/{rel}","templated":true}]}}