{"id":15,"date":"2019-08-19T21:31:33","date_gmt":"2019-08-19T19:31:33","guid":{"rendered":"http:\/\/imagoalexandri.es\/?page_id=15"},"modified":"2019-08-19T22:09:55","modified_gmt":"2019-08-19T20:09:55","slug":"publicaciones","status":"publish","type":"page","link":"https:\/\/imagoalexandri.es\/?page_id=15","title":{"rendered":"Publicaciones"},"content":{"rendered":"\n<p>Garc\u00eda Mart\u00edn, R. y Cadi\u00f1anos Mart\u00ednez, A.B. \u201cApotheon: La Grecia Antigua en un aula a trav\u00e9s del videojuego\u201d <em>Actas III Congreso Internacional de Educaci\u00f3n Medi\u00e1tica y Competencia Digital<\/em> 2017: 168-180<\/p>\n\n\n\n<p>Cadi\u00f1anos Mart\u00ednez, A.B. \u00abIconograf\u00eda de Alejandro en las emisiones macedonias de los Severos\u00bb <em>Actas de II EINIACA \u00a0(Re)escribindo a Historia Achegas dos novos investigadores en arqueolox\u00eda e ciencias da antig\u00fcidade<\/em> 2017:210-2012.<\/p>\n\n\n\n<p>Garc\u00eda Mart\u00edn, R y Cadi\u00f1anos Mart\u00ednez, A.B. \u00abKratos como paradigma del Casus Belli en los videojuegos\u00bb\u00a0 Martinez de Salazar Mu\u00f1oz, I y\u00a0 Alonso Urbano, D (coord) <em>Videojuegos: Dise\u00f1o y Sociolog\u00eda<\/em>. 2015:343-354. (ISBN 978-84-942154-4-5)<\/p>\n\n\n\n<p>Cadi\u00f1anos Mart\u00ednez, A.B. y Garcia Mart\u00edn, R.\u00bb<em>God Of War<\/em>: las consecuencias de la violencia a trav\u00e9s del h\u00e9roe griego\u00bb Bit y aparte 1, 2014<\/p>\n\n\n\n<p>Cadi\u00f1anos Mart\u00ednez, A.B. \u00abAlejandr\u00eda de Egipto: Fundaci\u00f3n, uso pol\u00edtico y propaganda desde Alejandro a los Ptolomeos\u00bb <em>Actas Icono14 \u2013 III Congreso Internacional de Ciudades Creativas <\/em>2013:327-344 (ISBN 978-84-15816-05-8)<\/p>\n\n\n\n<p>Cadi\u00f1anos Mart\u00ednez, A.B. \u00abLa imagen de Alejandro en Roma: desde los Escipiones a Caracalla\u00bb <em>II Jornadas Doctorales de la Universidad de Castilla-La Mancha (Res\u00famenes de Comunicaciones)<\/em> coord. Vicerrectorado de Investigaci\u00f3n y Pol\u00edtica Cient\u00edfica, UCLM. 2013:22.: 22 <strong>(<\/strong>ISBN 978-84-695-8233-6)<\/p>\n\n\n\n<h4 class=\"wp-block-heading\" id=\"mce_9\">Cadi\u00f1anos Mart\u00ednez, A.B.\u00bbLas im\u00e1genes de Alejandro durante el reinado de Filipo\u00bb <em>Poder, cultura e imagen en el mundo antiguo <\/em> coord. Eduardo S\u00e1nchez Moreno, Gloria Mora Rodr\u00edguez. 2011 :152-159. (ISBN978-84-8344-192-3)<\/h4>\n\n\n\n<h2 class=\"wp-block-heading\">&#8211;<\/h2>\n","protected":false},"excerpt":{"rendered":"<p>Garc\u00eda Mart\u00edn, R. y Cadi\u00f1anos Mart\u00ednez, A.B. \u201cApotheon: La Grecia Antigua en un aula a trav\u00e9s del videojuego\u201d Actas III Congreso Internacional de Educaci\u00f3n Medi\u00e1tica y Competencia Digital 2017: 168-180 Cadi\u00f1anos Mart\u00ednez, A.B. \u00abIconograf\u00eda de Alejandro en las emisiones macedonias de los Severos\u00bb Actas de II EINIACA \u00a0(Re)escribindo a Historia Achegas dos novos investigadores en arqueolox\u00eda e ciencias da antig\u00fcidade 2017:210-2012. Garc\u00eda Mart\u00edn, R y Cadi\u00f1anos Mart\u00ednez, A.B. \u00abKratos como paradigma del Casus Belli en los videojuegos\u00bb\u00a0 Martinez de Salazar Mu\u00f1oz, I y\u00a0 Alonso Urbano, D (coord) Videojuegos: Dise\u00f1o y Sociolog\u00eda. 2015:343-354. (ISBN 978-84-942154-4-5) Cadi\u00f1anos Mart\u00ednez, A.B. y Garcia Mart\u00edn, R.\u00bbGod Of War: las consecuencias de la violencia a trav\u00e9s del h\u00e9roe griego\u00bb Bit y aparte 1, 2014 Cadi\u00f1anos Mart\u00ednez, A.B. \u00abAlejandr\u00eda de Egipto: Fundaci\u00f3n, uso pol\u00edtico y propaganda desde Alejandro a los Ptolomeos\u00bb Actas Icono14 \u2013 III Congreso Internacional de Ciudades Creativas 2013:327-344 (ISBN 978-84-15816-05-8) Cadi\u00f1anos Mart\u00ednez, A.B. \u00abLa imagen de Alejandro en Roma: desde los Escipiones a Caracalla\u00bb II Jornadas Doctorales de la Universidad de Castilla-La Mancha (Res\u00famenes de Comunicaciones) coord. Vicerrectorado de Investigaci\u00f3n y Pol\u00edtica Cient\u00edfica, UCLM. 2013:22.: 22 (ISBN 978-84-695-8233-6) Cadi\u00f1anos Mart\u00ednez, A.B.\u00bbLas im\u00e1genes de Alejandro durante el reinado de Filipo\u00bb Poder, cultura e imagen en el mundo antiguo coord. Eduardo S\u00e1nchez Moreno, Gloria Mora Rodr\u00edguez. 2011 :152-159. (ISBN978-84-8344-192-3) &#8211;<\/p>\n","protected":false},"author":1,"featured_media":0,"parent":0,"menu_order":0,"comment_status":"closed","ping_status":"closed","template":"","meta":{"footnotes":""},"class_list":["post-15","page","type-page","status-publish"],"_links":{"self":[{"href":"https:\/\/imagoalexandri.es\/index.php?rest_route=\/wp\/v2\/pages\/15","targetHints":{"allow":["GET"]}}],"collection":[{"href":"https:\/\/imagoalexandri.es\/index.php?rest_route=\/wp\/v2\/pages"}],"about":[{"href":"https:\/\/imagoalexandri.es\/index.php?rest_route=\/wp\/v2\/types\/page"}],"author":[{"embeddable":true,"href":"https:\/\/imagoalexandri.es\/index.php?rest_route=\/wp\/v2\/users\/1"}],"replies":[{"embeddable":true,"href":"https:\/\/imagoalexandri.es\/index.php?rest_route=%2Fwp%2Fv2%2Fcomments&post=15"}],"version-history":[{"count":0,"href":"https:\/\/imagoalexandri.es\/index.php?rest_route=\/wp\/v2\/pages\/15\/revisions"}],"wp:attachment":[{"href":"https:\/\/imagoalexandri.es\/index.php?rest_route=%2Fwp%2Fv2%2Fmedia&parent=15"}],"curies":[{"name":"wp","href":"https:\/\/api.w.org\/{rel}","templated":true}]}}