{"id":1073,"date":"2020-04-02T18:22:08","date_gmt":"2020-04-02T16:22:08","guid":{"rendered":"https:\/\/imagoalexandri.es\/?page_id=1073"},"modified":"2020-11-05T17:03:19","modified_gmt":"2020-11-05T16:03:19","slug":"iconografia-rasgos-fisonomicos","status":"publish","type":"page","link":"https:\/\/imagoalexandri.es\/?page_id=1073","title":{"rendered":"Iconograf\u00eda: Rasgos Fison\u00f3micos"},"content":{"rendered":"\t\t<div data-elementor-type=\"wp-page\" data-elementor-id=\"1073\" class=\"elementor elementor-1073\">\n\t\t\t\t\t\t<section class=\"elementor-section elementor-top-section elementor-element elementor-element-41addb7 elementor-section-boxed elementor-section-height-default elementor-section-height-default wpr-particle-no wpr-jarallax-no wpr-parallax-no wpr-sticky-section-no\" data-id=\"41addb7\" data-element_type=\"section\" data-e-type=\"section\">\n\t\t\t\t\t\t<div class=\"elementor-container elementor-column-gap-default\">\n\t\t\t\t\t<div class=\"elementor-column elementor-col-100 elementor-top-column elementor-element elementor-element-6533733\" data-id=\"6533733\" data-element_type=\"column\" data-e-type=\"column\">\n\t\t\t<div class=\"elementor-widget-wrap elementor-element-populated\">\n\t\t\t\t\t\t<div class=\"elementor-element elementor-element-78df4cb elementor-widget elementor-widget-text-editor\" data-id=\"78df4cb\" data-element_type=\"widget\" data-e-type=\"widget\" data-widget_type=\"text-editor.default\">\n\t\t\t\t<div class=\"elementor-widget-container\">\n\t\t\t\t\t\t\t\t\t<p align=\"justify\"><span style=\"display: inline !important;\">Las primeras representaciones de Alejandro Magno parten de artistas elegidos por su padre Filipo y con los fines que a \u00e9l le interesaban. Tras la muerte de este \u00faltimo en el 336 a.C., Alejandro como rey de los macedonios tiene el control absoluto sobre su retrat\u00edstica. En las Fuentes Antiguas se nos informa que los artistas elegidos son Lisipo para la escultura, Apeles para la pintura y Pirg\u00f3teles para las gemas, lo que demuestra que el joven rey ten\u00eda muy claro la importancia de su imagen para crear una imagen oficial que le permite ser reconocido. Y lo hace con alguno de los artistas m\u00e1s excepcionales de la \u00e9poca en sus respectivas disciplinas.\u00a0<\/span>Los rasgos m\u00e1s reconocibles de este tipo de obras son:<\/p><ol><li>Cabeza ladeada normalmente hacia la izquierda.<\/li><li>Barbilla redondeada.<\/li><li>Mejillas planas.<\/li><li>Cabello rizado y normalmente con media melena.<\/li><li>Anastole, especie de flequillo caracter\u00edstico del peinado de Alejandro, donde normalmente dos rizos enmarcan la frente del macedonio. De haber s\u00f3lo uno, estar\u00eda regularmente ubicado en el centro de la frente.<\/li><li>Nariz aguile\u00f1a.<\/li><li>Ojos que dirigen su mirada hacia arriba.<\/li><li>Labios entre abiertos y redondeados.<\/li><li>Frente combada.<\/li><\/ol>\t\t\t\t\t\t\t\t<\/div>\n\t\t\t\t<\/div>\n\t\t\t\t<div class=\"elementor-element elementor-element-0f68e02 elementor-widget elementor-widget-image\" data-id=\"0f68e02\" data-element_type=\"widget\" data-e-type=\"widget\" data-widget_type=\"image.default\">\n\t\t\t\t<div class=\"elementor-widget-container\">\n\t\t\t\t\t\t\t\t\t\t\t\t<figure class=\"wp-caption\">\n\t\t\t\t\t\t\t\t\t\t<img fetchpriority=\"high\" decoding=\"async\" width=\"768\" height=\"576\" src=\"https:\/\/imagoalexandri.es\/wp-content\/uploads\/2020\/11\/Infografiarasgosbcadinanos-1-768x576.jpg\" class=\"attachment-medium_large size-medium_large wp-image-1164\" alt=\"\" srcset=\"https:\/\/imagoalexandri.es\/wp-content\/uploads\/2020\/11\/Infografiarasgosbcadinanos-1-768x576.jpg 768w, https:\/\/imagoalexandri.es\/wp-content\/uploads\/2020\/11\/Infografiarasgosbcadinanos-1-300x225.jpg 300w, https:\/\/imagoalexandri.es\/wp-content\/uploads\/2020\/11\/Infografiarasgosbcadinanos-1.jpg 1024w\" sizes=\"(max-width: 768px) 100vw, 768px\" \/>\t\t\t\t\t\t\t\t\t\t\t<figcaption class=\"widget-image-caption wp-caption-text\">Rasgos Fison\u00f3micos de Alejandro. <\/figcaption>\n\t\t\t\t\t\t\t\t\t\t<\/figure>\n\t\t\t\t\t\t\t\t\t<\/div>\n\t\t\t\t<\/div>\n\t\t\t\t\t<\/div>\n\t\t<\/div>\n\t\t\t\t\t<\/div>\n\t\t<\/section>\n\t\t\t\t<section class=\"elementor-section elementor-top-section elementor-element elementor-element-4b15bd6 elementor-section-boxed elementor-section-height-default elementor-section-height-default wpr-particle-no wpr-jarallax-no wpr-parallax-no wpr-sticky-section-no\" data-id=\"4b15bd6\" data-element_type=\"section\" data-e-type=\"section\">\n\t\t\t\t\t\t<div class=\"elementor-container elementor-column-gap-default\">\n\t\t\t\t\t<div class=\"elementor-column elementor-col-100 elementor-top-column elementor-element elementor-element-974ae87\" data-id=\"974ae87\" data-element_type=\"column\" data-e-type=\"column\">\n\t\t\t<div class=\"elementor-widget-wrap elementor-element-populated\">\n\t\t\t\t\t\t<div class=\"elementor-element elementor-element-3e3fffc elementor-widget elementor-widget-text-editor\" data-id=\"3e3fffc\" data-element_type=\"widget\" data-e-type=\"widget\" data-widget_type=\"text-editor.default\">\n\t\t\t\t<div class=\"elementor-widget-container\">\n\t\t\t\t\t\t\t\t\t<p style=\"margin: 0cm 0cm 0.0001pt; color: #222222; text-align: justify; font-size: 12pt; font-family: Calibri, sans-serif;\"><span style=\"font-family: Arial, sans-serif; color: #7a7a7a;\">En este sentido queremos subrayar que, seg\u00fan Bente Kiilerich (1993), los rasgos fison\u00f3micos t\u00edpicos de los retratos, haciendo especial \u00e9nfasis en su juventud y su cabello leonino, de Alejandro fueron ideados por Arist\u00f3teles y Lisipo y que el ladeamiento de la cabeza serv\u00eda para mostrar un temperamento en\u00e9rgico y din\u00e1mico (Kiilerich 2017).<\/span>\u00a0<span style=\"font-family: Arial, sans-serif; color: #7a7a7a;\">Por el contrario, en las representaciones mandadas a realizar por Filipo se atisban modificaciones con respecto a los retratos m\u00e1s reconocibles. Un ejemplo lo encontramos en el\u00a0<i>Alejandro de Erbach<\/i>\u00a0(fotograf\u00edas 2 y 3) y el\u00a0<i>Alejandro de la Acr\u00f3polis<\/i>\u00a0(fotograf\u00eda 4).\u00a0 Mientras que la obra de la Acr\u00f3polis ha perdido la nariz, en la de Erbach podemos observar una nariz totalmente recta al contrario de las representaciones de \u00e9poca del Magno que es aguile\u00f1a. Posiblemente la idea que estuviera detr\u00e1s de esta imagen, Filipo quiere mostrar a su hijo como si fuera un efebo griego.<\/span><\/p><p style=\"margin: 0cm 0cm 0.0001pt; color: #222222; text-align: justify; font-size: 12pt; font-family: Calibri, sans-serif;\">\u00a0<\/p><p style=\"margin: 0cm 0cm 0.0001pt; color: #222222; text-align: justify; font-size: 12pt; font-family: Calibri, sans-serif;\"><span style=\"font-family: Arial, sans-serif; color: #7a7a7a;\">Por \u00faltimo, si bien las representaciones de Alejandro se caracterizan por tener los rasgos que lo hacen reconocible antes descritos, es cierto que en ciertas obras existe un debate en cuanto a su adjudicaci\u00f3n. Ello es debido o bien al deterioro de las piezas, a que en per\u00edodos posteriores se copian los rasgos de Alejandro para otras representaciones y por su puesto que los rasgos juveniles e idealizados del rey de macedonia propician tambi\u00e9n que se le adjudiquen obras que son discutibles. En las fichas del cat\u00e1logo si en la obra hay dudas respecto a que sea Alejandro, lo comentaremos y citaremos el debate que exista.<\/span><\/p>\t\t\t\t\t\t\t\t<\/div>\n\t\t\t\t<\/div>\n\t\t\t\t\t<\/div>\n\t\t<\/div>\n\t\t\t\t\t<\/div>\n\t\t<\/section>\n\t\t\t\t<section class=\"elementor-section elementor-top-section elementor-element elementor-element-ecf5acd elementor-section-boxed elementor-section-height-default elementor-section-height-default wpr-particle-no wpr-jarallax-no wpr-parallax-no wpr-sticky-section-no\" data-id=\"ecf5acd\" data-element_type=\"section\" data-e-type=\"section\">\n\t\t\t\t\t\t<div class=\"elementor-container elementor-column-gap-default\">\n\t\t\t\t\t<div class=\"elementor-column elementor-col-100 elementor-top-column elementor-element elementor-element-80c9dba\" data-id=\"80c9dba\" data-element_type=\"column\" data-e-type=\"column\">\n\t\t\t<div class=\"elementor-widget-wrap elementor-element-populated\">\n\t\t\t\t\t\t<div class=\"elementor-element elementor-element-0b43c5c elementor-widget elementor-widget-image-gallery\" data-id=\"0b43c5c\" data-element_type=\"widget\" data-e-type=\"widget\" data-widget_type=\"image-gallery.default\">\n\t\t\t\t<div class=\"elementor-widget-container\">\n\t\t\t\t\t\t\t<div class=\"elementor-image-gallery\">\n\t\t\t<div id='gallery-1' class='gallery galleryid-1073 gallery-columns-3 gallery-size-medium'><figure class='gallery-item'>\n\t\t\t<div class='gallery-icon portrait'>\n\t\t\t\t<a data-elementor-open-lightbox=\"yes\" data-elementor-lightbox-slideshow=\"0b43c5c\" data-elementor-lightbox-title=\"Alejandro de Erbach\" data-e-action-hash=\"#elementor-action%3Aaction%3Dlightbox%26settings%3DeyJpZCI6NTE3LCJ1cmwiOiJodHRwczpcL1wvaW1hZ29hbGV4YW5kcmkuZXNcL3dwLWNvbnRlbnRcL3VwbG9hZHNcLzIwMTlcLzExXC9FcmJhY2hfcHJveWVjdG8tYXJhY2huZTQuanBnIiwic2xpZGVzaG93IjoiMGI0M2M1YyJ9\" href='https:\/\/imagoalexandri.es\/wp-content\/uploads\/2019\/11\/Erbach_proyecto-arachne4.jpg'><img decoding=\"async\" width=\"278\" height=\"300\" src=\"https:\/\/imagoalexandri.es\/wp-content\/uploads\/2019\/11\/Erbach_proyecto-arachne4-278x300.jpg\" class=\"attachment-medium size-medium\" alt=\"\" aria-describedby=\"gallery-1-517\" srcset=\"https:\/\/imagoalexandri.es\/wp-content\/uploads\/2019\/11\/Erbach_proyecto-arachne4-278x300.jpg 278w, https:\/\/imagoalexandri.es\/wp-content\/uploads\/2019\/11\/Erbach_proyecto-arachne4.jpg 741w\" sizes=\"(max-width: 278px) 100vw, 278px\" \/><\/a>\n\t\t\t<\/div>\n\t\t\t\t<figcaption class='wp-caption-text gallery-caption' id='gallery-1-517'>\n\t\t\t\tFotografia de iDAI.images\/Arachne\n\t\t\t\t<\/figcaption><\/figure><figure class='gallery-item'>\n\t\t\t<div class='gallery-icon portrait'>\n\t\t\t\t<a data-elementor-open-lightbox=\"yes\" data-elementor-lightbox-slideshow=\"0b43c5c\" data-elementor-lightbox-title=\"Alejandro de Erbach lateral\" data-e-action-hash=\"#elementor-action%3Aaction%3Dlightbox%26settings%3DeyJpZCI6NTE2LCJ1cmwiOiJodHRwczpcL1wvaW1hZ29hbGV4YW5kcmkuZXNcL3dwLWNvbnRlbnRcL3VwbG9hZHNcLzIwMTlcLzExXC9FcmJhY2hfcHJveWVjdG8tYXJhY2huZTMuanBnIiwic2xpZGVzaG93IjoiMGI0M2M1YyJ9\" href='https:\/\/imagoalexandri.es\/wp-content\/uploads\/2019\/11\/Erbach_proyecto-arachne3.jpg'><img decoding=\"async\" width=\"249\" height=\"300\" src=\"https:\/\/imagoalexandri.es\/wp-content\/uploads\/2019\/11\/Erbach_proyecto-arachne3-249x300.jpg\" class=\"attachment-medium size-medium\" alt=\"\" aria-describedby=\"gallery-1-516\" srcset=\"https:\/\/imagoalexandri.es\/wp-content\/uploads\/2019\/11\/Erbach_proyecto-arachne3-249x300.jpg 249w, https:\/\/imagoalexandri.es\/wp-content\/uploads\/2019\/11\/Erbach_proyecto-arachne3.jpg 415w\" sizes=\"(max-width: 249px) 100vw, 249px\" \/><\/a>\n\t\t\t<\/div>\n\t\t\t\t<figcaption class='wp-caption-text gallery-caption' id='gallery-1-516'>\n\t\t\t\tFotografia de iDAI.images\/Arachne\n\t\t\t\t<\/figcaption><\/figure><figure class='gallery-item'>\n\t\t\t<div class='gallery-icon portrait'>\n\t\t\t\t<a data-elementor-open-lightbox=\"yes\" data-elementor-lightbox-slideshow=\"0b43c5c\" data-elementor-lightbox-title=\"Alejandro de la Acr\u00f3polis\" data-e-action-hash=\"#elementor-action%3Aaction%3Dlightbox%26settings%3DeyJpZCI6MzUxLCJ1cmwiOiJodHRwczpcL1wvaW1hZ29hbGV4YW5kcmkuZXNcL3dwLWNvbnRlbnRcL3VwbG9hZHNcLzIwMTlcLzExXC9jYXJvbGVyYWRhdG8uanBnIiwic2xpZGVzaG93IjoiMGI0M2M1YyJ9\" href='https:\/\/imagoalexandri.es\/wp-content\/uploads\/2019\/11\/caroleradato.jpg'><img loading=\"lazy\" decoding=\"async\" width=\"194\" height=\"300\" src=\"https:\/\/imagoalexandri.es\/wp-content\/uploads\/2019\/11\/caroleradato-194x300.jpg\" class=\"attachment-medium size-medium\" alt=\"\" aria-describedby=\"gallery-1-351\" srcset=\"https:\/\/imagoalexandri.es\/wp-content\/uploads\/2019\/11\/caroleradato-194x300.jpg 194w, https:\/\/imagoalexandri.es\/wp-content\/uploads\/2019\/11\/caroleradato-768x1185.jpg 768w, https:\/\/imagoalexandri.es\/wp-content\/uploads\/2019\/11\/caroleradato-664x1024.jpg 664w, https:\/\/imagoalexandri.es\/wp-content\/uploads\/2019\/11\/caroleradato.jpg 1024w\" sizes=\"(max-width: 194px) 100vw, 194px\" \/><\/a>\n\t\t\t<\/div>\n\t\t\t\t<figcaption class='wp-caption-text gallery-caption' id='gallery-1-351'>\n\t\t\t\tFotograf\u00eda de Carole Raddato\n\t\t\t\t<\/figcaption><\/figure>\n\t\t<\/div>\n\t\t<\/div>\n\t\t\t\t\t\t<\/div>\n\t\t\t\t<\/div>\n\t\t\t\t\t<\/div>\n\t\t<\/div>\n\t\t\t\t\t<\/div>\n\t\t<\/section>\n\t\t\t\t<section class=\"elementor-section elementor-top-section elementor-element elementor-element-f5e1737 elementor-section-boxed elementor-section-height-default elementor-section-height-default wpr-particle-no wpr-jarallax-no wpr-parallax-no wpr-sticky-section-no\" data-id=\"f5e1737\" data-element_type=\"section\" data-e-type=\"section\">\n\t\t\t\t\t\t<div class=\"elementor-container elementor-column-gap-default\">\n\t\t\t\t\t<div class=\"elementor-column elementor-col-100 elementor-top-column elementor-element elementor-element-778ff09\" data-id=\"778ff09\" data-element_type=\"column\" data-e-type=\"column\">\n\t\t\t<div class=\"elementor-widget-wrap elementor-element-populated\">\n\t\t\t\t\t\t<div class=\"elementor-element elementor-element-d7aa5aa elementor-widget elementor-widget-text-editor\" data-id=\"d7aa5aa\" data-element_type=\"widget\" data-e-type=\"widget\" data-widget_type=\"text-editor.default\">\n\t\t\t\t<div class=\"elementor-widget-container\">\n\t\t\t\t\t\t\t\t\t<h2><span style=\"text-decoration: underline;\">Bibliograf\u00eda Citada<\/span><\/h2><p><span style=\"text-align: justify; display: inline !important;\">\u00a0<\/span><\/p><p><span style=\"text-align: justify; display: inline !important;\">KIILERICH,B. (1993)<\/span><a style=\"background-color: #ffffff; text-align: justify;\" href=\"https:\/\/www.academia.edu\/3046026\/The_public_Image_of_Alexander_the_Great\" target=\"_blank\" rel=\"noopener\">\u00a0\u201cThe public image of Alexander the Great\u201d<\/a><span style=\"text-align: justify; display: inline !important;\">\u00a0<\/span><em style=\"text-align: justify;\">ARID<\/em><span style=\"text-align: justify; display: inline !important;\">\u00a020: 85-92.<\/span><\/p><p><span style=\"text-align: justify; display: inline !important;\">KIILERICH,B.\u00a0(2017)\u00a0<\/span><a style=\"background-color: #ffffff; text-align: justify;\" href=\"https:\/\/www.academia.edu\/35928594\/The_Head_Posture_of_Alexander_the_Great\" target=\"_blank\" rel=\"noopener\">\u201cThe Head Posture of Alexander the Great\u201d<\/a><span style=\"text-align: justify; display: inline !important;\">\u00a0AAAH 29: 1-22<\/span><\/p>\t\t\t\t\t\t\t\t<\/div>\n\t\t\t\t<\/div>\n\t\t\t\t\t<\/div>\n\t\t<\/div>\n\t\t\t\t\t<\/div>\n\t\t<\/section>\n\t\t\t\t<\/div>\n\t\t","protected":false},"excerpt":{"rendered":"<p>Las primeras representaciones de Alejandro Magno parten de artistas elegidos por su padre Filipo y con los fines que a \u00e9l le interesaban. Tras la muerte de este \u00faltimo en el 336 a.C., Alejandro como rey de los macedonios tiene el control absoluto sobre su retrat\u00edstica. En las Fuentes Antiguas se nos informa que los artistas elegidos son Lisipo para la escultura, Apeles para la pintura y Pirg\u00f3teles para las gemas, lo que demuestra que el joven rey ten\u00eda muy claro la importancia de su imagen para crear una imagen oficial que le permite ser reconocido. Y lo hace con alguno de los artistas m\u00e1s excepcionales de la \u00e9poca en sus respectivas disciplinas.\u00a0Los rasgos m\u00e1s reconocibles de este tipo de obras son: Cabeza ladeada normalmente hacia la izquierda. Barbilla redondeada. Mejillas planas. Cabello rizado y normalmente con media melena. Anastole, especie de flequillo caracter\u00edstico del peinado de Alejandro, donde normalmente dos rizos enmarcan la frente del macedonio. De haber s\u00f3lo uno, estar\u00eda regularmente ubicado en el centro de la frente. Nariz aguile\u00f1a. Ojos que dirigen su mirada hacia arriba. Labios entre abiertos y redondeados. Frente combada. Rasgos Fison\u00f3micos de Alejandro. En este sentido queremos subrayar que, seg\u00fan Bente Kiilerich (1993), los rasgos fison\u00f3micos t\u00edpicos de los retratos, haciendo especial \u00e9nfasis en su juventud y su cabello leonino, de Alejandro fueron ideados por Arist\u00f3teles y Lisipo y que el ladeamiento de la cabeza serv\u00eda para mostrar un temperamento en\u00e9rgico y din\u00e1mico (Kiilerich 2017).\u00a0Por el contrario, en las representaciones mandadas a realizar por Filipo se atisban modificaciones con respecto a los retratos m\u00e1s reconocibles. Un ejemplo lo encontramos en el\u00a0Alejandro de Erbach\u00a0(fotograf\u00edas 2 y 3) y el\u00a0Alejandro de la Acr\u00f3polis\u00a0(fotograf\u00eda 4).\u00a0 Mientras que la obra de la Acr\u00f3polis ha perdido la nariz, en la de Erbach podemos observar una nariz totalmente recta al contrario de las representaciones de \u00e9poca del Magno que es aguile\u00f1a. Posiblemente la idea que estuviera detr\u00e1s de esta imagen, Filipo quiere mostrar a su hijo como si fuera un efebo griego. \u00a0 Por \u00faltimo, si bien las representaciones de Alejandro se caracterizan por tener los rasgos que lo hacen reconocible antes descritos, es cierto que en ciertas obras existe un debate en cuanto a su adjudicaci\u00f3n. Ello es debido o bien al deterioro de las piezas, a que en per\u00edodos posteriores se copian los rasgos de Alejandro para otras representaciones y por su puesto que los rasgos juveniles e idealizados del rey de macedonia propician tambi\u00e9n que se le adjudiquen obras que son discutibles. En las fichas del cat\u00e1logo si en la obra hay dudas respecto a que sea Alejandro, lo comentaremos y citaremos el debate que exista. Fotografia de iDAI.images\/Arachne Fotografia de iDAI.images\/Arachne Fotograf\u00eda de Carole Raddato Bibliograf\u00eda Citada \u00a0 KIILERICH,B. (1993)\u00a0\u201cThe public image of Alexander the Great\u201d\u00a0ARID\u00a020: 85-92. KIILERICH,B.\u00a0(2017)\u00a0\u201cThe Head Posture of Alexander the Great\u201d\u00a0AAAH 29: 1-22<\/p>\n","protected":false},"author":2,"featured_media":0,"parent":0,"menu_order":0,"comment_status":"closed","ping_status":"closed","template":"","meta":{"footnotes":""},"class_list":["post-1073","page","type-page","status-publish"],"_links":{"self":[{"href":"https:\/\/imagoalexandri.es\/index.php?rest_route=\/wp\/v2\/pages\/1073","targetHints":{"allow":["GET"]}}],"collection":[{"href":"https:\/\/imagoalexandri.es\/index.php?rest_route=\/wp\/v2\/pages"}],"about":[{"href":"https:\/\/imagoalexandri.es\/index.php?rest_route=\/wp\/v2\/types\/page"}],"author":[{"embeddable":true,"href":"https:\/\/imagoalexandri.es\/index.php?rest_route=\/wp\/v2\/users\/2"}],"replies":[{"embeddable":true,"href":"https:\/\/imagoalexandri.es\/index.php?rest_route=%2Fwp%2Fv2%2Fcomments&post=1073"}],"version-history":[{"count":0,"href":"https:\/\/imagoalexandri.es\/index.php?rest_route=\/wp\/v2\/pages\/1073\/revisions"}],"wp:attachment":[{"href":"https:\/\/imagoalexandri.es\/index.php?rest_route=%2Fwp%2Fv2%2Fmedia&parent=1073"}],"curies":[{"name":"wp","href":"https:\/\/api.w.org\/{rel}","templated":true}]}}